{"id":197134,"date":"2025-08-01T11:00:49","date_gmt":"2025-08-01T10:00:49","guid":{"rendered":"https:\/\/www.tendenzeshabbychic.it\/prodotto\/mathilde-m-astree-parfum-tissu-75-ml-les-intemporelles\/"},"modified":"2025-08-01T11:00:49","modified_gmt":"2025-08-01T10:00:49","slug":"mathilde-m-astree-parfum-tissu-75-ml-les-intemporelles","status":"publish","type":"product","link":"https:\/\/www.tendenzeshabbychic.it\/fr\/produit\/mathilde-m-astree-parfum-tissu-75-ml-les-intemporelles\/","title":{"rendered":"Mathilde M. Astr\u00e9e Parfum Tissu 75 ml &#8211; Les Intemporelles"},"content":{"rendered":"<p>Le parfum tissu Astr\u00e9e de Mathilde M, de la collection Les Intemporelles, est une essence raffin\u00e9e destin\u00e9e \u00e0 apporter une note de fra\u00eecheur et de f\u00e9minit\u00e9 au linge et \u00e0 la maison. Le flacon de 75 ml, en verre transparent finement travaill\u00e9, pr\u00e9sente d&rsquo;\u00e9l\u00e9gantes rainures verticales et un bouchon rond molet\u00e9 qui en renforce l&rsquo;esth\u00e9tique. <\/p>\n<p>Astr\u00e9e est une fragrance lumineuse et florale qui allie la douceur de la fleur d&rsquo;oranger \u00e0 la puret\u00e9 du n\u00e9roli, pour un effet caressant et rassurant. Sa formule \u00e0 faible teneur en alcool permet de parfumer d\u00e9licatement les tissus (rideaux, coussins, plaids et draps) sans risquer de les tacher. <\/p>\n<p>Parfait \u00e0 garder \u00e0 port\u00e9e de main pour rafra\u00eechir chaque coin de la maison avec style.<\/p>\n<p><strong>Points forts :<\/strong><\/p>\n<ul>\n<li>Parfum floral sophistiqu\u00e9 : fleur d&rsquo;oranger et n\u00e9roli<\/li>\n<li>Ne tache pas les tissus, id\u00e9al pour les v\u00eatements d\u00e9licats<\/li>\n<li>Bouteille en verre d\u00e9corative, r\u00e9utilisable comme petit vase<\/li>\n<li>Capuchon molet\u00e9 esth\u00e9tique, \u00e9galement parfait comme \u00e9l\u00e9ment d\u00e9coratif<\/li>\n<li>Collection Les Intemporelles : une garantie d&rsquo;\u00e9l\u00e9gance intemporelle<\/li>\n<\/ul>\n","protected":false},"excerpt":{"rendered":"<p>Un \u00e9l\u00e9gant parfum pour textiles de la collection Les Intemporelles, contenu dans un flacon en verre transparent au design cannel\u00e9 et au bouchon molet\u00e9 d\u00e9coratif. Le parfum &lsquo;Astr\u00e9e&rsquo; est une d\u00e9licate combinaison de fleur d&rsquo;oranger et de n\u00e9roli, id\u00e9ale pour embellir draps, coussins et Rideaux d&rsquo;une fragrance raffin\u00e9e et discr\u00e8te. <\/p>\n<p>\ud83d\udccf \u00f8 5 x H 13 cm<\/p>\n<div class=\"row row-solid\"  id=\"row-755989266\">\n\n\n\t<div id=\"col-780695098\" class=\"col small-12 large-12\"  >\n\t\t\t\t<div class=\"col-inner\"  >\n\t\t\t\n\t\t\t\n\n\n\t<a class=\"plain\" href=\"https:\/\/www.tendenzeshabbychic.it\/fr\/Etiquette-produit\/antoniette-fr\/\" >\t<div class=\"icon-box featured-box icon-box-center text-center\"  >\n\t\t\t\t<div class=\"icon-box-text last-reset\">\n\t\t\t<h5 class=\"uppercase\">Astr\u00e9e<\/h5>\t\t\t\t\t\t\n\n<p style=\"text-align: center;\">Radieuse, romantique et f\u00e9minine... Des notes fra\u00eeches et p\u00e9tillantes d'agrumes r\u00e9v\u00e8lent un bouquet lumineux et ensoleill\u00e9 de fleur d'oranger et de jasmin, rehauss\u00e9 par un accord oriental chaud d'ambre et de patchouli. <\/p>\n\n\n\t\t<\/div>\n\t<\/div>\n\t<\/a>\n\t\n\n\t\t<\/div>\n\t\t\t\t\t<\/div>\n\n\t\n\n\t<div id=\"col-342516195\" class=\"col small-12 large-12\"  >\n\t\t\t\t<div class=\"col-inner\"  >\n\t\t\t\n\t\t\t\n\n\n\t\t<div class=\"icon-box featured-box icon-box-left text-left\"  >\n\t\t\t\t\t<div class=\"icon-box-img\" style=\"width: 60px\">\n\t\t\t\t<div class=\"icon\">\n\t\t\t\t\t<div class=\"icon-inner\" style=\"color:rgb(231, 226, 227);\">\n\t\t\t\t\t\t<?xml version=\"1.0\" encoding=\"utf-8\"?><!-- Uploaded to: SVG Repo, www.svgrepo.com, Generator: SVG Repo Mixer Tools -->\r\n<svg fill=\"#000000\" width=\"800px\" height=\"800px\" viewBox=\"0 0 32 32\" xmlns=\"http:\/\/www.w3.org\/2000\/svg\">\r\n    <circle cx=\"16\" cy=\"16\" r=\"16\"\/>\r\n<\/svg>\t\t\t\t\t<\/div>\n\t\t\t\t<\/div>\n\t\t\t<\/div>\n\t\t\t\t<div class=\"icon-box-text last-reset\">\n\t\t\t\t\t\t\t\t\t\n\n\t<div id=\"text-1148850315\" class=\"text\">\n\t\t\n\n<h3>Notes de t\u00eate<\/h3>\n<p>Mandarine et n\u00e9roli  <\/p>\n\n\t\t\n<style>\n#text-1148850315 {\n  line-height: 1;\n}\n<\/style>\n\t<\/div>\n\t\n\n\t\t<\/div>\n\t<\/div>\n\t\n\t\n\n\t\t<div class=\"icon-box featured-box icon-box-left text-left\"  >\n\t\t\t\t\t<div class=\"icon-box-img\" style=\"width: 60px\">\n\t\t\t\t<div class=\"icon\">\n\t\t\t\t\t<div class=\"icon-inner\" style=\"color:rgb(231, 226, 227);\">\n\t\t\t\t\t\t<?xml version=\"1.0\" encoding=\"utf-8\"?><!-- Uploaded to: SVG Repo, www.svgrepo.com, Generator: SVG Repo Mixer Tools -->\r\n<svg width=\"800px\" height=\"800px\" viewBox=\"0 0 24 24\" fill=\"none\" xmlns=\"http:\/\/www.w3.org\/2000\/svg\">\r\n<path d=\"M2 9.1371C2 14 6.01943 16.5914 8.96173 18.9109C10 19.7294 11 20.5 12 20.5C13 20.5 14 19.7294 15.0383 18.9109C17.9806 16.5914 22 14 22 9.1371C22 4.27416 16.4998 0.825464 12 5.50063C7.50016 0.825464 2 4.27416 2 9.1371Z\" fill=\"#1C274C\"\/>\r\n<\/svg>\t\t\t\t\t<\/div>\n\t\t\t\t<\/div>\n\t\t\t<\/div>\n\t\t\t\t<div class=\"icon-box-text last-reset\">\n\t\t\t\t\t\t\t\t\t\n\n\t<div id=\"text-582459857\" class=\"text\">\n\t\t\n\n<h3>Notes de coeur<\/h3>\n<p>Fleur d'oranger et jasmin<\/p>\n\n\t\t\n<style>\n#text-582459857 {\n  line-height: 1;\n}\n<\/style>\n\t<\/div>\n\t\n\n\t\t<\/div>\n\t<\/div>\n\t\n\t\n\n\t\t<div class=\"icon-box featured-box icon-box-left text-left\"  >\n\t\t\t\t\t<div class=\"icon-box-img\" style=\"width: 60px\">\n\t\t\t\t<div class=\"icon\">\n\t\t\t\t\t<div class=\"icon-inner\" style=\"color:rgb(231, 226, 227);\">\n\t\t\t\t\t\t<?xml version=\"1.0\" encoding=\"UTF-8\" standalone=\"no\"?>\r\n<!-- Uploaded to: SVG Repo, www.svgrepo.com, Generator: SVG Repo Mixer Tools -->\r\n<svg width=\"800px\" height=\"800px\" viewBox=\"0 -12 32 32\" version=\"1.1\" xmlns=\"http:\/\/www.w3.org\/2000\/svg\" xmlns:xlink=\"http:\/\/www.w3.org\/1999\/xlink\" xmlns:sketch=\"http:\/\/www.bohemiancoding.com\/sketch\/ns\">\r\n    \r\n    <title>minus<\/title>\r\n    <desc>Created with Sketch Beta.<\/desc>\r\n    <defs>\r\n\r\n<\/defs>\r\n    <g id=\"Page-1\" stroke=\"none\" stroke-width=\"1\" fill=\"none\" fill-rule=\"evenodd\" sketch:type=\"MSPage\">\r\n        <g id=\"Icon-Set-Filled\" sketch:type=\"MSLayerGroup\" transform=\"translate(-414.000000, -1049.000000)\" fill=\"#000000\">\r\n            <path d=\"M442,1049 L418,1049 C415.791,1049 414,1050.79 414,1053 C414,1055.21 415.791,1057 418,1057 L442,1057 C444.209,1057 446,1055.21 446,1053 C446,1050.79 444.209,1049 442,1049\" id=\"minus\" sketch:type=\"MSShapeGroup\">\r\n\r\n<\/path>\r\n        <\/g>\r\n    <\/g>\r\n<\/svg>\t\t\t\t\t<\/div>\n\t\t\t\t<\/div>\n\t\t\t<\/div>\n\t\t\t\t<div class=\"icon-box-text last-reset\">\n\t\t\t\t\t\t\t\t\t\n\n\t<div id=\"text-3321680664\" class=\"text\">\n\t\t\n\n<h3>Notes de fond<\/h3>\n<p>Patchouli, ambre et musc blanc<\/p>\n\n\t\t\n<style>\n#text-3321680664 {\n  line-height: 1;\n}\n<\/style>\n\t<\/div>\n\t\n\n\t\t<\/div>\n\t<\/div>\n\t\n\t\n\n\t\t<\/div>\n\t\t\t\t\t<\/div>\n\n\t\n\n\t<div id=\"col-1381057726\" class=\"col small-12 large-12\"  >\n\t\t\t\t<div class=\"col-inner text-center\"  >\n\t\t\t\n\t\t\t\n\n<p style=\"text-align: center;\"><span style=\"font-size: 120%;\"><em>D\u00e9couvrez tous les produits de l'essence Astr\u00e9e<\/em><\/span><\/p>\n\n<a href=\"https:\/\/www.tendenzeshabbychic.it\/fr\/Etiquette-produit\/astree-fr\/\" class=\"button white is-gloss box-shadow-3\" >\n\t\t<span>astr\u00e9e<\/span>\n\t<\/a>\n\n\n\n\t\t<\/div>\n\t\t\t\t\t<\/div>\n\n\t\n\n<\/div>\n","protected":false},"featured_media":195614,"comment_status":"open","ping_status":"closed","template":"","meta":{"_joinchat":[]},"pwb-brand":[621],"product_brand":[],"product_cat":[1520,1515],"product_tag":[635],"class_list":{"0":"post-197134","1":"product","2":"type-product","3":"status-publish","4":"has-post-thumbnail","6":"pwb-brand-mathilde-m","7":"product_cat-parfums-pour-tissus","8":"product_cat-parfumeurs","9":"product_tag-astree","11":"first","12":"instock","13":"taxable","14":"shipping-taxable","15":"purchasable","16":"product-type-simple"},"brands":[{"id":1562,"name":"Mathilde M.","slug":"mathilde-m-fr"}],"_links":{"self":[{"href":"https:\/\/www.tendenzeshabbychic.it\/fr\/wp-json\/wp\/v2\/product\/197134","targetHints":{"allow":["GET"]}}],"collection":[{"href":"https:\/\/www.tendenzeshabbychic.it\/fr\/wp-json\/wp\/v2\/product"}],"about":[{"href":"https:\/\/www.tendenzeshabbychic.it\/fr\/wp-json\/wp\/v2\/types\/product"}],"replies":[{"embeddable":true,"href":"https:\/\/www.tendenzeshabbychic.it\/fr\/wp-json\/wp\/v2\/comments?post=197134"}],"wp:featuredmedia":[{"embeddable":true,"href":"https:\/\/www.tendenzeshabbychic.it\/fr\/wp-json\/wp\/v2\/media\/195614"}],"wp:attachment":[{"href":"https:\/\/www.tendenzeshabbychic.it\/fr\/wp-json\/wp\/v2\/media?parent=197134"}],"wp:term":[{"taxonomy":"pwb-brand","embeddable":true,"href":"https:\/\/www.tendenzeshabbychic.it\/fr\/wp-json\/wp\/v2\/pwb-brand?post=197134"},{"taxonomy":"product_brand","embeddable":true,"href":"https:\/\/www.tendenzeshabbychic.it\/fr\/wp-json\/wp\/v2\/product_brand?post=197134"},{"taxonomy":"product_cat","embeddable":true,"href":"https:\/\/www.tendenzeshabbychic.it\/fr\/wp-json\/wp\/v2\/product_cat?post=197134"},{"taxonomy":"product_tag","embeddable":true,"href":"https:\/\/www.tendenzeshabbychic.it\/fr\/wp-json\/wp\/v2\/product_tag?post=197134"}],"curies":[{"name":"wp","href":"https:\/\/api.w.org\/{rel}","templated":true}]}}