{"id":196815,"date":"2025-08-04T09:05:59","date_gmt":"2025-08-04T08:05:59","guid":{"rendered":"https:\/\/www.tendenzeshabbychic.it\/prodotto\/edg-branche-avec-8-citrouilles-h-90-cm-2-couleurs\/"},"modified":"2025-09-28T09:06:31","modified_gmt":"2025-09-28T07:06:31","slug":"edg-branche-avec-8-citrouilles-h-90-cm-2-couleurs","status":"publish","type":"product","link":"https:\/\/www.tendenzeshabbychic.it\/fr\/produit\/edg-branche-avec-8-citrouilles-h-90-cm-2-couleurs\/","title":{"rendered":"EDG Branche avec 8 citrouilles H 90 cm &#8211; 2 Couleurs"},"content":{"rendered":"<p>La branche avec 8 gourdes EDG est une proposition originale pour des arrangements saisonniers de bon go\u00fbt. Chaque branche est compos\u00e9e de calebasses en plastique \u00e0 l&rsquo;effet l\u00e9g\u00e8rement mat et poussi\u00e9reux, harmonieusement r\u00e9parties le long de la tige ramifi\u00e9e. Disponible en deux couleurs sophistiqu\u00e9es &#8211; orange rouille ou bordeaux &#8211; elle est parfaite pour d\u00e9corer des vases, des centres de table ou des int\u00e9rieurs automnaux sophistiqu\u00e9s.  <\/p>\n<ul>\n<li>Disponible en deux \u00e9l\u00e9gantes couleurs d&rsquo;automne<\/li>\n<li>Finition mate et texture r\u00e9aliste<\/li>\n<li>8 citrouilles r\u00e9parties sur des branches flexibles<\/li>\n<li>Design naturel, id\u00e9al pour les compositions d\u00e9coratives<\/li>\n<li>La signature EDG, gage de qualit\u00e9 esth\u00e9tique<\/li>\n<\/ul>\n","protected":false},"excerpt":{"rendered":"<p>Branche EDG avec 8 gourdes en plastique, disponibles en rouille ou bordeaux. Id\u00e9al pour des d\u00e9corations d&rsquo;automne \u00e9l\u00e9gantes. <\/p>\n<p>\ud83d\udccf H.90 cm<\/p>\n","protected":false},"featured_media":189282,"comment_status":"open","ping_status":"closed","template":"","meta":{"_joinchat":[]},"pwb-brand":[1564],"product_brand":[],"product_cat":[2772,1467],"product_tag":[1353,3258],"class_list":{"0":"post-196815","1":"product","2":"type-product","3":"status-publish","4":"has-post-thumbnail","6":"pwb-brand-edg-fr","7":"product_cat-fleurs-en-pot","8":"product_cat-fleurs-et-plantes-artificielles","9":"product_tag-automne","10":"product_tag-citrouilles","12":"first","13":"instock","14":"sale","15":"taxable","16":"shipping-taxable","17":"purchasable","18":"product-type-variable"},"brands":[{"id":1564,"name":"EDG \u2013 Enzo De Gasperi","slug":"edg-fr"}],"_links":{"self":[{"href":"https:\/\/www.tendenzeshabbychic.it\/fr\/wp-json\/wp\/v2\/product\/196815","targetHints":{"allow":["GET"]}}],"collection":[{"href":"https:\/\/www.tendenzeshabbychic.it\/fr\/wp-json\/wp\/v2\/product"}],"about":[{"href":"https:\/\/www.tendenzeshabbychic.it\/fr\/wp-json\/wp\/v2\/types\/product"}],"replies":[{"embeddable":true,"href":"https:\/\/www.tendenzeshabbychic.it\/fr\/wp-json\/wp\/v2\/comments?post=196815"}],"wp:featuredmedia":[{"embeddable":true,"href":"https:\/\/www.tendenzeshabbychic.it\/fr\/wp-json\/wp\/v2\/media\/189282"}],"wp:attachment":[{"href":"https:\/\/www.tendenzeshabbychic.it\/fr\/wp-json\/wp\/v2\/media?parent=196815"}],"wp:term":[{"taxonomy":"pwb-brand","embeddable":true,"href":"https:\/\/www.tendenzeshabbychic.it\/fr\/wp-json\/wp\/v2\/pwb-brand?post=196815"},{"taxonomy":"product_brand","embeddable":true,"href":"https:\/\/www.tendenzeshabbychic.it\/fr\/wp-json\/wp\/v2\/product_brand?post=196815"},{"taxonomy":"product_cat","embeddable":true,"href":"https:\/\/www.tendenzeshabbychic.it\/fr\/wp-json\/wp\/v2\/product_cat?post=196815"},{"taxonomy":"product_tag","embeddable":true,"href":"https:\/\/www.tendenzeshabbychic.it\/fr\/wp-json\/wp\/v2\/product_tag?post=196815"}],"curies":[{"name":"wp","href":"https:\/\/api.w.org\/{rel}","templated":true}]}}