{"id":196807,"date":"2025-08-04T09:05:16","date_gmt":"2025-08-04T08:05:16","guid":{"rendered":"https:\/\/www.tendenzeshabbychic.it\/prodotto\/edg-branche-de-chataignier-dautomne-h98-cm-2-versions\/"},"modified":"2025-09-28T09:06:31","modified_gmt":"2025-09-28T07:06:31","slug":"edg-branche-de-chataignier-dautomne-h98-cm-2-versions","status":"publish","type":"product","link":"https:\/\/www.tendenzeshabbychic.it\/fr\/produit\/edg-branche-de-chataignier-dautomne-h98-cm-2-versions\/","title":{"rendered":"EDG Branche de ch\u00e2taignier d&rsquo;automne H98 cm &#8211; 2 versions"},"content":{"rendered":"<p>Cette branche d\u00e9corative raffin\u00e9e d&rsquo;EDG rappelle parfaitement l&rsquo;atmosph\u00e8re de l&rsquo;automne, gr\u00e2ce \u00e0 la pr\u00e9sence de feuilles dans les tons ocre jaune, cuivre et rouille et de cinq boucles r\u00e9alistes enserrant des ch\u00e2taignes brunies. Les deux versions disponibles &#8211; l&rsquo;une avec des tons plus chauds et plus intenses, l&rsquo;autre l\u00e9g\u00e8rement plus claire &#8211; permettent de cr\u00e9er des compositions \u00e9quilibr\u00e9es ou des contrastes naturels, id\u00e9aux pour les centres de table saisonniers, les grands vases ou les installations d\u00e9coratives. <\/p>\n<p>Parfait pour les chambres \u00e9l\u00e9gantes, les fermes, les vitrines et pour donner de la chaleur aux salons ou entr\u00e9es de style Country Chic ou rustique raffin\u00e9.<\/p>\n<ul>\n<li>Feuilles aux couleurs chaudes et r\u00e9alistes de l&rsquo;automne<\/li>\n<li>5 boucles d\u00e9coratives avec ch\u00e2taigne int\u00e9gr\u00e9e<\/li>\n<li>Hauteur importante pour les compositions sc\u00e9niques<\/li>\n<li>Deux variantes disponibles pour les jeux de couleur<\/li>\n<li>Parfait pour les d\u00e9corations saisonni\u00e8res ou les coins th\u00e9matiques<\/li>\n<\/ul>\n","protected":false},"excerpt":{"rendered":"<p>Branche d\u00e9corative d&rsquo;automne avec des feuilles dans les tons jaune et rouille et 5 coques de ch\u00e2taignes r\u00e9alistes. Deux variantes de couleurs. <\/p>\n<p>\ud83d\udccf H 98 cm<\/p>\n","protected":false},"featured_media":189201,"comment_status":"open","ping_status":"closed","template":"","meta":{"_joinchat":[]},"pwb-brand":[1564],"product_brand":[],"product_cat":[2772,1467,1503],"product_tag":[],"class_list":{"0":"post-196807","1":"product","2":"type-product","3":"status-publish","4":"has-post-thumbnail","6":"pwb-brand-edg-fr","7":"product_cat-fleurs-en-pot","8":"product_cat-fleurs-et-plantes-artificielles","9":"product_cat-noel","11":"first","12":"instock","13":"sale","14":"taxable","15":"shipping-taxable","16":"purchasable","17":"product-type-variable"},"brands":[{"id":1564,"name":"EDG \u2013 Enzo De Gasperi","slug":"edg-fr"}],"_links":{"self":[{"href":"https:\/\/www.tendenzeshabbychic.it\/fr\/wp-json\/wp\/v2\/product\/196807","targetHints":{"allow":["GET"]}}],"collection":[{"href":"https:\/\/www.tendenzeshabbychic.it\/fr\/wp-json\/wp\/v2\/product"}],"about":[{"href":"https:\/\/www.tendenzeshabbychic.it\/fr\/wp-json\/wp\/v2\/types\/product"}],"replies":[{"embeddable":true,"href":"https:\/\/www.tendenzeshabbychic.it\/fr\/wp-json\/wp\/v2\/comments?post=196807"}],"wp:featuredmedia":[{"embeddable":true,"href":"https:\/\/www.tendenzeshabbychic.it\/fr\/wp-json\/wp\/v2\/media\/189201"}],"wp:attachment":[{"href":"https:\/\/www.tendenzeshabbychic.it\/fr\/wp-json\/wp\/v2\/media?parent=196807"}],"wp:term":[{"taxonomy":"pwb-brand","embeddable":true,"href":"https:\/\/www.tendenzeshabbychic.it\/fr\/wp-json\/wp\/v2\/pwb-brand?post=196807"},{"taxonomy":"product_brand","embeddable":true,"href":"https:\/\/www.tendenzeshabbychic.it\/fr\/wp-json\/wp\/v2\/product_brand?post=196807"},{"taxonomy":"product_cat","embeddable":true,"href":"https:\/\/www.tendenzeshabbychic.it\/fr\/wp-json\/wp\/v2\/product_cat?post=196807"},{"taxonomy":"product_tag","embeddable":true,"href":"https:\/\/www.tendenzeshabbychic.it\/fr\/wp-json\/wp\/v2\/product_tag?post=196807"}],"curies":[{"name":"wp","href":"https:\/\/api.w.org\/{rel}","templated":true}]}}