{"id":196789,"date":"2025-08-04T15:29:41","date_gmt":"2025-08-04T14:29:41","guid":{"rendered":"https:\/\/www.tendenzeshabbychic.it\/prodotto\/edg-guirlande-de-pins-enneiges-avec-pommes-de-pin-l183-cm\/"},"modified":"2026-02-06T08:32:00","modified_gmt":"2026-02-06T07:32:00","slug":"edg-guirlande-de-pins-enneiges-avec-pommes-de-pin-l183-cm","status":"publish","type":"product","link":"https:\/\/www.tendenzeshabbychic.it\/fr\/produit\/edg-guirlande-de-pins-enneiges-avec-pommes-de-pin-l183-cm\/","title":{"rendered":"EDG Guirlande de pins enneig\u00e9s avec pommes de pin L183 cm"},"content":{"rendered":"<p>La guirlande en pin enneig\u00e9 EDG est une d\u00e9coration polyvalente et \u00e9l\u00e9gante pour la saison de No\u00ebl. Compos\u00e9e de longues et fines aiguilles en plastique \u00e0 la finition enneig\u00e9e et de pommes de pin naturelles recouvertes de fausse neige, elle apporte une touche hivernale authentique. La branche est flexible et facile \u00e0 fa\u00e7onner, parfaite pour les chemin\u00e9es, les rampes ou les entr\u00e9es.  <\/p>\n<p>Id\u00e9al pour cr\u00e9er des atmosph\u00e8res \u00e9vocatrices dans des d\u00e9cors Shabby Chic ou Country Chic.<\/p>\n<ul>\n<li>Longueur g\u00e9n\u00e9reuse de 183 cm pour les compositions prolong\u00e9es<\/li>\n<li>D\u00e9tails r\u00e9alistes des aiguilles et des pommes de pin recouvertes de neige<\/li>\n<li>Branche flexible pour une d\u00e9coration cr\u00e9ative<\/li>\n<li>Un look naturel parfait pour l&rsquo;hiver<\/li>\n<li>Mat\u00e9riau r\u00e9sistant et durable<\/li>\n<\/ul>\n\n\t<section class=\"section linkified dark\" id=\"section_1630074702\">\n\t\t<div class=\"section-bg fill\" >\n\t\t\t<img loading=\"lazy\" decoding=\"async\" width=\"800\" height=\"213\" src=\"https:\/\/www.tendenzeshabbychic.it\/wp-content\/uploads\/2021\/09\/natale-hero-1-800x213.jpg\" class=\"bg attachment-medium size-medium\" alt=\"\" \/>\t\t\t\t\t\t<div class=\"section-bg-overlay absolute fill\"><\/div>\n\t\t\t\n\n\t\t<\/div>\n\n\t\t\n\n\t\t<div class=\"section-content relative\">\n\t\t\t\n\n<div class=\"row\"  id=\"row-1812267007\">\n\n\n\t<div id=\"col-1016167087\" class=\"col small-12 large-12\"  >\n\t\t\t\t<div class=\"col-inner text-center\"  >\n\t\t\t\n\t\t\t\n\n<h3><span style=\"font-size: 180%;\">No\u00ebl<\/span><\/h3>\n<p>D\u00e9couvrez la large s\u00e9lection de produits pour d\u00e9corer votre maison pour No\u00ebl.<\/p>\n<a href=\"https:\/\/www.tendenzeshabbychic.it\/fr\/categorie-de-produit\/noel\/\" class=\"button alert is-shade box-shadow-3 box-shadow-5-hover\" style=\"border-radius:5px;\">\n\t\t<span>Cliquez ici<\/span>\n\t<\/a>\n\n\n\n\t\t<\/div>\n\t\t\t\t\t<\/div>\n\n\t\n\n<\/div>\n\n\t\t<\/div>\n\n\t\t\n<style>\n#section_1630074702 {\n  padding-top: 12px;\n  padding-bottom: 12px;\n}\n#section_1630074702 .section-bg-overlay {\n  background-color: rgba(0, 0, 0, 0.419);\n}\n#section_1630074702 .section-bg img {\n  object-position: 21% 51%;\n}\n@media (min-width:550px) {\n  #section_1630074702 {\n    padding-top: 57px;\n    padding-bottom: 57px;\n  }\n}\n<\/style>\n\t<\/section>\n\t\n","protected":false},"excerpt":{"rendered":"<p>Guirlande de No\u00ebl EDG en pin artificiel avec aiguilles enneig\u00e9es r\u00e9alistes et pommes de pin d\u00e9coratives. Finition givr\u00e9e \u00e9l\u00e9gante. <\/p>\n<p>\ud83d\udccf L 183 cm<\/p>\n","protected":false},"featured_media":190910,"comment_status":"open","ping_status":"closed","template":"","meta":{"_joinchat":[]},"pwb-brand":[1564],"product_brand":[],"product_cat":[2465,1503],"product_tag":[3137],"class_list":{"0":"post-196789","1":"product","2":"type-product","3":"status-publish","4":"has-post-thumbnail","6":"pwb-brand-edg-fr","7":"product_cat-boules-et-decorations-de-sapin-de-noel","8":"product_cat-noel","9":"product_tag-festons-et-guirlandes","11":"first","12":"instock","13":"sale","14":"taxable","15":"shipping-taxable","16":"purchasable","17":"product-type-simple"},"brands":[{"id":1564,"name":"EDG \u2013 Enzo De Gasperi","slug":"edg-fr"}],"_links":{"self":[{"href":"https:\/\/www.tendenzeshabbychic.it\/fr\/wp-json\/wp\/v2\/product\/196789","targetHints":{"allow":["GET"]}}],"collection":[{"href":"https:\/\/www.tendenzeshabbychic.it\/fr\/wp-json\/wp\/v2\/product"}],"about":[{"href":"https:\/\/www.tendenzeshabbychic.it\/fr\/wp-json\/wp\/v2\/types\/product"}],"replies":[{"embeddable":true,"href":"https:\/\/www.tendenzeshabbychic.it\/fr\/wp-json\/wp\/v2\/comments?post=196789"}],"wp:featuredmedia":[{"embeddable":true,"href":"https:\/\/www.tendenzeshabbychic.it\/fr\/wp-json\/wp\/v2\/media\/190910"}],"wp:attachment":[{"href":"https:\/\/www.tendenzeshabbychic.it\/fr\/wp-json\/wp\/v2\/media?parent=196789"}],"wp:term":[{"taxonomy":"pwb-brand","embeddable":true,"href":"https:\/\/www.tendenzeshabbychic.it\/fr\/wp-json\/wp\/v2\/pwb-brand?post=196789"},{"taxonomy":"product_brand","embeddable":true,"href":"https:\/\/www.tendenzeshabbychic.it\/fr\/wp-json\/wp\/v2\/product_brand?post=196789"},{"taxonomy":"product_cat","embeddable":true,"href":"https:\/\/www.tendenzeshabbychic.it\/fr\/wp-json\/wp\/v2\/product_cat?post=196789"},{"taxonomy":"product_tag","embeddable":true,"href":"https:\/\/www.tendenzeshabbychic.it\/fr\/wp-json\/wp\/v2\/product_tag?post=196789"}],"curies":[{"name":"wp","href":"https:\/\/api.w.org\/{rel}","templated":true}]}}