{"id":196785,"date":"2025-08-04T15:30:57","date_gmt":"2025-08-04T14:30:57","guid":{"rendered":"https:\/\/www.tendenzeshabbychic.it\/prodotto\/edg-couronne-de-pin-enneige-d60-cm-collection-hiver\/"},"modified":"2025-07-01T22:27:57","modified_gmt":"2025-07-01T21:27:57","slug":"edg-couronne-de-pin-enneige-d60-cm-collection-hiver","status":"publish","type":"product","link":"https:\/\/www.tendenzeshabbychic.it\/fr\/produit\/edg-couronne-de-pin-enneige-d60-cm-collection-hiver\/","title":{"rendered":"EDG Couronne de pin enneig\u00e9 D60 cm Collection Hiver"},"content":{"rendered":"<p>La couronne de pin enneig\u00e9e EDG constitue une d\u00e9coration raffin\u00e9e au charme naturel. Fabriqu\u00e9e en plastique de haute qualit\u00e9, elle se compose de fines aiguilles vert fonc\u00e9 \u00e0 la finition givr\u00e9e et de pommes de pin recouvertes de neige artificielle, cr\u00e9ant un effet r\u00e9aliste et saisissant. Le design est dense et harmonieux, parfait pour embellir les portes, les chemin\u00e9es ou les murs dans des environnements \u00e9l\u00e9gants et chaleureux pendant la p\u00e9riode de No\u00ebl.  <\/p>\n<p>Id\u00e9al seul ou combin\u00e9 avec des guirlandes ou des centres de table assortis.<\/p>\n<ul>\n<li>Un grand r\u00e9alisme dans les d\u00e9tails des aiguilles et des pommes de pin<\/li>\n<li>Effet de neige pour une atmosph\u00e8re hivernale authentique<\/li>\n<li>Mat\u00e9riaux durables et r\u00e9sistants<\/li>\n<li>Facile \u00e0 suspendre ou \u00e0 utiliser comme base d\u00e9corative<\/li>\n<li>Parfait pour les entr\u00e9es ou les chemin\u00e9es Shabby Chic<\/li>\n<\/ul>\n\n\t<section class=\"section linkified dark\" id=\"section_749184784\">\n\t\t<div class=\"section-bg fill\" >\n\t\t\t<img loading=\"lazy\" decoding=\"async\" width=\"800\" height=\"213\" src=\"https:\/\/www.tendenzeshabbychic.it\/wp-content\/uploads\/2021\/09\/natale-hero-1-800x213.jpg\" class=\"bg attachment-medium size-medium\" alt=\"\" \/>\t\t\t\t\t\t<div class=\"section-bg-overlay absolute fill\"><\/div>\n\t\t\t\n\n\t\t<\/div>\n\n\t\t\n\n\t\t<div class=\"section-content relative\">\n\t\t\t\n\n<div class=\"row\"  id=\"row-1567840461\">\n\n\n\t<div id=\"col-1557456162\" class=\"col small-12 large-12\"  >\n\t\t\t\t<div class=\"col-inner text-center\"  >\n\t\t\t\n\t\t\t\n\n<h3><span style=\"font-size: 180%;\">No\u00ebl<\/span><\/h3>\n<p>D\u00e9couvrez la large s\u00e9lection de produits pour d\u00e9corer votre maison pour No\u00ebl.<\/p>\n<a href=\"https:\/\/www.tendenzeshabbychic.it\/fr\/categorie-de-produit\/noel\/\" class=\"button alert is-shade box-shadow-3 box-shadow-5-hover\" style=\"border-radius:5px;\">\n\t\t<span>Cliquez ici<\/span>\n\t<\/a>\n\n\n\n\t\t<\/div>\n\t\t\t\t\t<\/div>\n\n\t\n\n<\/div>\n\n\t\t<\/div>\n\n\t\t\n<style>\n#section_749184784 {\n  padding-top: 12px;\n  padding-bottom: 12px;\n}\n#section_749184784 .section-bg-overlay {\n  background-color: rgba(0, 0, 0, 0.419);\n}\n#section_749184784 .section-bg img {\n  object-position: 21% 51%;\n}\n@media (min-width:550px) {\n  #section_749184784 {\n    padding-top: 57px;\n    padding-bottom: 57px;\n  }\n}\n<\/style>\n\t<\/section>\n\t\n","protected":false},"excerpt":{"rendered":"<p>Couronne de No\u00ebl avec des aiguilles de pin r\u00e9alistes et des pommes de pin enneig\u00e9es. Effet givr\u00e9 sur toute la surface pour une \u00e9l\u00e9gante touche hivernale. <\/p>\n<p>\ud83d\udccf \u00d8 60 cm<\/p>\n","protected":false},"featured_media":190903,"comment_status":"open","ping_status":"closed","template":"","meta":{"_joinchat":[]},"pwb-brand":[1564],"product_brand":[],"product_cat":[2465,1503],"product_tag":[3137],"class_list":{"0":"post-196785","1":"product","2":"type-product","3":"status-publish","4":"has-post-thumbnail","6":"pwb-brand-edg-fr","7":"product_cat-boules-et-decorations-de-sapin-de-noel","8":"product_cat-noel","9":"product_tag-festons-et-guirlandes","11":"first","12":"instock","13":"sale","14":"taxable","15":"shipping-taxable","16":"purchasable","17":"product-type-simple"},"brands":[{"id":1564,"name":"EDG \u2013 Enzo De Gasperi","slug":"edg-fr"}],"_links":{"self":[{"href":"https:\/\/www.tendenzeshabbychic.it\/fr\/wp-json\/wp\/v2\/product\/196785","targetHints":{"allow":["GET"]}}],"collection":[{"href":"https:\/\/www.tendenzeshabbychic.it\/fr\/wp-json\/wp\/v2\/product"}],"about":[{"href":"https:\/\/www.tendenzeshabbychic.it\/fr\/wp-json\/wp\/v2\/types\/product"}],"replies":[{"embeddable":true,"href":"https:\/\/www.tendenzeshabbychic.it\/fr\/wp-json\/wp\/v2\/comments?post=196785"}],"wp:featuredmedia":[{"embeddable":true,"href":"https:\/\/www.tendenzeshabbychic.it\/fr\/wp-json\/wp\/v2\/media\/190903"}],"wp:attachment":[{"href":"https:\/\/www.tendenzeshabbychic.it\/fr\/wp-json\/wp\/v2\/media?parent=196785"}],"wp:term":[{"taxonomy":"pwb-brand","embeddable":true,"href":"https:\/\/www.tendenzeshabbychic.it\/fr\/wp-json\/wp\/v2\/pwb-brand?post=196785"},{"taxonomy":"product_brand","embeddable":true,"href":"https:\/\/www.tendenzeshabbychic.it\/fr\/wp-json\/wp\/v2\/product_brand?post=196785"},{"taxonomy":"product_cat","embeddable":true,"href":"https:\/\/www.tendenzeshabbychic.it\/fr\/wp-json\/wp\/v2\/product_cat?post=196785"},{"taxonomy":"product_tag","embeddable":true,"href":"https:\/\/www.tendenzeshabbychic.it\/fr\/wp-json\/wp\/v2\/product_tag?post=196785"}],"curies":[{"name":"wp","href":"https:\/\/api.w.org\/{rel}","templated":true}]}}