{"id":195568,"date":"2025-07-25T09:44:10","date_gmt":"2025-07-25T07:44:10","guid":{"rendered":"https:\/\/www.tendenzeshabbychic.it\/prodotto\/edg-luxury-pine-festoon-270-cm-avec-270-leds\/"},"modified":"2025-07-01T19:44:10","modified_gmt":"2025-07-01T18:44:10","slug":"edg-luxury-pine-festoon-270-cm-avec-270-leds","status":"publish","type":"product","link":"https:\/\/www.tendenzeshabbychic.it\/fr\/produit\/edg-luxury-pine-festoon-270-cm-avec-270-leds\/","title":{"rendered":"EDG Luxury Pine Festoon 270 cm avec 270 LEDs"},"content":{"rendered":"<p>La guirlande &lsquo;Luxury&rsquo; d&rsquo;EDG Exclusive est la solution parfaite pour une d\u00e9coration sc\u00e9nique et raffin\u00e9e. D&rsquo;une longueur de 270 cm, elle comprend 270 LED \u00e0 lumi\u00e8re chaude d\u00e9j\u00e0 int\u00e9gr\u00e9es pour un effet lumineux enveloppant. Compos\u00e9e de 900 branches (750 en PE effet r\u00e9aliste et 150 en PVC), elle donne un aspect riche et naturel. Dot\u00e9 d&rsquo;un syst\u00e8me d&rsquo;extension, il permet de connecter jusqu&rsquo;\u00e0 4 serpentins avec un seul branchement \u00e9lectrique, gr\u00e2ce \u00e0 un c\u00e2ble pratique de 5 m\u00e8tres.   <\/p>\n<p>&#8211; 270 LED chaudes d\u00e9j\u00e0 int\u00e9gr\u00e9es<br \/>\n&#8211; 900 branches pour un effet dense et r\u00e9aliste<br \/>\n&#8211; M\u00e9lange PE et PVC pour un rendu naturel et une grande durabilit\u00e9<br \/>\n&#8211; Extensible jusqu&rsquo;\u00e0 4 modules avec une seule connexion<br \/>\n&#8211; C\u00e2ble de 5 m\u00e8tres de long pour une flexibilit\u00e9 maximale<\/p>\n\n\t<section class=\"section linkified dark\" id=\"section_41262861\">\n\t\t<div class=\"section-bg fill\" >\n\t\t\t<img loading=\"lazy\" decoding=\"async\" width=\"800\" height=\"213\" src=\"https:\/\/www.tendenzeshabbychic.it\/wp-content\/uploads\/2021\/09\/natale-hero-1-800x213.jpg\" class=\"bg attachment-medium size-medium\" alt=\"\" \/>\t\t\t\t\t\t<div class=\"section-bg-overlay absolute fill\"><\/div>\n\t\t\t\n\n\t\t<\/div>\n\n\t\t\n\n\t\t<div class=\"section-content relative\">\n\t\t\t\n\n<div class=\"row\"  id=\"row-1840906032\">\n\n\n\t<div id=\"col-1390588818\" class=\"col small-12 large-12\"  >\n\t\t\t\t<div class=\"col-inner text-center\"  >\n\t\t\t\n\t\t\t\n\n<h3><span style=\"font-size: 180%;\">No\u00ebl<\/span><\/h3>\n<p>D\u00e9couvrez la large s\u00e9lection de produits pour d\u00e9corer votre maison pour No\u00ebl.<\/p>\n<a href=\"https:\/\/www.tendenzeshabbychic.it\/fr\/categorie-de-produit\/noel\/\" class=\"button alert is-shade box-shadow-3 box-shadow-5-hover\" style=\"border-radius:5px;\">\n\t\t<span>Cliquez ici<\/span>\n\t<\/a>\n\n\n\n\t\t<\/div>\n\t\t\t\t\t<\/div>\n\n\t\n\n<\/div>\n\n\t\t<\/div>\n\n\t\t\n<style>\n#section_41262861 {\n  padding-top: 12px;\n  padding-bottom: 12px;\n}\n#section_41262861 .section-bg-overlay {\n  background-color: rgba(0, 0, 0, 0.419);\n}\n#section_41262861 .section-bg img {\n  object-position: 21% 51%;\n}\n@media (min-width:550px) {\n  #section_41262861 {\n    padding-top: 57px;\n    padding-bottom: 57px;\n  }\n}\n<\/style>\n\t<\/section>\n\t\n","protected":false},"excerpt":{"rendered":"<p>EDG Exclusive Guirlande de 270 cm avec 270 LED chaudes, 900 branches (750 PE + 150 PVC), extension jusqu&rsquo;\u00e0 4 modules.<br \/>\n\ud83d\udccf L 270 cm &#8211; C\u00e2ble 5 m<\/p>\n","protected":false},"featured_media":190818,"comment_status":"open","ping_status":"closed","template":"","meta":{"_joinchat":[]},"pwb-brand":[1564],"product_brand":[],"product_cat":[3352,1503],"product_tag":[3137],"class_list":{"0":"post-195568","1":"product","2":"type-product","3":"status-publish","4":"has-post-thumbnail","6":"pwb-brand-edg-fr","7":"product_cat-decorations-de-noel-lumineuses","8":"product_cat-noel","9":"product_tag-festons-et-guirlandes","11":"first","12":"instock","13":"taxable","14":"shipping-taxable","15":"purchasable","16":"product-type-simple"},"brands":[{"id":1564,"name":"EDG \u2013 Enzo De Gasperi","slug":"edg-fr"}],"_links":{"self":[{"href":"https:\/\/www.tendenzeshabbychic.it\/fr\/wp-json\/wp\/v2\/product\/195568","targetHints":{"allow":["GET"]}}],"collection":[{"href":"https:\/\/www.tendenzeshabbychic.it\/fr\/wp-json\/wp\/v2\/product"}],"about":[{"href":"https:\/\/www.tendenzeshabbychic.it\/fr\/wp-json\/wp\/v2\/types\/product"}],"replies":[{"embeddable":true,"href":"https:\/\/www.tendenzeshabbychic.it\/fr\/wp-json\/wp\/v2\/comments?post=195568"}],"wp:featuredmedia":[{"embeddable":true,"href":"https:\/\/www.tendenzeshabbychic.it\/fr\/wp-json\/wp\/v2\/media\/190818"}],"wp:attachment":[{"href":"https:\/\/www.tendenzeshabbychic.it\/fr\/wp-json\/wp\/v2\/media?parent=195568"}],"wp:term":[{"taxonomy":"pwb-brand","embeddable":true,"href":"https:\/\/www.tendenzeshabbychic.it\/fr\/wp-json\/wp\/v2\/pwb-brand?post=195568"},{"taxonomy":"product_brand","embeddable":true,"href":"https:\/\/www.tendenzeshabbychic.it\/fr\/wp-json\/wp\/v2\/product_brand?post=195568"},{"taxonomy":"product_cat","embeddable":true,"href":"https:\/\/www.tendenzeshabbychic.it\/fr\/wp-json\/wp\/v2\/product_cat?post=195568"},{"taxonomy":"product_tag","embeddable":true,"href":"https:\/\/www.tendenzeshabbychic.it\/fr\/wp-json\/wp\/v2\/product_tag?post=195568"}],"curies":[{"name":"wp","href":"https:\/\/api.w.org\/{rel}","templated":true}]}}