{"id":195534,"date":"2025-07-25T04:46:38","date_gmt":"2025-07-25T03:46:38","guid":{"rendered":"https:\/\/www.tendenzeshabbychic.it\/prodotto\/edg-arbre-a-bougies-or-200g-h16-d85-cm\/"},"modified":"2025-06-27T20:46:38","modified_gmt":"2025-06-27T19:46:38","slug":"edg-arbre-a-bougies-or-200g-h16-d85-cm","status":"publish","type":"product","link":"https:\/\/www.tendenzeshabbychic.it\/fr\/produit\/edg-arbre-a-bougies-or-200g-h16-d85-cm\/","title":{"rendered":"EDG Arbre \u00e0 bougies Or 200g H16 D8,5 cm"},"content":{"rendered":"<p>La bougie EDG en forme d&rsquo;arbre est une \u00e9l\u00e9gante d\u00e9coration de No\u00ebl en verre miroir dor\u00e9 \u00e0 effet pointill\u00e9. La surface lumineuse est compl\u00e9t\u00e9e par un n\u0153ud en satin ivoire raffin\u00e9 et deux cloches dor\u00e9es qui ajoutent une touche festive. L&rsquo;int\u00e9rieur dissimule une bougie parfum\u00e9e \u00e0 la fragrance intense et enveloppante d&rsquo;Ambre. Les trois \u00e9tages de l&rsquo;arbre se soul\u00e8vent pour r\u00e9v\u00e9ler des contenants individuels, ce qui en fait un objet id\u00e9al \u00e0 la fois pour la d\u00e9coration et comme id\u00e9e de cadeau sophistiqu\u00e9.   <\/p>\n<ul>\n<li>Motif en forme d&rsquo;arbre en verre dor\u00e9<\/li>\n<li>Bougie parfum\u00e9e \u00e0 l&rsquo;ambre (200g, dur\u00e9e de combustion 10h)<\/li>\n<li>D\u00e9cor\u00e9 d&rsquo;un n\u0153ud ivoire et de clochettes dor\u00e9es<\/li>\n<li>Structure en sections empilables et r\u00e9utilisables<\/li>\n<li>Parfait comme cadeau de No\u00ebl \u00e9l\u00e9gant<\/li>\n<\/ul>\n\n\t<section class=\"section linkified dark\" id=\"section_1839538322\">\n\t\t<div class=\"section-bg fill\" >\n\t\t\t<img loading=\"lazy\" decoding=\"async\" width=\"800\" height=\"213\" src=\"https:\/\/www.tendenzeshabbychic.it\/wp-content\/uploads\/2021\/09\/natale-hero-1-800x213.jpg\" class=\"bg attachment-medium size-medium\" alt=\"\" \/>\t\t\t\t\t\t<div class=\"section-bg-overlay absolute fill\"><\/div>\n\t\t\t\n\n\t\t<\/div>\n\n\t\t\n\n\t\t<div class=\"section-content relative\">\n\t\t\t\n\n<div class=\"row\"  id=\"row-1856533184\">\n\n\n\t<div id=\"col-329381462\" class=\"col small-12 large-12\"  >\n\t\t\t\t<div class=\"col-inner text-center\"  >\n\t\t\t\n\t\t\t\n\n<h3><span style=\"font-size: 180%;\">No\u00ebl<\/span><\/h3>\n<p>D\u00e9couvrez la large s\u00e9lection de produits pour d\u00e9corer votre maison pour No\u00ebl.<\/p>\n<a href=\"https:\/\/www.tendenzeshabbychic.it\/fr\/categorie-de-produit\/noel\/\" class=\"button alert is-shade box-shadow-3 box-shadow-5-hover\" style=\"border-radius:5px;\">\n\t\t<span>Cliquez ici<\/span>\n\t<\/a>\n\n\n\n\t\t<\/div>\n\t\t\t\t\t<\/div>\n\n\t\n\n<\/div>\n\n\t\t<\/div>\n\n\t\t\n<style>\n#section_1839538322 {\n  padding-top: 12px;\n  padding-bottom: 12px;\n}\n#section_1839538322 .section-bg-overlay {\n  background-color: rgba(0, 0, 0, 0.419);\n}\n#section_1839538322 .section-bg img {\n  object-position: 21% 51%;\n}\n@media (min-width:550px) {\n  #section_1839538322 {\n    padding-top: 57px;\n    padding-bottom: 57px;\n  }\n}\n<\/style>\n\t<\/section>\n\t\n","protected":false},"excerpt":{"rendered":"<p>Bougie parfum\u00e9e en forme d&rsquo;arbre en verre pointill\u00e9 dor\u00e9, avec un n\u0153ud ivoire et des clochettes d\u00e9coratives. Parfum chaud d&rsquo;ambre. <\/p>\n<p>\ud83d\udccf H 16 x P 8,5 cm<\/p>\n","protected":false},"featured_media":189647,"comment_status":"open","ping_status":"closed","template":"","meta":{"_joinchat":[]},"pwb-brand":[1564],"product_brand":[],"product_cat":[1516,1460,1503],"product_tag":[],"class_list":{"0":"post-195534","1":"product","2":"type-product","3":"status-publish","4":"has-post-thumbnail","6":"pwb-brand-edg-fr","7":"product_cat-bougies-parfumees","8":"product_cat-bougies","9":"product_cat-noel","11":"first","12":"instock","13":"sale","14":"taxable","15":"shipping-taxable","16":"purchasable","17":"product-type-simple"},"brands":[{"id":1564,"name":"EDG \u2013 Enzo De Gasperi","slug":"edg-fr"}],"_links":{"self":[{"href":"https:\/\/www.tendenzeshabbychic.it\/fr\/wp-json\/wp\/v2\/product\/195534","targetHints":{"allow":["GET"]}}],"collection":[{"href":"https:\/\/www.tendenzeshabbychic.it\/fr\/wp-json\/wp\/v2\/product"}],"about":[{"href":"https:\/\/www.tendenzeshabbychic.it\/fr\/wp-json\/wp\/v2\/types\/product"}],"replies":[{"embeddable":true,"href":"https:\/\/www.tendenzeshabbychic.it\/fr\/wp-json\/wp\/v2\/comments?post=195534"}],"wp:featuredmedia":[{"embeddable":true,"href":"https:\/\/www.tendenzeshabbychic.it\/fr\/wp-json\/wp\/v2\/media\/189647"}],"wp:attachment":[{"href":"https:\/\/www.tendenzeshabbychic.it\/fr\/wp-json\/wp\/v2\/media?parent=195534"}],"wp:term":[{"taxonomy":"pwb-brand","embeddable":true,"href":"https:\/\/www.tendenzeshabbychic.it\/fr\/wp-json\/wp\/v2\/pwb-brand?post=195534"},{"taxonomy":"product_brand","embeddable":true,"href":"https:\/\/www.tendenzeshabbychic.it\/fr\/wp-json\/wp\/v2\/product_brand?post=195534"},{"taxonomy":"product_cat","embeddable":true,"href":"https:\/\/www.tendenzeshabbychic.it\/fr\/wp-json\/wp\/v2\/product_cat?post=195534"},{"taxonomy":"product_tag","embeddable":true,"href":"https:\/\/www.tendenzeshabbychic.it\/fr\/wp-json\/wp\/v2\/product_tag?post=195534"}],"curies":[{"name":"wp","href":"https:\/\/api.w.org\/{rel}","templated":true}]}}