{"id":195530,"date":"2025-07-25T00:39:04","date_gmt":"2025-07-24T23:39:04","guid":{"rendered":"https:\/\/www.tendenzeshabbychic.it\/prodotto\/edg-set-3-decorations-etoiles-en-pin-h7-cm\/"},"modified":"2026-01-30T19:35:02","modified_gmt":"2026-01-30T18:35:02","slug":"edg-set-3-decorations-etoiles-en-pin-h7-cm","status":"publish","type":"product","link":"https:\/\/www.tendenzeshabbychic.it\/fr\/produit\/edg-set-3-decorations-etoiles-en-pin-h7-cm\/","title":{"rendered":"EDG Set 3 D\u00e9corations \u00c9toiles en pin H7 cm"},"content":{"rendered":"<p>Ce set EDG comprend trois d\u00e9corations de No\u00ebl en plastique au design joyeux et festif. L&rsquo;arbre repr\u00e9sente un bonhomme de neige et un sapin, l&rsquo;\u00e9toile est orn\u00e9e de flocons de neige et le bas est agr\u00e9ment\u00e9 d&rsquo;un n\u0153ud et d&rsquo;une bordure enneig\u00e9s. Id\u00e9ales pour le sapin ou les petits espaces, elles allient l\u00e9g\u00e8ret\u00e9 et durabilit\u00e9 \u00e0 un style ludique qui convient parfaitement aux environnements classiques ou modernes sur le th\u00e8me de No\u00ebl.  <\/p>\n<ul>\n<li>Design de No\u00ebl lumineux et joyeux<\/li>\n<li>Finition paillet\u00e9e pour un effet brillant<\/li>\n<li>Mati\u00e8re plastique l\u00e9g\u00e8re et s\u00fbre<\/li>\n<li>Parfait pour les arbres, les colis ou les centres de table<\/li>\n<li>Avec ficelle pour une suspension facile<\/li>\n<\/ul>\n\n\t<section class=\"section linkified dark\" id=\"section_2053362475\">\n\t\t<div class=\"section-bg fill\" >\n\t\t\t<img loading=\"lazy\" decoding=\"async\" width=\"800\" height=\"213\" src=\"https:\/\/www.tendenzeshabbychic.it\/wp-content\/uploads\/2021\/09\/natale-hero-1-800x213.jpg\" class=\"bg attachment-medium size-medium\" alt=\"\" \/>\t\t\t\t\t\t<div class=\"section-bg-overlay absolute fill\"><\/div>\n\t\t\t\n\n\t\t<\/div>\n\n\t\t\n\n\t\t<div class=\"section-content relative\">\n\t\t\t\n\n<div class=\"row\"  id=\"row-258494696\">\n\n\n\t<div id=\"col-845986567\" class=\"col small-12 large-12\"  >\n\t\t\t\t<div class=\"col-inner text-center\"  >\n\t\t\t\n\t\t\t\n\n<h3><span style=\"font-size: 180%;\">No\u00ebl<\/span><\/h3>\n<p>D\u00e9couvrez la large s\u00e9lection de produits pour d\u00e9corer votre maison pour No\u00ebl.<\/p>\n<a href=\"https:\/\/www.tendenzeshabbychic.it\/fr\/categorie-de-produit\/noel\/\" class=\"button alert is-shade box-shadow-3 box-shadow-5-hover\" style=\"border-radius:5px;\">\n\t\t<span>Cliquez ici<\/span>\n\t<\/a>\n\n\n\n\t\t<\/div>\n\t\t\t\t\t<\/div>\n\n\t\n\n<\/div>\n\n\t\t<\/div>\n\n\t\t\n<style>\n#section_2053362475 {\n  padding-top: 12px;\n  padding-bottom: 12px;\n}\n#section_2053362475 .section-bg-overlay {\n  background-color: rgba(0, 0, 0, 0.419);\n}\n#section_2053362475 .section-bg img {\n  object-position: 21% 51%;\n}\n@media (min-width:550px) {\n  #section_2053362475 {\n    padding-top: 57px;\n    padding-bottom: 57px;\n  }\n}\n<\/style>\n\t<\/section>\n\t\n","protected":false},"excerpt":{"rendered":"<p>Lot de 3 d\u00e9corations de No\u00ebl en plastique rouge avec paillettes blanches : sapin avec bonhomme de neige, \u00e9toile et bas.<\/p>\n<p>\ud83d\udccf H 7 cm<\/p>\n","protected":false},"featured_media":190296,"comment_status":"open","ping_status":"closed","template":"","meta":{"_joinchat":[]},"pwb-brand":[1564],"product_brand":[],"product_cat":[2465,1503],"product_tag":[],"class_list":{"0":"post-195530","1":"product","2":"type-product","3":"status-publish","4":"has-post-thumbnail","6":"pwb-brand-edg-fr","7":"product_cat-boules-et-decorations-de-sapin-de-noel","8":"product_cat-noel","10":"first","11":"instock","12":"sale","13":"taxable","14":"shipping-taxable","15":"purchasable","16":"product-type-simple"},"brands":[{"id":1564,"name":"EDG \u2013 Enzo De Gasperi","slug":"edg-fr"}],"_links":{"self":[{"href":"https:\/\/www.tendenzeshabbychic.it\/fr\/wp-json\/wp\/v2\/product\/195530","targetHints":{"allow":["GET"]}}],"collection":[{"href":"https:\/\/www.tendenzeshabbychic.it\/fr\/wp-json\/wp\/v2\/product"}],"about":[{"href":"https:\/\/www.tendenzeshabbychic.it\/fr\/wp-json\/wp\/v2\/types\/product"}],"replies":[{"embeddable":true,"href":"https:\/\/www.tendenzeshabbychic.it\/fr\/wp-json\/wp\/v2\/comments?post=195530"}],"wp:featuredmedia":[{"embeddable":true,"href":"https:\/\/www.tendenzeshabbychic.it\/fr\/wp-json\/wp\/v2\/media\/190296"}],"wp:attachment":[{"href":"https:\/\/www.tendenzeshabbychic.it\/fr\/wp-json\/wp\/v2\/media?parent=195530"}],"wp:term":[{"taxonomy":"pwb-brand","embeddable":true,"href":"https:\/\/www.tendenzeshabbychic.it\/fr\/wp-json\/wp\/v2\/pwb-brand?post=195530"},{"taxonomy":"product_brand","embeddable":true,"href":"https:\/\/www.tendenzeshabbychic.it\/fr\/wp-json\/wp\/v2\/product_brand?post=195530"},{"taxonomy":"product_cat","embeddable":true,"href":"https:\/\/www.tendenzeshabbychic.it\/fr\/wp-json\/wp\/v2\/product_cat?post=195530"},{"taxonomy":"product_tag","embeddable":true,"href":"https:\/\/www.tendenzeshabbychic.it\/fr\/wp-json\/wp\/v2\/product_tag?post=195530"}],"curies":[{"name":"wp","href":"https:\/\/api.w.org\/{rel}","templated":true}]}}