{"id":195476,"date":"2025-07-28T15:56:09","date_gmt":"2025-07-28T14:56:09","guid":{"rendered":"https:\/\/www.tendenzeshabbychic.it\/prodotto\/edg-nappa-arabian-diamonds-amber-h21-cm\/"},"modified":"2026-01-26T22:23:40","modified_gmt":"2026-01-26T21:23:40","slug":"edg-nappa-arabian-diamonds-amber-h21-cm","status":"publish","type":"product","link":"https:\/\/www.tendenzeshabbychic.it\/fr\/produit\/edg-nappa-arabian-diamonds-amber-h21-cm\/","title":{"rendered":"EDG Nappa Arabian Diamonds Amber H21 cm"},"content":{"rendered":"<p>Cette houppe d\u00e9corative d&rsquo;Enzo de Gasperi est une expression raffin\u00e9e de l&rsquo;\u00e9l\u00e9gance. Le pendentif pr\u00e9sente une structure en arabesque, orn\u00e9e de cristaux brillants \u00e0 effet diamant qui refl\u00e8tent d\u00e9licatement la lumi\u00e8re. La partie inf\u00e9rieure est compl\u00e9t\u00e9e par une longue pampille de couleur ambre clair, brillante et fluide, envelopp\u00e9e d&rsquo;un d\u00e9tail en strass dor\u00e9. Parfaite pour \u00eatre accroch\u00e9e aux arbres, aux poign\u00e9es ou aux rideaux, elle conf\u00e8re une touche sophistiqu\u00e9e et lumineuse aux d\u00e9cors classiques ou modernes.   <\/p>\n<ul>\n<li>Arabesco en cristaux transparents \u00e9tincelants<\/li>\n<li>Nappa ambr\u00e9 clair avec des fils soyeux et brillants<\/li>\n<li>D\u00e9tails dor\u00e9s et finitions \u00e9l\u00e9gantes<\/li>\n<li>Parfait pour les d\u00e9corations de No\u00ebl, les portes ou les meubles<\/li>\n<li>Un style luxueux et l\u00e9ger \u00e0 suspendre partout<\/li>\n<\/ul>\n\n\t<section class=\"section linkified dark\" id=\"section_1431518108\">\n\t\t<div class=\"section-bg fill\" >\n\t\t\t<img loading=\"lazy\" decoding=\"async\" width=\"800\" height=\"213\" src=\"https:\/\/www.tendenzeshabbychic.it\/wp-content\/uploads\/2021\/09\/natale-hero-1-800x213.jpg\" class=\"bg attachment-medium size-medium\" alt=\"\" \/>\t\t\t\t\t\t<div class=\"section-bg-overlay absolute fill\"><\/div>\n\t\t\t\n\n\t\t<\/div>\n\n\t\t\n\n\t\t<div class=\"section-content relative\">\n\t\t\t\n\n<div class=\"row\"  id=\"row-1553353365\">\n\n\n\t<div id=\"col-267928451\" class=\"col small-12 large-12\"  >\n\t\t\t\t<div class=\"col-inner text-center\"  >\n\t\t\t\n\t\t\t\n\n<h3><span style=\"font-size: 180%;\">No\u00ebl<\/span><\/h3>\n<p>D\u00e9couvrez la large s\u00e9lection de produits pour d\u00e9corer votre maison pour No\u00ebl.<\/p>\n<a href=\"https:\/\/www.tendenzeshabbychic.it\/fr\/categorie-de-produit\/noel\/\" class=\"button alert is-shade box-shadow-3 box-shadow-5-hover\" style=\"border-radius:5px;\">\n\t\t<span>Cliquez ici<\/span>\n\t<\/a>\n\n\n\n\t\t<\/div>\n\t\t\t\t\t<\/div>\n\n\t\n\n<\/div>\n\n\t\t<\/div>\n\n\t\t\n<style>\n#section_1431518108 {\n  padding-top: 12px;\n  padding-bottom: 12px;\n}\n#section_1431518108 .section-bg-overlay {\n  background-color: rgba(0, 0, 0, 0.419);\n}\n#section_1431518108 .section-bg img {\n  object-position: 21% 51%;\n}\n@media (min-width:550px) {\n  #section_1431518108 {\n    padding-top: 57px;\n    padding-bottom: 57px;\n  }\n}\n<\/style>\n\t<\/section>\n\t\n","protected":false},"excerpt":{"rendered":"<p>Cuir nappa d\u00e9coratif avec arabesques de cristal \u00e0 effet diamant et franges ambr\u00e9es brillantes. Une \u00e9l\u00e9gance lumineuse dans les moindres d\u00e9tails. <\/p>\n<p>\ud83d\udccf H21 x L6 x P2 cm<\/p>\n","protected":false},"featured_media":191041,"comment_status":"open","ping_status":"closed","template":"","meta":{"_joinchat":[]},"pwb-brand":[776],"product_brand":[],"product_cat":[2462,538],"product_tag":[],"class_list":{"0":"post-195476","1":"product","2":"type-product","3":"status-publish","4":"has-post-thumbnail","6":"pwb-brand-edg","7":"product_cat-sfere-e-decorazioni-albero","8":"product_cat-natale","9":"pa_colore-ambra","11":"first","12":"instock","13":"sale","14":"taxable","15":"shipping-taxable","16":"purchasable","17":"product-type-simple"},"brands":[{"id":1564,"name":"EDG \u2013 Enzo De Gasperi","slug":"edg-fr"}],"_links":{"self":[{"href":"https:\/\/www.tendenzeshabbychic.it\/fr\/wp-json\/wp\/v2\/product\/195476","targetHints":{"allow":["GET"]}}],"collection":[{"href":"https:\/\/www.tendenzeshabbychic.it\/fr\/wp-json\/wp\/v2\/product"}],"about":[{"href":"https:\/\/www.tendenzeshabbychic.it\/fr\/wp-json\/wp\/v2\/types\/product"}],"replies":[{"embeddable":true,"href":"https:\/\/www.tendenzeshabbychic.it\/fr\/wp-json\/wp\/v2\/comments?post=195476"}],"wp:featuredmedia":[{"embeddable":true,"href":"https:\/\/www.tendenzeshabbychic.it\/fr\/wp-json\/wp\/v2\/media\/191041"}],"wp:attachment":[{"href":"https:\/\/www.tendenzeshabbychic.it\/fr\/wp-json\/wp\/v2\/media?parent=195476"}],"wp:term":[{"taxonomy":"pwb-brand","embeddable":true,"href":"https:\/\/www.tendenzeshabbychic.it\/fr\/wp-json\/wp\/v2\/pwb-brand?post=195476"},{"taxonomy":"product_brand","embeddable":true,"href":"https:\/\/www.tendenzeshabbychic.it\/fr\/wp-json\/wp\/v2\/product_brand?post=195476"},{"taxonomy":"product_cat","embeddable":true,"href":"https:\/\/www.tendenzeshabbychic.it\/fr\/wp-json\/wp\/v2\/product_cat?post=195476"},{"taxonomy":"product_tag","embeddable":true,"href":"https:\/\/www.tendenzeshabbychic.it\/fr\/wp-json\/wp\/v2\/product_tag?post=195476"}],"curies":[{"name":"wp","href":"https:\/\/api.w.org\/{rel}","templated":true}]}}