{"id":195449,"date":"2025-07-24T15:28:34","date_gmt":"2025-07-24T14:28:34","guid":{"rendered":"https:\/\/www.tendenzeshabbychic.it\/prodotto\/edg-decorations-pour-gateaux-h6-5-cm-vert-ou-rouge\/"},"modified":"2025-07-02T12:28:34","modified_gmt":"2025-07-02T11:28:34","slug":"edg-decorations-pour-gateaux-h6-5-cm-vert-ou-rouge","status":"publish","type":"product","link":"https:\/\/www.tendenzeshabbychic.it\/fr\/produit\/edg-decorations-pour-gateaux-h6-5-cm-vert-ou-rouge\/","title":{"rendered":"EDG D\u00e9corations pour g\u00e2teaux H6.5 cm (vert ou rouge)"},"content":{"rendered":"<p>Une touche d\u00e9licieuse et originale pour votre sapin : les cupcakes d\u00e9coratifs d&rsquo;Enzo de Gasperi sont fabriqu\u00e9s en argile et reproduisent de mani\u00e8re r\u00e9aliste l&rsquo;effet du gla\u00e7age, du sucre et des bonbons. Chaque variante &#8211; verte ou rouge &#8211; est enrichie de d\u00e9tails scintillants et de finitions soign\u00e9es qui \u00e9voquent les confiseries de f\u00eate. Parfaits pour \u00eatre accroch\u00e9s au sapin, sur une couronne ou dans la cuisine pour un th\u00e8me de No\u00ebl gourmand.  <\/p>\n<ul>\n<li>En argile avec un effet de gla\u00e7age r\u00e9aliste<\/li>\n<li>D\u00e9corations de No\u00ebl color\u00e9es sur le th\u00e8me des bonbons<\/li>\n<li>Disponible en deux variantes : vert ou rouge<\/li>\n<li>L\u00e9ger, id\u00e9al pour \u00eatre suspendu n&rsquo;importe o\u00f9<\/li>\n<li>Vendu \u00e0 l&rsquo;unit\u00e9 (couleur al\u00e9atoire ou s\u00e9lectionnable)<\/li>\n<\/ul>\n\n\t<section class=\"section linkified dark\" id=\"section_298569537\">\n\t\t<div class=\"section-bg fill\" >\n\t\t\t<img loading=\"lazy\" decoding=\"async\" width=\"800\" height=\"213\" src=\"https:\/\/www.tendenzeshabbychic.it\/wp-content\/uploads\/2021\/09\/natale-hero-1-800x213.jpg\" class=\"bg attachment-medium size-medium\" alt=\"\" \/>\t\t\t\t\t\t<div class=\"section-bg-overlay absolute fill\"><\/div>\n\t\t\t\n\n\t\t<\/div>\n\n\t\t\n\n\t\t<div class=\"section-content relative\">\n\t\t\t\n\n<div class=\"row\"  id=\"row-824071265\">\n\n\n\t<div id=\"col-629325868\" class=\"col small-12 large-12\"  >\n\t\t\t\t<div class=\"col-inner text-center\"  >\n\t\t\t\n\t\t\t\n\n<h3><span style=\"font-size: 180%;\">No\u00ebl<\/span><\/h3>\n<p>D\u00e9couvrez la large s\u00e9lection de produits pour d\u00e9corer votre maison pour No\u00ebl.<\/p>\n<a href=\"https:\/\/www.tendenzeshabbychic.it\/fr\/categorie-de-produit\/noel\/\" class=\"button alert is-shade box-shadow-3 box-shadow-5-hover\" style=\"border-radius:5px;\">\n\t\t<span>Cliquez ici<\/span>\n\t<\/a>\n\n\n\n\t\t<\/div>\n\t\t\t\t\t<\/div>\n\n\t\n\n<\/div>\n\n\t\t<\/div>\n\n\t\t\n<style>\n#section_298569537 {\n  padding-top: 12px;\n  padding-bottom: 12px;\n}\n#section_298569537 .section-bg-overlay {\n  background-color: rgba(0, 0, 0, 0.419);\n}\n#section_298569537 .section-bg img {\n  object-position: 21% 51%;\n}\n@media (min-width:550px) {\n  #section_298569537 {\n    padding-top: 57px;\n    padding-bottom: 57px;\n  }\n}\n<\/style>\n\t<\/section>\n\t\n","protected":false},"excerpt":{"rendered":"<p>Cupcake de No\u00ebl en argile avec gla\u00e7age et bonbons, disponible en rouge ou en vert. Vendu \u00e0 l&rsquo;unit\u00e9. <\/p>\n<p>\ud83d\udccf H6,5 x L5 x P5 cm<\/p>\n","protected":false},"featured_media":191069,"comment_status":"open","ping_status":"closed","template":"","meta":{"_joinchat":[]},"pwb-brand":[1564],"product_brand":[],"product_cat":[2465,1503],"product_tag":[],"class_list":{"0":"post-195449","1":"product","2":"type-product","3":"status-publish","4":"has-post-thumbnail","6":"pwb-brand-edg-fr","7":"product_cat-boules-et-decorations-de-sapin-de-noel","8":"product_cat-noel","9":"pa_colore-rouge","10":"pa_colore-vert","12":"first","13":"instock","14":"sale","15":"taxable","16":"shipping-taxable","17":"purchasable","18":"product-type-variable"},"brands":[{"id":1564,"name":"EDG \u2013 Enzo De Gasperi","slug":"edg-fr"}],"_links":{"self":[{"href":"https:\/\/www.tendenzeshabbychic.it\/fr\/wp-json\/wp\/v2\/product\/195449","targetHints":{"allow":["GET"]}}],"collection":[{"href":"https:\/\/www.tendenzeshabbychic.it\/fr\/wp-json\/wp\/v2\/product"}],"about":[{"href":"https:\/\/www.tendenzeshabbychic.it\/fr\/wp-json\/wp\/v2\/types\/product"}],"replies":[{"embeddable":true,"href":"https:\/\/www.tendenzeshabbychic.it\/fr\/wp-json\/wp\/v2\/comments?post=195449"}],"wp:featuredmedia":[{"embeddable":true,"href":"https:\/\/www.tendenzeshabbychic.it\/fr\/wp-json\/wp\/v2\/media\/191069"}],"wp:attachment":[{"href":"https:\/\/www.tendenzeshabbychic.it\/fr\/wp-json\/wp\/v2\/media?parent=195449"}],"wp:term":[{"taxonomy":"pwb-brand","embeddable":true,"href":"https:\/\/www.tendenzeshabbychic.it\/fr\/wp-json\/wp\/v2\/pwb-brand?post=195449"},{"taxonomy":"product_brand","embeddable":true,"href":"https:\/\/www.tendenzeshabbychic.it\/fr\/wp-json\/wp\/v2\/product_brand?post=195449"},{"taxonomy":"product_cat","embeddable":true,"href":"https:\/\/www.tendenzeshabbychic.it\/fr\/wp-json\/wp\/v2\/product_cat?post=195449"},{"taxonomy":"product_tag","embeddable":true,"href":"https:\/\/www.tendenzeshabbychic.it\/fr\/wp-json\/wp\/v2\/product_tag?post=195449"}],"curies":[{"name":"wp","href":"https:\/\/api.w.org\/{rel}","templated":true}]}}