{"id":195284,"date":"2025-07-24T08:46:05","date_gmt":"2025-07-24T07:46:05","guid":{"rendered":"https:\/\/www.tendenzeshabbychic.it\/prodotto\/blanc-mariclo-set-de-2-tasses-mug-amor-aeternus\/"},"modified":"2025-07-24T11:46:15","modified_gmt":"2025-07-24T10:46:15","slug":"blanc-mariclo-set-de-2-tasses-mug-amor-aeternus","status":"publish","type":"product","link":"https:\/\/www.tendenzeshabbychic.it\/fr\/produit\/blanc-mariclo-set-de-2-tasses-mug-amor-aeternus\/","title":{"rendered":"Blanc MariCl\u00f2 Set de 2 tasses Mug Amor Aeternus"},"content":{"rendered":"<p>Ce set de 2 mugs sign\u00e9s Blanc MariCl\u00f2, de la collection Amor Aeternus, est parfait pour ajouter une touche d&rsquo;amour au petit-d\u00e9jeuner ou aux pauses quotidiennes. R\u00e9alis\u00e9s en c\u00e9ramique blanche, ils sont d\u00e9cor\u00e9s des mots \u00ab\u00a0FOREVER\u00a0\u00bb en lettres rouges et de c\u0153urs stylis\u00e9s. \u00c0 l&rsquo;int\u00e9rieur de chaque tasse, une douce surprise : l&rsquo;inscription \u00ab\u00a0love is love\u00a0\u00bb qui compl\u00e8te le message romantique. Id\u00e9al \u00e9galement comme cadeau de couple ou pour une occasion sp\u00e9ciale telle que la Saint-Valentin.   <\/p>\n<ul>\n<li>Motif romantique avec lettres et c\u0153urs rouges<\/li>\n<li>C\u00e9ramique durable et facile \u00e0 nettoyer<\/li>\n<li>Phrase d\u00e9corative d&rsquo;int\u00e9rieur \u00ab\u00a0love is love\u00a0\u00bb (l&rsquo;amour est l&rsquo;amour)<\/li>\n<li>Parfait pour les cadeaux ou l&rsquo;usage quotidien<\/li>\n<li>Peut \u00eatre coordonn\u00e9 avec des assiettes et des accessoires de la m\u00eame collection<\/li>\n<\/ul>\n","protected":false},"excerpt":{"rendered":"<p>Lot de deux mugs en c\u00e9ramique blanche avec un lettrage rouge \u00ab\u00a0FOREVER\u00a0\u00bb et un c\u0153ur central. \u00c0 l&rsquo;int\u00e9rieur, la phrase \u00ab\u00a0l&rsquo;amour est l&rsquo;amour\u00a0\u00bb ajoute une touche romantique. <\/p>\n<p>\ud83d\udccf 12 x 9 x 9 cm<\/p>\n<p>Avec bo\u00eete cadeau.<\/p>\n","protected":false},"featured_media":188223,"comment_status":"open","ping_status":"closed","template":"","meta":{"_joinchat":[]},"pwb-brand":[1561],"product_brand":[],"product_cat":[1532,2943],"product_tag":[2916,3134],"class_list":{"0":"post-195284","1":"product","2":"type-product","3":"status-publish","4":"has-post-thumbnail","6":"pwb-brand-blanc-mariclo-fr","7":"product_cat-tasses","8":"product_cat-vaisselle","9":"product_tag-ceramique-et-porcelaine","10":"product_tag-saint-valentin","12":"first","13":"instock","14":"taxable","15":"shipping-taxable","16":"purchasable","17":"product-type-simple"},"brands":[{"id":1561,"name":"Blanc Mariclo","slug":"blanc-mariclo-fr"}],"_links":{"self":[{"href":"https:\/\/www.tendenzeshabbychic.it\/fr\/wp-json\/wp\/v2\/product\/195284","targetHints":{"allow":["GET"]}}],"collection":[{"href":"https:\/\/www.tendenzeshabbychic.it\/fr\/wp-json\/wp\/v2\/product"}],"about":[{"href":"https:\/\/www.tendenzeshabbychic.it\/fr\/wp-json\/wp\/v2\/types\/product"}],"replies":[{"embeddable":true,"href":"https:\/\/www.tendenzeshabbychic.it\/fr\/wp-json\/wp\/v2\/comments?post=195284"}],"wp:featuredmedia":[{"embeddable":true,"href":"https:\/\/www.tendenzeshabbychic.it\/fr\/wp-json\/wp\/v2\/media\/188223"}],"wp:attachment":[{"href":"https:\/\/www.tendenzeshabbychic.it\/fr\/wp-json\/wp\/v2\/media?parent=195284"}],"wp:term":[{"taxonomy":"pwb-brand","embeddable":true,"href":"https:\/\/www.tendenzeshabbychic.it\/fr\/wp-json\/wp\/v2\/pwb-brand?post=195284"},{"taxonomy":"product_brand","embeddable":true,"href":"https:\/\/www.tendenzeshabbychic.it\/fr\/wp-json\/wp\/v2\/product_brand?post=195284"},{"taxonomy":"product_cat","embeddable":true,"href":"https:\/\/www.tendenzeshabbychic.it\/fr\/wp-json\/wp\/v2\/product_cat?post=195284"},{"taxonomy":"product_tag","embeddable":true,"href":"https:\/\/www.tendenzeshabbychic.it\/fr\/wp-json\/wp\/v2\/product_tag?post=195284"}],"curies":[{"name":"wp","href":"https:\/\/api.w.org\/{rel}","templated":true}]}}