{"id":195279,"date":"2025-07-24T08:34:53","date_gmt":"2025-07-24T06:34:53","guid":{"rendered":"https:\/\/www.tendenzeshabbychic.it\/prodotto\/blanc-mariclo-set-de-2-assiettes-a-dessert-always-amor-aeternus\/"},"modified":"2025-07-24T11:46:23","modified_gmt":"2025-07-24T10:46:23","slug":"blanc-mariclo-set-de-2-assiettes-a-dessert-always-amor-aeternus","status":"publish","type":"product","link":"https:\/\/www.tendenzeshabbychic.it\/fr\/produit\/blanc-mariclo-set-de-2-assiettes-a-dessert-always-amor-aeternus\/","title":{"rendered":"Blanc MariCl\u00f2 Set de 2 assiettes \u00e0 dessert Always Amor Aeternus"},"content":{"rendered":"<p>Faites de chaque moment un moment sp\u00e9cial avec le set de 2 assiettes \u00e0 dessert Blanc MariCl\u00f2 de la collection Amor Aeternus. R\u00e9alis\u00e9es en c\u00e9ramique blanche avec un \u00e9l\u00e9gant bord festonn\u00e9, elles sont orn\u00e9es d&rsquo;une d\u00e9coration romantique : un c\u0153ur rouge vif accompagn\u00e9 du mot \u00a0\u00bb toujours \u00a0\u00bb en \u00e9l\u00e9gante calligraphie. Parfaites pour un petit d\u00e9jeuner en amoureux ou une douce pause dans l&rsquo;apr\u00e8s-midi, elles apportent une touche d&rsquo;\u00e9motion \u00e0 la table.  <\/p>\n<ul>\n<li>\u00c9l\u00e9gante c\u00e9ramique blanche avec bord festonn\u00e9<\/li>\n<li>D\u00e9coration avec c\u0153ur rouge et inscription \u00ab\u00a0toujours\u00a0\u00bb.<\/li>\n<li>Id\u00e9al pour les petits d\u00e9jeuners ou les desserts romantiques<\/li>\n<li>Collection Amor Aeternus, parfaite pour la Saint-Valentin<\/li>\n<li>Lot de 2 assiettes<\/li>\n<\/ul>\n","protected":false},"excerpt":{"rendered":"<p>Ensemble de 2 soucoupes en c\u00e9ramique blanche avec bord festonn\u00e9, d\u00e9cor de coeur rouge et inscription \u00ab\u00a0always\u00a0\u00bb. Collection Amor Aeternus.<br \/>\n\ud83d\udccf 15 x 15 x 2 cm<\/p>\n<p>Avec bo\u00eete cadeau.<\/p>\n","protected":false},"featured_media":188203,"comment_status":"open","ping_status":"closed","template":"","meta":{"_joinchat":[]},"pwb-brand":[1561],"product_brand":[],"product_cat":[1528,2943],"product_tag":[2916,3134],"class_list":{"0":"post-195279","1":"product","2":"type-product","3":"status-publish","4":"has-post-thumbnail","6":"pwb-brand-blanc-mariclo-fr","7":"product_cat-arts-de-la-table","8":"product_cat-vaisselle","9":"product_tag-ceramique-et-porcelaine","10":"product_tag-saint-valentin","12":"first","13":"instock","14":"taxable","15":"shipping-taxable","16":"purchasable","17":"product-type-simple"},"brands":[{"id":1561,"name":"Blanc Mariclo","slug":"blanc-mariclo-fr"}],"_links":{"self":[{"href":"https:\/\/www.tendenzeshabbychic.it\/fr\/wp-json\/wp\/v2\/product\/195279","targetHints":{"allow":["GET"]}}],"collection":[{"href":"https:\/\/www.tendenzeshabbychic.it\/fr\/wp-json\/wp\/v2\/product"}],"about":[{"href":"https:\/\/www.tendenzeshabbychic.it\/fr\/wp-json\/wp\/v2\/types\/product"}],"replies":[{"embeddable":true,"href":"https:\/\/www.tendenzeshabbychic.it\/fr\/wp-json\/wp\/v2\/comments?post=195279"}],"wp:featuredmedia":[{"embeddable":true,"href":"https:\/\/www.tendenzeshabbychic.it\/fr\/wp-json\/wp\/v2\/media\/188203"}],"wp:attachment":[{"href":"https:\/\/www.tendenzeshabbychic.it\/fr\/wp-json\/wp\/v2\/media?parent=195279"}],"wp:term":[{"taxonomy":"pwb-brand","embeddable":true,"href":"https:\/\/www.tendenzeshabbychic.it\/fr\/wp-json\/wp\/v2\/pwb-brand?post=195279"},{"taxonomy":"product_brand","embeddable":true,"href":"https:\/\/www.tendenzeshabbychic.it\/fr\/wp-json\/wp\/v2\/product_brand?post=195279"},{"taxonomy":"product_cat","embeddable":true,"href":"https:\/\/www.tendenzeshabbychic.it\/fr\/wp-json\/wp\/v2\/product_cat?post=195279"},{"taxonomy":"product_tag","embeddable":true,"href":"https:\/\/www.tendenzeshabbychic.it\/fr\/wp-json\/wp\/v2\/product_tag?post=195279"}],"curies":[{"name":"wp","href":"https:\/\/api.w.org\/{rel}","templated":true}]}}