{"id":195268,"date":"2025-07-24T05:37:47","date_gmt":"2025-07-24T04:37:47","guid":{"rendered":"https:\/\/www.tendenzeshabbychic.it\/prodotto\/blanc-mariclo-bouchon-de-bouteille-cerf-foret-ancienne-h-29-cm\/"},"modified":"2025-05-27T18:37:47","modified_gmt":"2025-05-27T17:37:47","slug":"blanc-mariclo-bouchon-de-bouteille-cerf-foret-ancienne-h-29-cm","status":"publish","type":"product","link":"https:\/\/www.tendenzeshabbychic.it\/fr\/produit\/blanc-mariclo-bouchon-de-bouteille-cerf-foret-ancienne-h-29-cm\/","title":{"rendered":"Blanc MariCl\u00f2 Bouchon de bouteille Cerf For\u00eat ancienne h 29 cm"},"content":{"rendered":"<p>La bouteille Blanc MariCl\u00f2 de la collection <em>Selva Antica<\/em> est un accessoire d&rsquo;ameublement raffin\u00e9 et fonctionnel. Le verre grav\u00e9 de motifs g\u00e9om\u00e9triques se marie parfaitement avec le bouchon en m\u00e9tal vert antique, en forme de t\u00eate de cerf. Id\u00e9ale pour servir des liqueurs pendant les f\u00eates ou pour \u00eatre expos\u00e9e comme \u00e9l\u00e9ment d\u00e9coratif sur les buffets, les vitrines ou les tables de No\u00ebl rustiques-chic.  <\/p>\n<ul>\n<li>Capuchon d\u00e9coratif en m\u00e9tal \u00e0 l&rsquo;effet vintage<\/li>\n<li>Verre avec gravures g\u00e9om\u00e9triques<\/li>\n<li>El\u00e9gant et fonctionnel pour les liqueurs ou les eaux aromatis\u00e9es<\/li>\n<li>Le style \u00ab\u00a0for\u00eat enchant\u00e9e\u00a0\u00bb pour les d\u00e9cors naturels<\/li>\n<li>Collection <em>Selva Antica<\/em> Blanc MariCl\u00f2<\/li>\n<\/ul>\n\n\t<section class=\"section linkified dark\" id=\"section_1565411185\">\n\t\t<div class=\"section-bg fill\" >\n\t\t\t<img loading=\"lazy\" decoding=\"async\" width=\"800\" height=\"213\" src=\"https:\/\/www.tendenzeshabbychic.it\/wp-content\/uploads\/2021\/09\/natale-hero-1-800x213.jpg\" class=\"bg attachment-medium size-medium\" alt=\"\" \/>\t\t\t\t\t\t<div class=\"section-bg-overlay absolute fill\"><\/div>\n\t\t\t\n\n\t\t<\/div>\n\n\t\t\n\n\t\t<div class=\"section-content relative\">\n\t\t\t\n\n<div class=\"row\"  id=\"row-662304428\">\n\n\n\t<div id=\"col-1118817658\" class=\"col small-12 large-12\"  >\n\t\t\t\t<div class=\"col-inner text-center\"  >\n\t\t\t\n\t\t\t\n\n<h3><span style=\"font-size: 180%;\">No\u00ebl<\/span><\/h3>\n<p>D\u00e9couvrez la large s\u00e9lection de produits pour d\u00e9corer votre maison pour No\u00ebl.<\/p>\n<a href=\"https:\/\/www.tendenzeshabbychic.it\/fr\/categorie-de-produit\/noel\/\" class=\"button alert is-shade box-shadow-3 box-shadow-5-hover\" style=\"border-radius:5px;\">\n\t\t<span>Cliquez ici<\/span>\n\t<\/a>\n\n\n\n\t\t<\/div>\n\t\t\t\t\t<\/div>\n\n\t\n\n<\/div>\n\n\t\t<\/div>\n\n\t\t\n<style>\n#section_1565411185 {\n  padding-top: 12px;\n  padding-bottom: 12px;\n}\n#section_1565411185 .section-bg-overlay {\n  background-color: rgba(0, 0, 0, 0.419);\n}\n#section_1565411185 .section-bg img {\n  object-position: 21% 51%;\n}\n@media (min-width:550px) {\n  #section_1565411185 {\n    padding-top: 57px;\n    padding-bottom: 57px;\n  }\n}\n<\/style>\n\t<\/section>\n\t\n","protected":false},"excerpt":{"rendered":"<p>Bouteille en verre grav\u00e9 avec bouchon m\u00e9tallique en forme de t\u00eate de cerf vert antique. Collection Selva Antica.<br \/>\n\ud83d\udccf 29 x 10 x 10 cm<\/p>\n","protected":false},"featured_media":184795,"comment_status":"open","ping_status":"closed","template":"","meta":{"_joinchat":[]},"pwb-brand":[1561],"product_brand":[],"product_cat":[1472,1503],"product_tag":[1310],"class_list":{"0":"post-195268","1":"product","2":"type-product","3":"status-publish","4":"has-post-thumbnail","6":"pwb-brand-blanc-mariclo-fr","7":"product_cat-cuisine","8":"product_cat-noel","9":"product_tag-patine-vintage","11":"first","12":"instock","13":"sale","14":"taxable","15":"shipping-taxable","16":"purchasable","17":"product-type-simple"},"brands":[{"id":1561,"name":"Blanc Mariclo","slug":"blanc-mariclo-fr"}],"_links":{"self":[{"href":"https:\/\/www.tendenzeshabbychic.it\/fr\/wp-json\/wp\/v2\/product\/195268","targetHints":{"allow":["GET"]}}],"collection":[{"href":"https:\/\/www.tendenzeshabbychic.it\/fr\/wp-json\/wp\/v2\/product"}],"about":[{"href":"https:\/\/www.tendenzeshabbychic.it\/fr\/wp-json\/wp\/v2\/types\/product"}],"replies":[{"embeddable":true,"href":"https:\/\/www.tendenzeshabbychic.it\/fr\/wp-json\/wp\/v2\/comments?post=195268"}],"wp:featuredmedia":[{"embeddable":true,"href":"https:\/\/www.tendenzeshabbychic.it\/fr\/wp-json\/wp\/v2\/media\/184795"}],"wp:attachment":[{"href":"https:\/\/www.tendenzeshabbychic.it\/fr\/wp-json\/wp\/v2\/media?parent=195268"}],"wp:term":[{"taxonomy":"pwb-brand","embeddable":true,"href":"https:\/\/www.tendenzeshabbychic.it\/fr\/wp-json\/wp\/v2\/pwb-brand?post=195268"},{"taxonomy":"product_brand","embeddable":true,"href":"https:\/\/www.tendenzeshabbychic.it\/fr\/wp-json\/wp\/v2\/product_brand?post=195268"},{"taxonomy":"product_cat","embeddable":true,"href":"https:\/\/www.tendenzeshabbychic.it\/fr\/wp-json\/wp\/v2\/product_cat?post=195268"},{"taxonomy":"product_tag","embeddable":true,"href":"https:\/\/www.tendenzeshabbychic.it\/fr\/wp-json\/wp\/v2\/product_tag?post=195268"}],"curies":[{"name":"wp","href":"https:\/\/api.w.org\/{rel}","templated":true}]}}