{"id":195263,"date":"2025-07-24T01:20:26","date_gmt":"2025-07-24T00:20:26","guid":{"rendered":"https:\/\/www.tendenzeshabbychic.it\/prodotto\/blanc-mariclo-miroir-sur-pied-selva-antica-h-37-cm\/"},"modified":"2025-07-18T14:09:19","modified_gmt":"2025-07-18T13:09:19","slug":"blanc-mariclo-miroir-sur-pied-selva-antica-h-37-cm","status":"publish","type":"product","link":"https:\/\/www.tendenzeshabbychic.it\/fr\/produit\/blanc-mariclo-miroir-sur-pied-selva-antica-h-37-cm\/","title":{"rendered":"Blanc MariCl\u00f2 Miroir sur pied Selva Antica h 37 cm"},"content":{"rendered":"<p>Le miroir sur pied Blanc MariCl\u00f2 de la collection <em>Selva Antica<\/em> est un \u00e9l\u00e9gant compl\u00e9ment de style r\u00e9tro pour votre coiffeuse ou votre table console. R\u00e9alis\u00e9 en m\u00e9tal avec une finition verte \u00e0 effet vieilli, il pr\u00e9sente un cadre ovale d\u00e9cor\u00e9 et une articulation lat\u00e9rale qui permet de r\u00e9gler l&rsquo;inclinaison. La base en forme assure la stabilit\u00e9 et une touche d\u00e9corative raffin\u00e9e, id\u00e9ale pour les ambiances shabby, rustiques ou natural chic.  <\/p>\n<ul>\n<li>Cadre ovale avec d\u00e9tails floraux<\/li>\n<li>M\u00e9tal avec finition antique verte<\/li>\n<li>Inclinaison r\u00e9glable<\/li>\n<li>Accessoire \u00e9l\u00e9gant de console ou de coiffeuse<\/li>\n<li>Collection <em>Selva Antica<\/em> Blanc MariCl\u00f2<\/li>\n<\/ul>\n","protected":false},"excerpt":{"rendered":"<p>Miroir de table ovale avec pi\u00e9destal et cadre en m\u00e9tal vert \u00e0 effet antique. Collection Selva Antica.<br \/>\n\ud83d\udccf 37 x 17 x 11 cm<\/p>\n","protected":false},"featured_media":184778,"comment_status":"open","ping_status":"closed","template":"","meta":{"_joinchat":[]},"pwb-brand":[1561],"product_brand":[],"product_cat":[1529],"product_tag":[],"class_list":{"0":"post-195263","1":"product","2":"type-product","3":"status-publish","4":"has-post-thumbnail","6":"pwb-brand-blanc-mariclo-fr","7":"product_cat-miroirs","9":"first","10":"instock","11":"taxable","12":"shipping-taxable","13":"purchasable","14":"product-type-simple"},"brands":[{"id":1561,"name":"Blanc Mariclo","slug":"blanc-mariclo-fr"}],"_links":{"self":[{"href":"https:\/\/www.tendenzeshabbychic.it\/fr\/wp-json\/wp\/v2\/product\/195263","targetHints":{"allow":["GET"]}}],"collection":[{"href":"https:\/\/www.tendenzeshabbychic.it\/fr\/wp-json\/wp\/v2\/product"}],"about":[{"href":"https:\/\/www.tendenzeshabbychic.it\/fr\/wp-json\/wp\/v2\/types\/product"}],"replies":[{"embeddable":true,"href":"https:\/\/www.tendenzeshabbychic.it\/fr\/wp-json\/wp\/v2\/comments?post=195263"}],"wp:featuredmedia":[{"embeddable":true,"href":"https:\/\/www.tendenzeshabbychic.it\/fr\/wp-json\/wp\/v2\/media\/184778"}],"wp:attachment":[{"href":"https:\/\/www.tendenzeshabbychic.it\/fr\/wp-json\/wp\/v2\/media?parent=195263"}],"wp:term":[{"taxonomy":"pwb-brand","embeddable":true,"href":"https:\/\/www.tendenzeshabbychic.it\/fr\/wp-json\/wp\/v2\/pwb-brand?post=195263"},{"taxonomy":"product_brand","embeddable":true,"href":"https:\/\/www.tendenzeshabbychic.it\/fr\/wp-json\/wp\/v2\/product_brand?post=195263"},{"taxonomy":"product_cat","embeddable":true,"href":"https:\/\/www.tendenzeshabbychic.it\/fr\/wp-json\/wp\/v2\/product_cat?post=195263"},{"taxonomy":"product_tag","embeddable":true,"href":"https:\/\/www.tendenzeshabbychic.it\/fr\/wp-json\/wp\/v2\/product_tag?post=195263"}],"curies":[{"name":"wp","href":"https:\/\/api.w.org\/{rel}","templated":true}]}}