{"id":195262,"date":"2025-07-24T05:38:00","date_gmt":"2025-07-24T04:38:00","guid":{"rendered":"https:\/\/www.tendenzeshabbychic.it\/prodotto\/blanc-mariclo-miroir-base-fixe-selva-antica-h-45-cm\/"},"modified":"2025-07-18T14:09:19","modified_gmt":"2025-07-18T13:09:19","slug":"blanc-mariclo-miroir-base-fixe-selva-antica-h-45-cm","status":"publish","type":"product","link":"https:\/\/www.tendenzeshabbychic.it\/fr\/produit\/blanc-mariclo-miroir-base-fixe-selva-antica-h-45-cm\/","title":{"rendered":"Blanc MariCl\u00f2 Miroir Base fixe Selva Antica h 45 cm"},"content":{"rendered":"<p>Le miroir Blanc MariCl\u00f2 de la collection <em>Selva Antica<\/em> est un objet de d\u00e9coration au charme vintage et romantique. La structure enti\u00e8rement m\u00e9tallique est rehauss\u00e9e d&rsquo;une finition vert antique et d&rsquo;un cadre fa\u00e7onn\u00e9 avec des d\u00e9tails floraux et un n\u0153ud dans la partie sup\u00e9rieure. Stable gr\u00e2ce \u00e0 sa base fixe, il est parfait pour d\u00e9corer les toilettes, les consoles ou les coins \u00e9l\u00e9gants de la maison dans un style Shabby Chic ou naturel chic.  <\/p>\n<ul>\n<li>Cadre d\u00e9coratif avec motifs floraux et n\u0153ud<\/li>\n<li>M\u00e9tal vert avec effet vieilli<\/li>\n<li>Base stable pour une utilisation sur table<\/li>\n<li>Un style r\u00e9tro raffin\u00e9<\/li>\n<li>Collection <em>Selva Antica<\/em> Blanc MariCl\u00f2<\/li>\n<\/ul>\n","protected":false},"excerpt":{"rendered":"<p>Miroir d\u00e9coratif ovale en m\u00e9tal antique vert avec base fixe et cadre fa\u00e7onn\u00e9. Collection Selva Antica.<br \/>\n\ud83d\udccf 45 x 12 x 11 cm<\/p>\n","protected":false},"featured_media":184785,"comment_status":"open","ping_status":"closed","template":"","meta":{"_joinchat":[]},"pwb-brand":[1561],"product_brand":[],"product_cat":[1529],"product_tag":[],"class_list":{"0":"post-195262","1":"product","2":"type-product","3":"status-publish","4":"has-post-thumbnail","6":"pwb-brand-blanc-mariclo-fr","7":"product_cat-miroirs","9":"first","10":"instock","11":"taxable","12":"shipping-taxable","13":"purchasable","14":"product-type-simple"},"brands":[{"id":1561,"name":"Blanc Mariclo","slug":"blanc-mariclo-fr"}],"_links":{"self":[{"href":"https:\/\/www.tendenzeshabbychic.it\/fr\/wp-json\/wp\/v2\/product\/195262","targetHints":{"allow":["GET"]}}],"collection":[{"href":"https:\/\/www.tendenzeshabbychic.it\/fr\/wp-json\/wp\/v2\/product"}],"about":[{"href":"https:\/\/www.tendenzeshabbychic.it\/fr\/wp-json\/wp\/v2\/types\/product"}],"replies":[{"embeddable":true,"href":"https:\/\/www.tendenzeshabbychic.it\/fr\/wp-json\/wp\/v2\/comments?post=195262"}],"wp:featuredmedia":[{"embeddable":true,"href":"https:\/\/www.tendenzeshabbychic.it\/fr\/wp-json\/wp\/v2\/media\/184785"}],"wp:attachment":[{"href":"https:\/\/www.tendenzeshabbychic.it\/fr\/wp-json\/wp\/v2\/media?parent=195262"}],"wp:term":[{"taxonomy":"pwb-brand","embeddable":true,"href":"https:\/\/www.tendenzeshabbychic.it\/fr\/wp-json\/wp\/v2\/pwb-brand?post=195262"},{"taxonomy":"product_brand","embeddable":true,"href":"https:\/\/www.tendenzeshabbychic.it\/fr\/wp-json\/wp\/v2\/product_brand?post=195262"},{"taxonomy":"product_cat","embeddable":true,"href":"https:\/\/www.tendenzeshabbychic.it\/fr\/wp-json\/wp\/v2\/product_cat?post=195262"},{"taxonomy":"product_tag","embeddable":true,"href":"https:\/\/www.tendenzeshabbychic.it\/fr\/wp-json\/wp\/v2\/product_tag?post=195262"}],"curies":[{"name":"wp","href":"https:\/\/api.w.org\/{rel}","templated":true}]}}