{"id":195261,"date":"2025-07-24T01:52:31","date_gmt":"2025-07-24T00:52:31","guid":{"rendered":"https:\/\/www.tendenzeshabbychic.it\/prodotto\/blanc-mariclo-jarre-a-renne-foret-antique-h-39-cm\/"},"modified":"2025-05-27T17:52:31","modified_gmt":"2025-05-27T16:52:31","slug":"blanc-mariclo-jarre-a-renne-foret-antique-h-39-cm","status":"publish","type":"product","link":"https:\/\/www.tendenzeshabbychic.it\/fr\/produit\/blanc-mariclo-jarre-a-renne-foret-antique-h-39-cm\/","title":{"rendered":"Blanc MariCl\u00f2 Jarre \u00e0 renne for\u00eat antique h 39 cm"},"content":{"rendered":"<p>La jarre d\u00e9corative Blanc MariCl\u00f2 de la collection <em>Selva Antica<\/em> est un objet au charme rustique et f\u00e9erique. La base en verre transparent est associ\u00e9e \u00e0 un couvercle en m\u00e9tal \u00e0 l&rsquo;effet vintage, surmont\u00e9 d&rsquo;une remarquable t\u00eate de renne vert antique. Parfait comme \u00e9l\u00e9ment d\u00e9coratif pour les cuisines, les salons ou les arrangements de No\u00ebl de style naturel, il peut contenir des biscuits, des \u00e9pices ou de petits objets.  <\/p>\n<ul>\n<li>Verre transparent et m\u00e9tal effet vintage<\/li>\n<li>Couvercle d\u00e9cor\u00e9 d&rsquo;un renne sculpt\u00e9<\/li>\n<li>Id\u00e9al comme r\u00e9cipient ou objet d\u00e9coratif<\/li>\n<li>Style rustique de No\u00ebl<\/li>\n<li>Collection <em>Selva Antica<\/em> Blanc MariCl\u00f2<\/li>\n<\/ul>\n\n\t<section class=\"section linkified dark\" id=\"section_1241082367\">\n\t\t<div class=\"section-bg fill\" >\n\t\t\t<img loading=\"lazy\" decoding=\"async\" width=\"800\" height=\"213\" src=\"https:\/\/www.tendenzeshabbychic.it\/wp-content\/uploads\/2021\/09\/natale-hero-1-800x213.jpg\" class=\"bg attachment-medium size-medium\" alt=\"\" \/>\t\t\t\t\t\t<div class=\"section-bg-overlay absolute fill\"><\/div>\n\t\t\t\n\n\t\t<\/div>\n\n\t\t\n\n\t\t<div class=\"section-content relative\">\n\t\t\t\n\n<div class=\"row\"  id=\"row-849342835\">\n\n\n\t<div id=\"col-1398111669\" class=\"col small-12 large-12\"  >\n\t\t\t\t<div class=\"col-inner text-center\"  >\n\t\t\t\n\t\t\t\n\n<h3><span style=\"font-size: 180%;\">No\u00ebl<\/span><\/h3>\n<p>D\u00e9couvrez la large s\u00e9lection de produits pour d\u00e9corer votre maison pour No\u00ebl.<\/p>\n<a href=\"https:\/\/www.tendenzeshabbychic.it\/fr\/categorie-de-produit\/noel\/\" class=\"button alert is-shade box-shadow-3 box-shadow-5-hover\" style=\"border-radius:5px;\">\n\t\t<span>Cliquez ici<\/span>\n\t<\/a>\n\n\n\n\t\t<\/div>\n\t\t\t\t\t<\/div>\n\n\t\n\n<\/div>\n\n\t\t<\/div>\n\n\t\t\n<style>\n#section_1241082367 {\n  padding-top: 12px;\n  padding-bottom: 12px;\n}\n#section_1241082367 .section-bg-overlay {\n  background-color: rgba(0, 0, 0, 0.419);\n}\n#section_1241082367 .section-bg img {\n  object-position: 21% 51%;\n}\n@media (min-width:550px) {\n  #section_1241082367 {\n    padding-top: 57px;\n    padding-bottom: 57px;\n  }\n}\n<\/style>\n\t<\/section>\n\t\n","protected":false},"excerpt":{"rendered":"<p>Pot en verre avec couvercle en m\u00e9tal vert vintage en forme de t\u00eate de renne. Collection Selva Antica.<br \/>\n\ud83d\udccf 39 x 16 x 16 cm<\/p>\n","protected":false},"featured_media":184774,"comment_status":"open","ping_status":"closed","template":"","meta":{"_joinchat":[]},"pwb-brand":[1561],"product_brand":[],"product_cat":[1472,1503],"product_tag":[1310,3349],"class_list":{"0":"post-195261","1":"product","2":"type-product","3":"status-publish","4":"has-post-thumbnail","6":"pwb-brand-blanc-mariclo-fr","7":"product_cat-cuisine","8":"product_cat-noel","9":"product_tag-patine-vintage","10":"product_tag-rennes-decorations-et-textiles-de-noel","12":"first","13":"instock","14":"sale","15":"taxable","16":"shipping-taxable","17":"purchasable","18":"product-type-simple"},"brands":[{"id":1561,"name":"Blanc Mariclo","slug":"blanc-mariclo-fr"}],"_links":{"self":[{"href":"https:\/\/www.tendenzeshabbychic.it\/fr\/wp-json\/wp\/v2\/product\/195261","targetHints":{"allow":["GET"]}}],"collection":[{"href":"https:\/\/www.tendenzeshabbychic.it\/fr\/wp-json\/wp\/v2\/product"}],"about":[{"href":"https:\/\/www.tendenzeshabbychic.it\/fr\/wp-json\/wp\/v2\/types\/product"}],"replies":[{"embeddable":true,"href":"https:\/\/www.tendenzeshabbychic.it\/fr\/wp-json\/wp\/v2\/comments?post=195261"}],"wp:featuredmedia":[{"embeddable":true,"href":"https:\/\/www.tendenzeshabbychic.it\/fr\/wp-json\/wp\/v2\/media\/184774"}],"wp:attachment":[{"href":"https:\/\/www.tendenzeshabbychic.it\/fr\/wp-json\/wp\/v2\/media?parent=195261"}],"wp:term":[{"taxonomy":"pwb-brand","embeddable":true,"href":"https:\/\/www.tendenzeshabbychic.it\/fr\/wp-json\/wp\/v2\/pwb-brand?post=195261"},{"taxonomy":"product_brand","embeddable":true,"href":"https:\/\/www.tendenzeshabbychic.it\/fr\/wp-json\/wp\/v2\/product_brand?post=195261"},{"taxonomy":"product_cat","embeddable":true,"href":"https:\/\/www.tendenzeshabbychic.it\/fr\/wp-json\/wp\/v2\/product_cat?post=195261"},{"taxonomy":"product_tag","embeddable":true,"href":"https:\/\/www.tendenzeshabbychic.it\/fr\/wp-json\/wp\/v2\/product_tag?post=195261"}],"curies":[{"name":"wp","href":"https:\/\/api.w.org\/{rel}","templated":true}]}}