{"id":195254,"date":"2025-07-24T11:51:13","date_gmt":"2025-07-24T10:51:13","guid":{"rendered":"https:\/\/www.tendenzeshabbychic.it\/prodotto\/blanc-mariclo-set-3-spheres-16cm-selva-antica\/"},"modified":"2026-02-13T22:11:49","modified_gmt":"2026-02-13T21:11:49","slug":"blanc-mariclo-set-3-spheres-16cm-selva-antica","status":"publish","type":"product","link":"https:\/\/www.tendenzeshabbychic.it\/fr\/produit\/blanc-mariclo-set-3-spheres-16cm-selva-antica\/","title":{"rendered":"Blanc MariCl\u00f2 Set 3 Sph\u00e8res 16cm Selva Antica"},"content":{"rendered":"<p>Les boules de No\u00ebl de la collection <em>Selva Antica<\/em> de Blanc MariCl\u00f2 \u00e9voquent des atmosph\u00e8res enchant\u00e9es et r\u00e9tro. R\u00e9alis\u00e9es en r\u00e9sine avec une finition vert antique, elles pr\u00e9sentent des d\u00e9corations en relief raffin\u00e9es avec des motifs floraux et baroques. <\/p>\n<p>Chaque boule est accompagn\u00e9e d&rsquo;un d\u00e9licat ruban ivoire \u00e0 suspendre. \u00c9galement id\u00e9ales comme d\u00e9corations de table dans des d\u00e9cors naturels ou Shabby Chic. <\/p>\n<ul>\n<li>Finition textur\u00e9e \u00e0 effet antique<\/li>\n<li>Charmantes d\u00e9corations en relief<\/li>\n<li>Id\u00e9al pour les centres de table<\/li>\n<li>Style rustique et raffin\u00e9<\/li>\n<li>Collection <em>Selva Antica<\/em> Blanc MariCl\u00f2<\/li>\n<\/ul>\n<p><span style=\"color: #555555;\">\n\t<section class=\"section linkified dark\" id=\"section_127575537\">\n\t\t<div class=\"section-bg fill\" >\n\t\t\t<img loading=\"lazy\" decoding=\"async\" width=\"800\" height=\"213\" src=\"https:\/\/www.tendenzeshabbychic.it\/wp-content\/uploads\/2021\/09\/natale-hero-1-800x213.jpg\" class=\"bg attachment-medium size-medium\" alt=\"\" \/>\t\t\t\t\t\t<div class=\"section-bg-overlay absolute fill\"><\/div>\n\t\t\t\n\n\t\t<\/div>\n\n\t\t\n\n\t\t<div class=\"section-content relative\">\n\t\t\t\n\n<div class=\"row\"  id=\"row-310924858\">\n\n\n\t<div id=\"col-220132068\" class=\"col small-12 large-12\"  >\n\t\t\t\t<div class=\"col-inner text-center\"  >\n\t\t\t\n\t\t\t\n\n<h3><span style=\"font-size: 180%;\">No\u00ebl<\/span><\/h3>\n<p>D\u00e9couvrez la large s\u00e9lection de produits pour d\u00e9corer votre maison pour No\u00ebl.<\/p>\n<a href=\"https:\/\/www.tendenzeshabbychic.it\/fr\/categorie-de-produit\/noel\/\" class=\"button alert is-shade box-shadow-3 box-shadow-5-hover\" style=\"border-radius:5px;\">\n\t\t<span>Cliquez ici<\/span>\n\t<\/a>\n\n\n\n\t\t<\/div>\n\t\t\t\t\t<\/div>\n\n\t\n\n<\/div>\n\n\t\t<\/div>\n\n\t\t\n<style>\n#section_127575537 {\n  padding-top: 12px;\n  padding-bottom: 12px;\n}\n#section_127575537 .section-bg-overlay {\n  background-color: rgba(0, 0, 0, 0.419);\n}\n#section_127575537 .section-bg img {\n  object-position: 21% 51%;\n}\n@media (min-width:550px) {\n  #section_127575537 {\n    padding-top: 57px;\n    padding-bottom: 57px;\n  }\n}\n<\/style>\n\t<\/section>\n\t<\/span><\/p>\n","protected":false},"excerpt":{"rendered":"<p>Lot de 3 boules de No\u00ebl en r\u00e9sine \u00e0 l&rsquo;effet vintage, avec motifs en relief et finition vert antique.<br \/>\n\ud83d\udccf 16 x 12 x 12 cm<\/p>\n<p>Ne convient pas pour \u00eatre accroch\u00e9 \u00e0 un arbre. Chaque boule p\u00e8se 300 g. <\/p>\n","protected":false},"featured_media":184742,"comment_status":"open","ping_status":"closed","template":"","meta":{"_joinchat":[]},"pwb-brand":[1561],"product_brand":[],"product_cat":[2465,1503,1505],"product_tag":[],"class_list":{"0":"post-195254","1":"product","2":"type-product","3":"status-publish","4":"has-post-thumbnail","6":"pwb-brand-blanc-mariclo-fr","7":"product_cat-boules-et-decorations-de-sapin-de-noel","8":"product_cat-noel","9":"product_cat-objets","11":"first","12":"instock","13":"sale","14":"taxable","15":"shipping-taxable","16":"purchasable","17":"product-type-simple"},"brands":[{"id":1561,"name":"Blanc Mariclo","slug":"blanc-mariclo-fr"}],"_links":{"self":[{"href":"https:\/\/www.tendenzeshabbychic.it\/fr\/wp-json\/wp\/v2\/product\/195254","targetHints":{"allow":["GET"]}}],"collection":[{"href":"https:\/\/www.tendenzeshabbychic.it\/fr\/wp-json\/wp\/v2\/product"}],"about":[{"href":"https:\/\/www.tendenzeshabbychic.it\/fr\/wp-json\/wp\/v2\/types\/product"}],"replies":[{"embeddable":true,"href":"https:\/\/www.tendenzeshabbychic.it\/fr\/wp-json\/wp\/v2\/comments?post=195254"}],"wp:featuredmedia":[{"embeddable":true,"href":"https:\/\/www.tendenzeshabbychic.it\/fr\/wp-json\/wp\/v2\/media\/184742"}],"wp:attachment":[{"href":"https:\/\/www.tendenzeshabbychic.it\/fr\/wp-json\/wp\/v2\/media?parent=195254"}],"wp:term":[{"taxonomy":"pwb-brand","embeddable":true,"href":"https:\/\/www.tendenzeshabbychic.it\/fr\/wp-json\/wp\/v2\/pwb-brand?post=195254"},{"taxonomy":"product_brand","embeddable":true,"href":"https:\/\/www.tendenzeshabbychic.it\/fr\/wp-json\/wp\/v2\/product_brand?post=195254"},{"taxonomy":"product_cat","embeddable":true,"href":"https:\/\/www.tendenzeshabbychic.it\/fr\/wp-json\/wp\/v2\/product_cat?post=195254"},{"taxonomy":"product_tag","embeddable":true,"href":"https:\/\/www.tendenzeshabbychic.it\/fr\/wp-json\/wp\/v2\/product_tag?post=195254"}],"curies":[{"name":"wp","href":"https:\/\/api.w.org\/{rel}","templated":true}]}}