{"id":190175,"date":"2025-07-25T15:39:57","date_gmt":"2025-07-25T14:39:57","guid":{"rendered":"https:\/\/www.tendenzeshabbychic.it\/?post_type=product&#038;p=190175"},"modified":"2025-06-28T21:25:11","modified_gmt":"2025-06-28T20:25:11","slug":"base-darbre-de-noel-edg-edg-en-forme-darc-rouge-%f0%9f%8e%80-copia-copia-copia","status":"publish","type":"product","link":"https:\/\/www.tendenzeshabbychic.it\/fr\/produit\/base-darbre-de-noel-edg-edg-en-forme-darc-rouge-%f0%9f%8e%80-copia-copia-copia\/","title":{"rendered":"EDG Base de l&rsquo;arbre en velours vert bois H45 cm"},"content":{"rendered":"<p>Raffin\u00e9 et original, le pied d&rsquo;arbre EDG en velours vert for\u00eat enrichit la pi\u00e8ce d&rsquo;une \u00e9l\u00e9gance discr\u00e8te. La forme en arc ajoute une touche sc\u00e9nique sans sacrifier la sobri\u00e9t\u00e9 chromatique. R\u00e9alis\u00e9 en poly-r\u00e9sine avec un rev\u00eatement velout\u00e9, il est parfait pour les environnements sophistiqu\u00e9s et peut \u00eatre coordonn\u00e9 avec des d\u00e9corations dor\u00e9es ou naturelles. Id\u00e9al pour ceux qui recherchent un d\u00e9tail sophistiqu\u00e9 pour leur arbre.   <\/p>\n<ul>\n<li>Un n\u0153ud \u00e9l\u00e9gant et caract\u00e9ristique EDG<\/li>\n<li>Velours mat en vert for\u00eat<\/li>\n<li>Fabriqu\u00e9 en poly-r\u00e9sine durable et stable<\/li>\n<li>Parfait pour les environnements classiques et modernes<\/li>\n<li>Dissimuler la base de l&rsquo;arbre avec style<\/li>\n<\/ul>\n\n\t<section class=\"section dark\" id=\"section_1162191302\">\n\t\t<div class=\"section-bg fill\" >\n\t\t\t\t\t\t\t\t\t<div class=\"section-bg-overlay absolute fill\"><\/div>\n\t\t\t\n\n\t\t<\/div>\n\n\t\t\n\n\t\t<div class=\"section-content relative\">\n\t\t\t\n\n<div class=\"row align-center\"  id=\"row-1281385642\">\n\n\n\t<div id=\"col-1134139698\" class=\"col medium-10 small-12 large-10\"  >\n\t\t\t\t<div class=\"col-inner text-center\"  >\n\t\t\t\n\t\t\t\n\n\t<div id=\"gap-1905401944\" class=\"gap-element clearfix\" style=\"display:block; height:auto;\">\n\t\t\n<style>\n#gap-1905401944 {\n  padding-top: 10px;\n}\n@media (min-width:550px) {\n  #gap-1905401944 {\n    padding-top: 30px;\n  }\n}\n<\/style>\n\t<\/div>\n\t\n\n\t<div id=\"text-2195849075\" class=\"text\">\n\t\t\n\n<h3 class=\"uppercase\" style=\"text-align: center;\">TOUT POUR VOTRE ARBRE DE NO\u00cbL<\/h3>\n<p style=\"text-align: left;\">D\u00e9couvrez les nombreuses d\u00e9corations disponibles, les nombreux mat\u00e9riaux (du verre au bois), les diff\u00e9rents designs et styles.<\/p>\n\t\t\n<style>\n#text-2195849075 {\n  font-size: 1.4rem;\n  text-align: left;\n}\n<\/style>\n\t<\/div>\n\t\n<a href=\"https:\/\/www.tendenzeshabbychic.it\/fr\/categorie-de-produit\/noel\/boules-et-decorations-de-sapin-de-noel\/\" class=\"button white is-outline\" style=\"border-radius:79px;\">\n\t\t<span>\ud83c\udf84 D\u00e9corez votre sapin \ud83c\udf84<\/span>\n\t<\/a>\n\n\n\n\t\t<\/div>\n\t\t\t\t\t<\/div>\n\n\t\n\n<\/div>\n\n\t\t<\/div>\n\n\t\t\n<style>\n#section_1162191302 {\n  padding-top: 60px;\n  padding-bottom: 60px;\n  min-height: 300px;\n  background-color: rgb(245, 245, 245);\n}\n#section_1162191302 .section-bg-overlay {\n  background-color: rgba(0, 0, 0, 0.5);\n}\n#section_1162191302 .section-bg img {\n  object-position: 39% 25%;\n}\n@media (min-width:550px) {\n  #section_1162191302 .section-bg-overlay {\n    background-color: rgba(0, 0, 0, 0.378);\n  }\n}\n<\/style>\n\t<\/section>\n\t\n\n\t<section class=\"section linkified dark\" id=\"section_637597239\">\n\t\t<div class=\"section-bg fill\" >\n\t\t\t<img loading=\"lazy\" decoding=\"async\" width=\"800\" height=\"213\" src=\"https:\/\/www.tendenzeshabbychic.it\/wp-content\/uploads\/2021\/09\/natale-hero-1-800x213.jpg\" class=\"bg attachment-medium size-medium\" alt=\"\" \/>\t\t\t\t\t\t<div class=\"section-bg-overlay absolute fill\"><\/div>\n\t\t\t\n\n\t\t<\/div>\n\n\t\t\n\n\t\t<div class=\"section-content relative\">\n\t\t\t\n\n<div class=\"row\"  id=\"row-1442510814\">\n\n\n\t<div id=\"col-1713073046\" class=\"col small-12 large-12\"  >\n\t\t\t\t<div class=\"col-inner text-center\"  >\n\t\t\t\n\t\t\t\n\n<h3><span style=\"font-size: 180%;\">No\u00ebl<\/span><\/h3>\n<p>D\u00e9couvrez la large s\u00e9lection de produits pour d\u00e9corer votre maison pour No\u00ebl.<\/p>\n<a href=\"https:\/\/www.tendenzeshabbychic.it\/fr\/categorie-de-produit\/noel\/\" class=\"button alert is-shade box-shadow-3 box-shadow-5-hover\" style=\"border-radius:5px;\">\n\t\t<span>Cliquez ici<\/span>\n\t<\/a>\n\n\n\n\t\t<\/div>\n\t\t\t\t\t<\/div>\n\n\t\n\n<\/div>\n\n\t\t<\/div>\n\n\t\t\n<style>\n#section_637597239 {\n  padding-top: 12px;\n  padding-bottom: 12px;\n}\n#section_637597239 .section-bg-overlay {\n  background-color: rgba(0, 0, 0, 0.419);\n}\n#section_637597239 .section-bg img {\n  object-position: 21% 51%;\n}\n@media (min-width:550px) {\n  #section_637597239 {\n    padding-top: 57px;\n    padding-bottom: 57px;\n  }\n}\n<\/style>\n\t<\/section>\n\t\n","protected":false},"excerpt":{"rendered":"<p>Base de l&rsquo;arbre en forme d&rsquo;arc en velours vert for\u00eat, fabriqu\u00e9e en poly-r\u00e9sine durable. Finition mate et design exclusif EDG. <\/p>\n<p>\ud83d\udccf H 45 x L 43 x P 43 cm<\/p>\n","protected":false},"featured_media":190177,"comment_status":"open","ping_status":"closed","template":"","meta":{"_joinchat":[]},"pwb-brand":[1564],"product_brand":[],"product_cat":[3098,1503],"product_tag":[1394],"class_list":{"0":"post-190175","1":"product","2":"type-product","3":"status-publish","4":"has-post-thumbnail","6":"pwb-brand-edg-fr","7":"product_cat-supports-pour-arbres-de-noel","8":"product_cat-noel","9":"product_tag-fleche","11":"first","12":"instock","13":"sale","14":"taxable","15":"shipping-taxable","16":"purchasable","17":"product-type-simple"},"brands":[{"id":1564,"name":"EDG \u2013 Enzo De Gasperi","slug":"edg-fr"}],"_links":{"self":[{"href":"https:\/\/www.tendenzeshabbychic.it\/fr\/wp-json\/wp\/v2\/product\/190175","targetHints":{"allow":["GET"]}}],"collection":[{"href":"https:\/\/www.tendenzeshabbychic.it\/fr\/wp-json\/wp\/v2\/product"}],"about":[{"href":"https:\/\/www.tendenzeshabbychic.it\/fr\/wp-json\/wp\/v2\/types\/product"}],"replies":[{"embeddable":true,"href":"https:\/\/www.tendenzeshabbychic.it\/fr\/wp-json\/wp\/v2\/comments?post=190175"}],"wp:featuredmedia":[{"embeddable":true,"href":"https:\/\/www.tendenzeshabbychic.it\/fr\/wp-json\/wp\/v2\/media\/190177"}],"wp:attachment":[{"href":"https:\/\/www.tendenzeshabbychic.it\/fr\/wp-json\/wp\/v2\/media?parent=190175"}],"wp:term":[{"taxonomy":"pwb-brand","embeddable":true,"href":"https:\/\/www.tendenzeshabbychic.it\/fr\/wp-json\/wp\/v2\/pwb-brand?post=190175"},{"taxonomy":"product_brand","embeddable":true,"href":"https:\/\/www.tendenzeshabbychic.it\/fr\/wp-json\/wp\/v2\/product_brand?post=190175"},{"taxonomy":"product_cat","embeddable":true,"href":"https:\/\/www.tendenzeshabbychic.it\/fr\/wp-json\/wp\/v2\/product_cat?post=190175"},{"taxonomy":"product_tag","embeddable":true,"href":"https:\/\/www.tendenzeshabbychic.it\/fr\/wp-json\/wp\/v2\/product_tag?post=190175"}],"curies":[{"name":"wp","href":"https:\/\/api.w.org\/{rel}","templated":true}]}}