{"id":189413,"date":"2025-07-25T10:48:59","date_gmt":"2025-07-25T09:48:59","guid":{"rendered":"https:\/\/www.tendenzeshabbychic.it\/?post_type=product&#038;p=189413"},"modified":"2025-06-27T16:03:22","modified_gmt":"2025-06-27T15:03:22","slug":"ruban-de-velours-rouge-edg-16mm-x-10mt-copia","status":"publish","type":"product","link":"https:\/\/www.tendenzeshabbychic.it\/fr\/produit\/ruban-de-velours-rouge-edg-16mm-x-10mt-copia\/","title":{"rendered":"EDG Ruban Velours Couleur Rouge 25MM x 10MT"},"content":{"rendered":"<p>Fabriqu\u00e9 \u00e0 partir de mat\u00e9riaux de haute qualit\u00e9, le ruban velours rouge EDG se distingue par sa texture douce et enveloppante. La couleur chaude et lumineuse ajoute de la profondeur et du caract\u00e8re \u00e0 tout projet de d\u00e9coration, qu&rsquo;il s&rsquo;agisse de bricolage ou de d\u00e9coration d&rsquo;\u00e9v\u00e9nements sp\u00e9ciaux. <\/p>\n<p>Sa largeur de 25 mm le rend polyvalent et facile \u00e0 manipuler, tandis que sa longueur de 10 m\u00e8tres permet de r\u00e9pondre \u00e0 tous les besoins.<\/p>\n<ul>\n<li><strong>Mati\u00e8re pr\u00e9cieuse<\/strong> : velours doux au toucher<\/li>\n<li><strong>Couleur chaude et vibrante<\/strong> : parfaite pour ajouter une touche de luxe<\/li>\n<li><strong>Polyvalent et fonctionnel<\/strong> : id\u00e9al pour l&#8217;emballage cadeau, la d\u00e9coration et le bricolage<\/li>\n<li><strong>Grande longueur<\/strong> : 10 m\u00e8tres pour une utilisation g\u00e9n\u00e9reuse<\/li>\n<li><strong>Marque de qualit\u00e9<\/strong> : EDG , synonyme d&rsquo;\u00e9l\u00e9gance et de raffinement<\/li>\n<\/ul>\n","protected":false},"excerpt":{"rendered":"<p>Ajoutez une touche luxueuse \u00e0 vos cr\u00e9ations avec le ruban de velours EDG en rouge, parfait pour rehausser tout d\u00e9tail d\u00e9coratif.<\/p>\n<p>La texture douce et velout\u00e9e associ\u00e9e \u00e0 la couleur ambre vibrante conf\u00e8re \u00e0 ce ruban une \u00e9l\u00e9gance irr\u00e9sistible et polyvalente, id\u00e9ale pour l&#8217;emballage de cadeaux, les d\u00e9corations festives et les arrangements raffin\u00e9s.<\/p>\n<p>\ud83d\udccf <strong>Dimensions<\/strong>: 25 mm d&rsquo;\u00e9paisseur x 10 m\u00e8tres de long<\/p>\n","protected":false},"featured_media":189415,"comment_status":"open","ping_status":"closed","template":"","meta":{"_joinchat":[]},"pwb-brand":[1564],"product_brand":[],"product_cat":[1503],"product_tag":[1296],"class_list":{"0":"post-189413","1":"product","2":"type-product","3":"status-publish","4":"has-post-thumbnail","6":"pwb-brand-edg-fr","7":"product_cat-noel","8":"product_tag-idee-de-cadeau","10":"first","11":"instock","12":"sale","13":"taxable","14":"shipping-taxable","15":"purchasable","16":"product-type-simple"},"brands":[{"id":1564,"name":"EDG \u2013 Enzo De Gasperi","slug":"edg-fr"}],"_links":{"self":[{"href":"https:\/\/www.tendenzeshabbychic.it\/fr\/wp-json\/wp\/v2\/product\/189413","targetHints":{"allow":["GET"]}}],"collection":[{"href":"https:\/\/www.tendenzeshabbychic.it\/fr\/wp-json\/wp\/v2\/product"}],"about":[{"href":"https:\/\/www.tendenzeshabbychic.it\/fr\/wp-json\/wp\/v2\/types\/product"}],"replies":[{"embeddable":true,"href":"https:\/\/www.tendenzeshabbychic.it\/fr\/wp-json\/wp\/v2\/comments?post=189413"}],"wp:featuredmedia":[{"embeddable":true,"href":"https:\/\/www.tendenzeshabbychic.it\/fr\/wp-json\/wp\/v2\/media\/189415"}],"wp:attachment":[{"href":"https:\/\/www.tendenzeshabbychic.it\/fr\/wp-json\/wp\/v2\/media?parent=189413"}],"wp:term":[{"taxonomy":"pwb-brand","embeddable":true,"href":"https:\/\/www.tendenzeshabbychic.it\/fr\/wp-json\/wp\/v2\/pwb-brand?post=189413"},{"taxonomy":"product_brand","embeddable":true,"href":"https:\/\/www.tendenzeshabbychic.it\/fr\/wp-json\/wp\/v2\/product_brand?post=189413"},{"taxonomy":"product_cat","embeddable":true,"href":"https:\/\/www.tendenzeshabbychic.it\/fr\/wp-json\/wp\/v2\/product_cat?post=189413"},{"taxonomy":"product_tag","embeddable":true,"href":"https:\/\/www.tendenzeshabbychic.it\/fr\/wp-json\/wp\/v2\/product_tag?post=189413"}],"curies":[{"name":"wp","href":"https:\/\/api.w.org\/{rel}","templated":true}]}}