{"id":188773,"date":"2025-07-03T07:40:21","date_gmt":"2025-07-03T06:40:21","guid":{"rendered":"https:\/\/www.tendenzeshabbychic.it\/prodotto\/blanc-mariclo-plaid-velours-pom-pom-turtledove-140x170\/"},"modified":"2025-06-16T11:09:21","modified_gmt":"2025-06-16T10:09:21","slug":"blanc-mariclo-plaid-velours-pom-pom-turtledove-140x170","status":"publish","type":"product","link":"https:\/\/www.tendenzeshabbychic.it\/fr\/produit\/blanc-mariclo-plaid-velours-pom-pom-turtledove-140x170\/","title":{"rendered":"Blanc Mariclo Plaid Velours Pom Pom Turtledove 140&#215;170"},"content":{"rendered":"<p>La couverture d&rsquo;hiver Blanc Mariclo de la collection <em>Pom Pom Velvet<\/em> est con\u00e7ue pour ceux qui recherchent style et confort. R\u00e9alis\u00e9e en 100% polyester avec un grammage de 280 GSM, elle offre une texture douce et enveloppante. La teinte taupe, neutre et chaleureuse, est enrichie par le d\u00e9tail sc\u00e9nographique des pompons ivoire qui terminent toute la bordure, apportant une touche ludique et raffin\u00e9e. Parfait sur les canap\u00e9s, les fauteuils ou au bout du lit pour r\u00e9chauffer la pi\u00e8ce avec go\u00fbt.   <\/p>\n<ul>\n<li>Velours ultra-doux et confortable<\/li>\n<li>Finition \u00e9l\u00e9gante en pompon ivoire<\/li>\n<li>Id\u00e9al pour une utilisation d\u00e9corative et fonctionnelle<\/li>\n<li>Palette neutre facilement combinable<\/li>\n<li>Collection Signature Velvet Pom Pom Blanc Mariclo<\/li>\n<\/ul>\n","protected":false},"excerpt":{"rendered":"<p>Plaid en velours gris tourterelle avec des bords d\u00e9cor\u00e9s de pompons en fausse fourrure ivoire. Douce et \u00e9l\u00e9gante, la collection Pom Pom Velvet.<br \/>\n\ud83d\udccf 140 x 170 cm<\/p>\n","protected":false},"featured_media":186910,"comment_status":"open","ping_status":"closed","template":"","meta":{"_joinchat":[]},"pwb-brand":[1561],"product_brand":[],"product_cat":[1481,1475],"product_tag":[1296],"class_list":{"0":"post-188773","1":"product","2":"type-product","3":"status-publish","4":"has-post-thumbnail","6":"pwb-brand-blanc-mariclo-fr","7":"product_cat-plaid-fr","8":"product_cat-le-lit","9":"product_tag-idee-de-cadeau","11":"first","12":"outofstock","13":"taxable","14":"shipping-taxable","15":"purchasable","16":"product-type-simple"},"brands":[{"id":1561,"name":"Blanc Mariclo","slug":"blanc-mariclo-fr"}],"_links":{"self":[{"href":"https:\/\/www.tendenzeshabbychic.it\/fr\/wp-json\/wp\/v2\/product\/188773","targetHints":{"allow":["GET"]}}],"collection":[{"href":"https:\/\/www.tendenzeshabbychic.it\/fr\/wp-json\/wp\/v2\/product"}],"about":[{"href":"https:\/\/www.tendenzeshabbychic.it\/fr\/wp-json\/wp\/v2\/types\/product"}],"replies":[{"embeddable":true,"href":"https:\/\/www.tendenzeshabbychic.it\/fr\/wp-json\/wp\/v2\/comments?post=188773"}],"wp:featuredmedia":[{"embeddable":true,"href":"https:\/\/www.tendenzeshabbychic.it\/fr\/wp-json\/wp\/v2\/media\/186910"}],"wp:attachment":[{"href":"https:\/\/www.tendenzeshabbychic.it\/fr\/wp-json\/wp\/v2\/media?parent=188773"}],"wp:term":[{"taxonomy":"pwb-brand","embeddable":true,"href":"https:\/\/www.tendenzeshabbychic.it\/fr\/wp-json\/wp\/v2\/pwb-brand?post=188773"},{"taxonomy":"product_brand","embeddable":true,"href":"https:\/\/www.tendenzeshabbychic.it\/fr\/wp-json\/wp\/v2\/product_brand?post=188773"},{"taxonomy":"product_cat","embeddable":true,"href":"https:\/\/www.tendenzeshabbychic.it\/fr\/wp-json\/wp\/v2\/product_cat?post=188773"},{"taxonomy":"product_tag","embeddable":true,"href":"https:\/\/www.tendenzeshabbychic.it\/fr\/wp-json\/wp\/v2\/product_tag?post=188773"}],"curies":[{"name":"wp","href":"https:\/\/api.w.org\/{rel}","templated":true}]}}