{"id":187764,"date":"2025-06-22T21:06:41","date_gmt":"2025-06-22T19:06:41","guid":{"rendered":"https:\/\/www.tendenzeshabbychic.it\/prodotto\/noeud-en-lin-avec-rose-et-fleurs-de-style-shabby-fiori-di-lena-31x50-natural-elegance\/"},"modified":"2025-06-22T21:06:41","modified_gmt":"2025-06-22T20:06:41","slug":"noeud-en-lin-avec-rose-et-fleurs-de-style-shabby-fiori-di-lena-31x50-natural-elegance","status":"publish","type":"product","link":"https:\/\/www.tendenzeshabbychic.it\/fr\/produit\/noeud-en-lin-avec-rose-et-fleurs-de-style-shabby-fiori-di-lena-31x50-natural-elegance\/","title":{"rendered":"Noeud en lin avec rose et fleurs de style shabby Fiori di Lena 31&#215;50 Natural Elegance"},"content":{"rendered":"<p>Le n\u0153ud d\u00e9coratif de Fiori di Lena est un hommage \u00e0 la d\u00e9licatesse et \u00e0 la beaut\u00e9 intemporelle. R\u00e9alis\u00e9 \u00e0 la main en lin naturel, il est enrichi d&rsquo;une composition florale raffin\u00e9e \u00e0 base de rose poudr\u00e9e, d&rsquo;hortensia, de b\u00e9gonia et de gui : un bouquet harmonieux qui \u00e9voque des atmosph\u00e8res po\u00e9tiques et r\u00eaveuses. <\/p>\n<p>Avec ses dimensions g\u00e9n\u00e9reuses (31&#215;50 cm), ce n\u0153ud devient le protagoniste des portes, des poign\u00e9es, des lits ou des coins particuliers de la maison. Le n\u0153ud tombe en \u00e9pis \u00e9l\u00e9gants et est compl\u00e9t\u00e9 par des rubans poudr\u00e9s qui renforcent le romantisme de la composition. Chaque fleur est soigneusement d\u00e9taill\u00e9e pour un effet r\u00e9aliste et sophistiqu\u00e9.  <\/p>\n<p>Parfait pour les naissances, les bapt\u00eames, les mariages ou pour donner une touche Shabby Chic \u00e0 une chambre ou un hall d&rsquo;entr\u00e9e. Chaque pi\u00e8ce est parfum\u00e9e et l\u00e9g\u00e8rement diff\u00e9rente, ce qui confirme le caract\u00e8re unique de l&rsquo;artisanat italien. <\/p>\n","protected":false},"excerpt":{"rendered":"<p>Boucle d\u00e9corative Fiori di Lena en lin naturel avec rose poudr\u00e9e, hortensia, b\u00e9gonia et brume. Une \u00e9l\u00e9gance romantique pour toutes les ambiances. <\/p>\n","protected":false},"featured_media":187755,"comment_status":"open","ping_status":"closed","template":"","meta":{"_joinchat":[]},"pwb-brand":[3263],"product_brand":[],"product_cat":[1505],"product_tag":[353,968,788],"class_list":{"0":"post-187764","1":"product","2":"type-product","3":"status-publish","4":"has-post-thumbnail","6":"pwb-brand-fiori-di-lena","7":"product_cat-objets","8":"product_tag-fatto-a-mano","9":"product_tag-fiocco","10":"product_tag-made-in-italy","12":"first","13":"outofstock","14":"taxable","15":"shipping-taxable","16":"purchasable","17":"product-type-simple"},"brands":[{"id":3264,"name":"Fiori di Lena","slug":"fiori-di-lena-fr"}],"_links":{"self":[{"href":"https:\/\/www.tendenzeshabbychic.it\/fr\/wp-json\/wp\/v2\/product\/187764","targetHints":{"allow":["GET"]}}],"collection":[{"href":"https:\/\/www.tendenzeshabbychic.it\/fr\/wp-json\/wp\/v2\/product"}],"about":[{"href":"https:\/\/www.tendenzeshabbychic.it\/fr\/wp-json\/wp\/v2\/types\/product"}],"replies":[{"embeddable":true,"href":"https:\/\/www.tendenzeshabbychic.it\/fr\/wp-json\/wp\/v2\/comments?post=187764"}],"wp:featuredmedia":[{"embeddable":true,"href":"https:\/\/www.tendenzeshabbychic.it\/fr\/wp-json\/wp\/v2\/media\/187755"}],"wp:attachment":[{"href":"https:\/\/www.tendenzeshabbychic.it\/fr\/wp-json\/wp\/v2\/media?parent=187764"}],"wp:term":[{"taxonomy":"pwb-brand","embeddable":true,"href":"https:\/\/www.tendenzeshabbychic.it\/fr\/wp-json\/wp\/v2\/pwb-brand?post=187764"},{"taxonomy":"product_brand","embeddable":true,"href":"https:\/\/www.tendenzeshabbychic.it\/fr\/wp-json\/wp\/v2\/product_brand?post=187764"},{"taxonomy":"product_cat","embeddable":true,"href":"https:\/\/www.tendenzeshabbychic.it\/fr\/wp-json\/wp\/v2\/product_cat?post=187764"},{"taxonomy":"product_tag","embeddable":true,"href":"https:\/\/www.tendenzeshabbychic.it\/fr\/wp-json\/wp\/v2\/product_tag?post=187764"}],"curies":[{"name":"wp","href":"https:\/\/api.w.org\/{rel}","templated":true}]}}