{"id":187394,"date":"2026-03-31T16:00:41","date_gmt":"2026-03-31T14:00:41","guid":{"rendered":"https:\/\/www.tendenzeshabbychic.it\/prodotto\/fiori-di-lena-embrasse-avec-ruban-dhortensia-de-rose-et-de-glycine-h-70-cm\/"},"modified":"2026-03-31T17:12:46","modified_gmt":"2026-03-31T15:12:46","slug":"fiori-di-lena-embrasse-avec-ruban-dhortensia-de-rose-et-de-glycine-h-70-cm","status":"publish","type":"product","link":"https:\/\/www.tendenzeshabbychic.it\/fr\/produit\/fiori-di-lena-embrasse-avec-ruban-dhortensia-de-rose-et-de-glycine-h-70-cm\/","title":{"rendered":"Fiori di Lena Embrasse avec ruban d&rsquo;hortensia, de rose et de glycine H 70 cm"},"content":{"rendered":"<p>L&#8217;embrasse avec rose, hortensia et ruban de glycine de Fiori di Lena est une cr\u00e9ation artisanale d&rsquo;une beaut\u00e9 d\u00e9licate. Fabriqu\u00e9e \u00e0 la main en Italie, elle allie la douceur d&rsquo;une grande rose ivoire et d&rsquo;hortensias cr\u00e8me \u00e0 de petits brins de brume dans les tons lavande, le tout agr\u00e9ment\u00e9 d&rsquo;un ruban de lin frang\u00e9 couleur glycine et d&rsquo;une pampille ivoire parfum\u00e9e. <\/p>\n<p>Parfaite comme attache de rideaux dans les d\u00e9cors romantiques ou Shabby Chic, cette d\u00e9coration florale conf\u00e8re une atmosph\u00e8re cosy et po\u00e9tique. Elle est \u00e9galement id\u00e9ale comme \u00e9l\u00e9ment d\u00e9coratif pour les c\u00e9r\u00e9monies telles que les mariages, les bapt\u00eames ou les \u00e9v\u00e9nements printaniers en plein air. Elle s&rsquo;associe \u00e0 merveille avec des Rideaux en lin blanc ou naturel et des accessoires pastel pour une mise en place harmonieuse.  <\/p>\n","protected":false},"excerpt":{"rendered":"<p>Embrasse Fiori di Lena avec des d\u00e9tails de rose ivoire, d&rsquo;hortensia et de glycine : une \u00e9l\u00e9gance parfum\u00e9e et raffin\u00e9e pour les d\u00e9cors Shabby Chic et les occasions romantiques.<\/p>\n<p>Dimensions : L 15 x H 70 cm (corde 30 cm)<\/p>\n","protected":false},"featured_media":239930,"comment_status":"open","ping_status":"closed","template":"","meta":{"_joinchat":[]},"pwb-brand":[3263],"product_brand":[],"product_cat":[1536,1535],"product_tag":[353,788],"class_list":{"0":"post-187394","1":"product","2":"type-product","3":"status-publish","4":"has-post-thumbnail","6":"pwb-brand-fiori-di-lena","7":"product_cat-accessoires-pour-rideaux","8":"product_cat-rideaux","9":"product_tag-fatto-a-mano","10":"product_tag-made-in-italy","12":"first","13":"instock","14":"taxable","15":"shipping-taxable","16":"purchasable","17":"product-type-simple"},"brands":[{"id":3264,"name":"Fiori di Lena","slug":"fiori-di-lena-fr"}],"_links":{"self":[{"href":"https:\/\/www.tendenzeshabbychic.it\/fr\/wp-json\/wp\/v2\/product\/187394","targetHints":{"allow":["GET"]}}],"collection":[{"href":"https:\/\/www.tendenzeshabbychic.it\/fr\/wp-json\/wp\/v2\/product"}],"about":[{"href":"https:\/\/www.tendenzeshabbychic.it\/fr\/wp-json\/wp\/v2\/types\/product"}],"replies":[{"embeddable":true,"href":"https:\/\/www.tendenzeshabbychic.it\/fr\/wp-json\/wp\/v2\/comments?post=187394"}],"wp:featuredmedia":[{"embeddable":true,"href":"https:\/\/www.tendenzeshabbychic.it\/fr\/wp-json\/wp\/v2\/media\/239930"}],"wp:attachment":[{"href":"https:\/\/www.tendenzeshabbychic.it\/fr\/wp-json\/wp\/v2\/media?parent=187394"}],"wp:term":[{"taxonomy":"pwb-brand","embeddable":true,"href":"https:\/\/www.tendenzeshabbychic.it\/fr\/wp-json\/wp\/v2\/pwb-brand?post=187394"},{"taxonomy":"product_brand","embeddable":true,"href":"https:\/\/www.tendenzeshabbychic.it\/fr\/wp-json\/wp\/v2\/product_brand?post=187394"},{"taxonomy":"product_cat","embeddable":true,"href":"https:\/\/www.tendenzeshabbychic.it\/fr\/wp-json\/wp\/v2\/product_cat?post=187394"},{"taxonomy":"product_tag","embeddable":true,"href":"https:\/\/www.tendenzeshabbychic.it\/fr\/wp-json\/wp\/v2\/product_tag?post=187394"}],"curies":[{"name":"wp","href":"https:\/\/api.w.org\/{rel}","templated":true}]}}