{"id":186533,"date":"2025-06-18T01:28:35","date_gmt":"2025-06-18T00:28:35","guid":{"rendered":"https:\/\/www.tendenzeshabbychic.it\/prodotto\/blanc-mariclo-maison-de-la-bougie-rouge-33x18x21-cm\/"},"modified":"2025-06-05T23:00:35","modified_gmt":"2025-06-05T22:00:35","slug":"blanc-mariclo-maison-de-la-bougie-rouge-33x18x21-cm","status":"publish","type":"product","link":"https:\/\/www.tendenzeshabbychic.it\/fr\/produit\/blanc-mariclo-maison-de-la-bougie-rouge-33x18x21-cm\/","title":{"rendered":"Blanc MariClo&rsquo; Maison de la bougie rouge 33x18x21 cm"},"content":{"rendered":"<p>Cette maison de bougies Blanc MariClo&rsquo; de la collection Borgo Antico est une v\u00e9ritable sc\u00e8ne de No\u00ebl miniature. R\u00e9alis\u00e9 en m\u00e9tal rouge avec un effet vieilli, il se compose d&rsquo;une structure centrale avec un toit \u00e0 pignon, flanqu\u00e9e de deux tours avec des fen\u00eatres en arc perc\u00e9. La fa\u00e7ade est d\u00e9cor\u00e9e de sapins fa\u00e7onn\u00e9s et d&rsquo;une base ondul\u00e9e. \u00c0 l&rsquo;int\u00e9rieur, il est possible d&rsquo;ins\u00e9rer une bougie qui, une fois allum\u00e9e, cr\u00e9e un jeu de lumi\u00e8re \u00e9vocateur \u00e0 travers les fen\u00eatres et l&rsquo;arc central. Parfaite pour embellir les buffets, les tables ou les coins douillets pendant les f\u00eates, elle conf\u00e8re une touche rustique et f\u00e9erique \u00e0 la maison.    <\/p>\n<ul>\n<li>Village avec tours et toit en relief<\/li>\n<li>M\u00e9tal avec finition rouge antique<\/li>\n<li>Ajournement pour r\u00e9flexions lumineuses<\/li>\n<li>Id\u00e9al avec des bougies chauffe-plat ou des lampes LED<\/li>\n<li>Collection Borgo Antico Blanc MariClo&rsquo;<\/li>\n<\/ul>\n<p><span style=\"color: #555555;\">\n\t<section class=\"section linkified dark\" id=\"section_1120377860\">\n\t\t<div class=\"section-bg fill\" >\n\t\t\t<img loading=\"lazy\" decoding=\"async\" width=\"800\" height=\"213\" src=\"https:\/\/www.tendenzeshabbychic.it\/wp-content\/uploads\/2021\/09\/natale-hero-1-800x213.jpg\" class=\"bg attachment-medium size-medium\" alt=\"\" \/>\t\t\t\t\t\t<div class=\"section-bg-overlay absolute fill\"><\/div>\n\t\t\t\n\n\t\t<\/div>\n\n\t\t\n\n\t\t<div class=\"section-content relative\">\n\t\t\t\n\n<div class=\"row\"  id=\"row-1734789078\">\n\n\n\t<div id=\"col-7613287\" class=\"col small-12 large-12\"  >\n\t\t\t\t<div class=\"col-inner text-center\"  >\n\t\t\t\n\t\t\t\n\n<h3><span style=\"font-size: 180%;\">No\u00ebl<\/span><\/h3>\n<p>D\u00e9couvrez la large s\u00e9lection de produits pour d\u00e9corer votre maison pour No\u00ebl.<\/p>\n<a href=\"https:\/\/www.tendenzeshabbychic.it\/fr\/categorie-de-produit\/noel\/\" class=\"button alert is-shade box-shadow-3 box-shadow-5-hover\" style=\"border-radius:5px;\">\n\t\t<span>Cliquez ici<\/span>\n\t<\/a>\n\n\n\n\t\t<\/div>\n\t\t\t\t\t<\/div>\n\n\t\n\n<\/div>\n\n\t\t<\/div>\n\n\t\t\n<style>\n#section_1120377860 {\n  padding-top: 12px;\n  padding-bottom: 12px;\n}\n#section_1120377860 .section-bg-overlay {\n  background-color: rgba(0, 0, 0, 0.419);\n}\n#section_1120377860 .section-bg img {\n  object-position: 21% 51%;\n}\n@media (min-width:550px) {\n  #section_1120377860 {\n    padding-top: 57px;\n    padding-bottom: 57px;\n  }\n}\n<\/style>\n\t<\/section>\n\t<\/span><\/p>\n","protected":false},"excerpt":{"rendered":"<p>Maison sculpturale en m\u00e9tal rouge antique avec double tour et pins d\u00e9coratifs. Collection Borgo Antico.<br \/>\n\ud83d\udccf 21 x 33 x 18 cm<\/p>\n","protected":false},"featured_media":185805,"comment_status":"open","ping_status":"closed","template":"","meta":{"_joinchat":[]},"pwb-brand":[1561],"product_brand":[],"product_cat":[1461,1459,1503],"product_tag":[],"class_list":{"0":"post-186533","1":"product","2":"type-product","3":"status-publish","4":"has-post-thumbnail","6":"pwb-brand-blanc-mariclo-fr","7":"product_cat-lanternes","8":"product_cat-chandeliers-et-bougeoirs","9":"product_cat-noel","11":"first","12":"instock","13":"sale","14":"taxable","15":"shipping-taxable","16":"purchasable","17":"product-type-simple"},"brands":[{"id":1561,"name":"Blanc Mariclo","slug":"blanc-mariclo-fr"}],"_links":{"self":[{"href":"https:\/\/www.tendenzeshabbychic.it\/fr\/wp-json\/wp\/v2\/product\/186533","targetHints":{"allow":["GET"]}}],"collection":[{"href":"https:\/\/www.tendenzeshabbychic.it\/fr\/wp-json\/wp\/v2\/product"}],"about":[{"href":"https:\/\/www.tendenzeshabbychic.it\/fr\/wp-json\/wp\/v2\/types\/product"}],"replies":[{"embeddable":true,"href":"https:\/\/www.tendenzeshabbychic.it\/fr\/wp-json\/wp\/v2\/comments?post=186533"}],"wp:featuredmedia":[{"embeddable":true,"href":"https:\/\/www.tendenzeshabbychic.it\/fr\/wp-json\/wp\/v2\/media\/185805"}],"wp:attachment":[{"href":"https:\/\/www.tendenzeshabbychic.it\/fr\/wp-json\/wp\/v2\/media?parent=186533"}],"wp:term":[{"taxonomy":"pwb-brand","embeddable":true,"href":"https:\/\/www.tendenzeshabbychic.it\/fr\/wp-json\/wp\/v2\/pwb-brand?post=186533"},{"taxonomy":"product_brand","embeddable":true,"href":"https:\/\/www.tendenzeshabbychic.it\/fr\/wp-json\/wp\/v2\/product_brand?post=186533"},{"taxonomy":"product_cat","embeddable":true,"href":"https:\/\/www.tendenzeshabbychic.it\/fr\/wp-json\/wp\/v2\/product_cat?post=186533"},{"taxonomy":"product_tag","embeddable":true,"href":"https:\/\/www.tendenzeshabbychic.it\/fr\/wp-json\/wp\/v2\/product_tag?post=186533"}],"curies":[{"name":"wp","href":"https:\/\/api.w.org\/{rel}","templated":true}]}}