{"id":183831,"date":"2025-10-06T00:00:01","date_gmt":"2025-10-05T22:00:01","guid":{"rendered":"https:\/\/www.tendenzeshabbychic.it\/prodotto\/nappe-de-noel-blanc-mariclo-160x350-cm-noel-feerique\/"},"modified":"2025-09-23T20:29:10","modified_gmt":"2025-09-23T19:29:10","slug":"nappe-de-noel-blanc-mariclo-160x350-cm-noel-feerique","status":"publish","type":"product","link":"https:\/\/www.tendenzeshabbychic.it\/fr\/produit\/nappe-de-noel-blanc-mariclo-160x350-cm-noel-feerique\/","title":{"rendered":"Nappe de No\u00ebl Blanc MariCl\u00f2 160&#215;350 cm No\u00ebl F\u00e9erique"},"content":{"rendered":"<p>La nappe <em>Christmas Fairytale<\/em> de MariCl\u00f2, dans sa version extra-longue de 350 cm, est la pi\u00e8ce ma\u00eetresse des festivit\u00e9s familiales. R\u00e9alis\u00e9e en 100% coton, elle allie haute qualit\u00e9 et style unique. Les protagonistes ? De tendres souris en habits Tartan, des arbres d\u00e9cor\u00e9s, des guirlandes et des n\u0153uds rouges sur un \u00e9l\u00e9gant fond beige. L&rsquo;impression riche et sym\u00e9trique cr\u00e9e un d\u00e9cor de table parfait, rendant chaque moment magique.    <\/p>\n<p>Con\u00e7ue pour les grandes tables ou les d\u00e9cors sc\u00e9niques, elle est id\u00e9ale pour les d\u00e9jeuners et les d\u00eeners importants pendant les f\u00eates de fin d&rsquo;ann\u00e9e.<\/p>\n<ul>\n<li>Impression narrative et d\u00e9taill\u00e9e sur le th\u00e8me des contes de No\u00ebl<\/li>\n<li>100% coton : qualit\u00e9, confort et durabilit\u00e9<\/li>\n<li>Format maxi pour les grandes tables et les tables de f\u00eate<\/li>\n<li>Id\u00e9al pour les familles nombreuses et les mises en place impressionnantes<\/li>\n<li>Collection Ic\u00f4nes : <em>No\u00ebl f\u00e9erique<\/em> Blanc MariCl\u00f2<\/li>\n<\/ul>\n\n\t<section class=\"section linkified dark\" id=\"section_1890759047\">\n\t\t<div class=\"section-bg fill\" >\n\t\t\t<img loading=\"lazy\" decoding=\"async\" width=\"800\" height=\"213\" src=\"https:\/\/www.tendenzeshabbychic.it\/wp-content\/uploads\/2021\/09\/natale-hero-1-800x213.jpg\" class=\"bg attachment-medium size-medium\" alt=\"\" \/>\t\t\t\t\t\t<div class=\"section-bg-overlay absolute fill\"><\/div>\n\t\t\t\n\n\t\t<\/div>\n\n\t\t\n\n\t\t<div class=\"section-content relative\">\n\t\t\t\n\n<div class=\"row\"  id=\"row-1551572124\">\n\n\n\t<div id=\"col-2113841261\" class=\"col small-12 large-12\"  >\n\t\t\t\t<div class=\"col-inner text-center\"  >\n\t\t\t\n\t\t\t\n\n<h3><span style=\"font-size: 180%;\">No\u00ebl<\/span><\/h3>\n<p>D\u00e9couvrez la large s\u00e9lection de produits pour d\u00e9corer votre maison pour No\u00ebl.<\/p>\n<a href=\"https:\/\/www.tendenzeshabbychic.it\/fr\/categorie-de-produit\/noel\/\" class=\"button alert is-shade box-shadow-3 box-shadow-5-hover\" style=\"border-radius:5px;\">\n\t\t<span>Cliquez ici<\/span>\n\t<\/a>\n\n\n\n\t\t<\/div>\n\t\t\t\t\t<\/div>\n\n\t\n\n<\/div>\n\n\t\t<\/div>\n\n\t\t\n<style>\n#section_1890759047 {\n  padding-top: 12px;\n  padding-bottom: 12px;\n}\n#section_1890759047 .section-bg-overlay {\n  background-color: rgba(0, 0, 0, 0.419);\n}\n#section_1890759047 .section-bg img {\n  object-position: 21% 51%;\n}\n@media (min-width:550px) {\n  #section_1890759047 {\n    padding-top: 57px;\n    padding-bottom: 57px;\n  }\n}\n<\/style>\n\t<\/section>\n\t\n","protected":false},"excerpt":{"rendered":"<p>Nappe de No\u00ebl en coton avec des souris festives, des sapins et des n\u0153uds rouges. Id\u00e9ale pour les grandes tables et les tables panoramiques.<br \/>\n\ud83d\udccf 160 x 350 cm<\/p>\n\n\t<section class=\"section dark\" id=\"section_1938010743\">\n\t\t<div class=\"section-bg fill\" >\n\t\t\t<img width=\"400\" height=\"400\" src=\"https:\/\/www.tendenzeshabbychic.it\/wp-content\/uploads\/2025\/05\/A38320-1-400x400.jpg\" class=\"bg attachment-medium size-medium\" alt=\"\" decoding=\"async\" loading=\"lazy\" \/>\t\t\t\t\t\t<div class=\"section-bg-overlay absolute fill\"><\/div>\n\t\t\t\n\n\t\t<\/div>\n\n\t\t\n\n\t\t<div class=\"section-content relative\">\n\t\t\t\n\n\t<div id=\"gap-1159666396\" class=\"gap-element clearfix\" style=\"display:block; height:auto;\">\n\t\t\n<style>\n#gap-1159666396 {\n  padding-top: 30px;\n}\n<\/style>\n\t<\/div>\n\t\n\n<div class=\"row align-center\"  id=\"row-670213843\">\n\n\n\t<div id=\"col-1184333298\" class=\"col medium-12 small-12 large-9\"  >\n\t\t\t\t<div class=\"col-inner text-center\"  >\n\t\t\t\n\t<div class=\"is-border\"\n\t\tstyle=\"border-color:rgb(255, 255, 255);border-width:4px 4px 4px 4px;\">\n\t<\/div>\n\t\t\t\n\n\t<div id=\"gap-70738407\" class=\"gap-element clearfix\" style=\"display:block; height:auto;\">\n\t\t\n<style>\n#gap-70738407 {\n  padding-top: 30px;\n}\n<\/style>\n\t<\/div>\n\t\n\n\t<div id=\"text-754748902\" class=\"text\">\n\t\t\n\n<h4 class=\"uppercase\">NOUVELLE COLLECTION<\/h4>\n\t\t\n<style>\n#text-754748902 {\n  font-size: 1rem;\n}\n<\/style>\n\t<\/div>\n\t\n\t<div id=\"gap-1671528334\" class=\"gap-element clearfix\" style=\"display:block; height:auto;\">\n\t\t\n<style>\n#gap-1671528334 {\n  padding-top: 10px;\n}\n<\/style>\n\t<\/div>\n\t\n\n\t<div id=\"text-1952058693\" class=\"text\">\n\t\t\n\n<h3>CONTE DE NO\u00cbL<\/h3>\n\n\t\t\n<style>\n#text-1952058693 {\n  font-size: 2.5rem;\n  line-height: 1;\n}\n@media (min-width:550px) {\n  #text-1952058693 {\n    font-size: 4rem;\n    line-height: 0.75;\n  }\n}\n<\/style>\n\t<\/div>\n\t\n\t<div id=\"text-1219619470\" class=\"text\">\n\t\t\n\n<h3 class=\"uppercase\">BLANC MARICLO<\/h3>\n\t\t\n<style>\n#text-1219619470 {\n  font-size: 1rem;\n  line-height: 0.75;\n}\n<\/style>\n\t<\/div>\n\t\n\t<div id=\"gap-302574590\" class=\"gap-element clearfix\" style=\"display:block; height:auto;\">\n\t\t\n<style>\n#gap-302574590 {\n  padding-top: 20px;\n}\n<\/style>\n\t<\/div>\n\t\n\n<a href=\"https:\/\/www.tendenzeshabbychic.it\/fr\/Etiquette-produit\/favola-di-natale-blanc-mariclo-fr\/\" class=\"button white\" style=\"padding:5px 20px 5px 20px;\">\n\t\t<span>L&#039;ENSEMBLE DE LA COLLECTION \ud83d\udc2d<\/span>\n\t<\/a>\n\n\n\n\t\t<\/div>\n\t\t\t\t\n<style>\n#col-1184333298 > .col-inner {\n  padding: 10% 10% 10% 10%;\n}\n<\/style>\n\t<\/div>\n\n\t\n\n<\/div>\n\n\t\t<\/div>\n\n\t\t\n<style>\n#section_1938010743 {\n  padding-top: 30px;\n  padding-bottom: 30px;\n  min-height: 400px;\n}\n#section_1938010743 .section-bg-overlay {\n  background-color: rgba(14, 0, 0, 0.43);\n}\n#section_1938010743 .section-bg img {\n  object-position: 78% 54%;\n}\n@media (min-width:550px) {\n  #section_1938010743 {\n    min-height: 600px;\n  }\n}\n@media (min-width:850px) {\n  #section_1938010743 {\n    min-height: 700px;\n  }\n}\n<\/style>\n\t<\/section>\n\t\n","protected":false},"featured_media":182888,"comment_status":"open","ping_status":"closed","template":"","meta":{"_joinchat":[]},"pwb-brand":[1561],"product_brand":[],"product_cat":[1491,1486,1503],"product_tag":[3249],"class_list":{"0":"post-183831","1":"product","2":"type-product","3":"status-publish","4":"has-post-thumbnail","6":"pwb-brand-blanc-mariclo-fr","7":"product_cat-nappes","8":"product_cat-la-table","9":"product_cat-noel","10":"product_tag-favola-di-natale-blanc-mariclo-fr","12":"first","13":"outofstock","14":"taxable","15":"shipping-taxable","16":"purchasable","17":"product-type-simple"},"brands":[{"id":1561,"name":"Blanc Mariclo","slug":"blanc-mariclo-fr"}],"_links":{"self":[{"href":"https:\/\/www.tendenzeshabbychic.it\/fr\/wp-json\/wp\/v2\/product\/183831","targetHints":{"allow":["GET"]}}],"collection":[{"href":"https:\/\/www.tendenzeshabbychic.it\/fr\/wp-json\/wp\/v2\/product"}],"about":[{"href":"https:\/\/www.tendenzeshabbychic.it\/fr\/wp-json\/wp\/v2\/types\/product"}],"replies":[{"embeddable":true,"href":"https:\/\/www.tendenzeshabbychic.it\/fr\/wp-json\/wp\/v2\/comments?post=183831"}],"wp:featuredmedia":[{"embeddable":true,"href":"https:\/\/www.tendenzeshabbychic.it\/fr\/wp-json\/wp\/v2\/media\/182888"}],"wp:attachment":[{"href":"https:\/\/www.tendenzeshabbychic.it\/fr\/wp-json\/wp\/v2\/media?parent=183831"}],"wp:term":[{"taxonomy":"pwb-brand","embeddable":true,"href":"https:\/\/www.tendenzeshabbychic.it\/fr\/wp-json\/wp\/v2\/pwb-brand?post=183831"},{"taxonomy":"product_brand","embeddable":true,"href":"https:\/\/www.tendenzeshabbychic.it\/fr\/wp-json\/wp\/v2\/product_brand?post=183831"},{"taxonomy":"product_cat","embeddable":true,"href":"https:\/\/www.tendenzeshabbychic.it\/fr\/wp-json\/wp\/v2\/product_cat?post=183831"},{"taxonomy":"product_tag","embeddable":true,"href":"https:\/\/www.tendenzeshabbychic.it\/fr\/wp-json\/wp\/v2\/product_tag?post=183831"}],"curies":[{"name":"wp","href":"https:\/\/api.w.org\/{rel}","templated":true}]}}