{"id":183647,"date":"2025-05-16T18:30:08","date_gmt":"2025-05-16T16:30:08","guid":{"rendered":"https:\/\/www.tendenzeshabbychic.it\/prodotto\/blanc-mariclo-pot-en-verre-avec-couvercle-12x17-cm-erbario-darte\/"},"modified":"2025-05-16T18:30:08","modified_gmt":"2025-05-16T17:30:08","slug":"blanc-mariclo-pot-en-verre-avec-couvercle-12x17-cm-erbario-darte","status":"publish","type":"product","link":"https:\/\/www.tendenzeshabbychic.it\/fr\/produit\/blanc-mariclo-pot-en-verre-avec-couvercle-12x17-cm-erbario-darte\/","title":{"rendered":"Blanc MariCl\u00f2 Pot en verre avec couvercle 12&#215;17 cm Erbario d&rsquo;Arte"},"content":{"rendered":"<p>La jarre de la collection <em>Erbario d&rsquo;Arte<\/em> de Blanc Mariclo est une fusion parfaite entre naturel et fonctionnalit\u00e9. R\u00e9alis\u00e9e en verre \u00e9pais et transparent, elle est dot\u00e9e d&rsquo;un couvercle en bois \u00e0 la finition lisse et d&rsquo;une fermeture \u00e0 frapper, avec une poign\u00e9e h\u00e9misph\u00e9rique pour une prise en main confortable. <\/p>\n<p>Parfait pour conserver les ingr\u00e9dients secs dans la cuisine, les fleurs s\u00e9ch\u00e9es ou cr\u00e9er des arrangements d\u00e9coratifs, il apporte une touche rustique et authentique \u00e0 la maison. Il est \u00e9galement id\u00e9al pour compl\u00e9ter les mises en place naturelles ou les espaces aux accents nordiques et botaniques. <\/p>\n<p><strong>Points forts :<\/strong><\/p>\n<ul>\n<li>Couvercle en bois naturel avec poign\u00e9e ergonomique<\/li>\n<li>Verre \u00e9pais transparent de haute qualit\u00e9<\/li>\n<li>Id\u00e9al pour les aliments, les d\u00e9corations ou les fleurs s\u00e9ch\u00e9es<\/li>\n<li>Design inspir\u00e9 par l&rsquo;herboristerie et l&rsquo;artisanat naturel<\/li>\n<li>Collection Erbario d&rsquo;Arte : \u00e9l\u00e9gance essentielle et botanique<\/li>\n<\/ul>\n","protected":false},"excerpt":{"rendered":"<p>Pot en verre transparent avec couvercle en bois naturel et poign\u00e9e arrondie. Style botanique et artisanal.<br \/>\n\ud83d\udccf 12 x 12 x 17 cm<\/p>\n","protected":false},"featured_media":182769,"comment_status":"open","ping_status":"closed","template":"","meta":{"_joinchat":[]},"pwb-brand":[1561],"product_brand":[],"product_cat":[1471,1472],"product_tag":[3217],"class_list":{"0":"post-183647","1":"product","2":"type-product","3":"status-publish","4":"has-post-thumbnail","6":"pwb-brand-blanc-mariclo-fr","7":"product_cat-accessoires-de-cuisine","8":"product_cat-cuisine","9":"product_tag-erbario-darte-fr","11":"first","12":"instock","13":"taxable","14":"shipping-taxable","15":"purchasable","16":"product-type-simple"},"brands":[{"id":1561,"name":"Blanc Mariclo","slug":"blanc-mariclo-fr"}],"_links":{"self":[{"href":"https:\/\/www.tendenzeshabbychic.it\/fr\/wp-json\/wp\/v2\/product\/183647","targetHints":{"allow":["GET"]}}],"collection":[{"href":"https:\/\/www.tendenzeshabbychic.it\/fr\/wp-json\/wp\/v2\/product"}],"about":[{"href":"https:\/\/www.tendenzeshabbychic.it\/fr\/wp-json\/wp\/v2\/types\/product"}],"replies":[{"embeddable":true,"href":"https:\/\/www.tendenzeshabbychic.it\/fr\/wp-json\/wp\/v2\/comments?post=183647"}],"wp:featuredmedia":[{"embeddable":true,"href":"https:\/\/www.tendenzeshabbychic.it\/fr\/wp-json\/wp\/v2\/media\/182769"}],"wp:attachment":[{"href":"https:\/\/www.tendenzeshabbychic.it\/fr\/wp-json\/wp\/v2\/media?parent=183647"}],"wp:term":[{"taxonomy":"pwb-brand","embeddable":true,"href":"https:\/\/www.tendenzeshabbychic.it\/fr\/wp-json\/wp\/v2\/pwb-brand?post=183647"},{"taxonomy":"product_brand","embeddable":true,"href":"https:\/\/www.tendenzeshabbychic.it\/fr\/wp-json\/wp\/v2\/product_brand?post=183647"},{"taxonomy":"product_cat","embeddable":true,"href":"https:\/\/www.tendenzeshabbychic.it\/fr\/wp-json\/wp\/v2\/product_cat?post=183647"},{"taxonomy":"product_tag","embeddable":true,"href":"https:\/\/www.tendenzeshabbychic.it\/fr\/wp-json\/wp\/v2\/product_tag?post=183647"}],"curies":[{"name":"wp","href":"https:\/\/api.w.org\/{rel}","templated":true}]}}