{"id":179361,"date":"2025-04-02T00:16:03","date_gmt":"2025-04-01T23:16:03","guid":{"rendered":"https:\/\/www.tendenzeshabbychic.it\/prodotto\/edg-bouquet-18-roses-avec-feuilles-h40-cm-vert-clair\/"},"modified":"2025-04-02T00:16:03","modified_gmt":"2025-04-01T23:16:03","slug":"edg-bouquet-18-roses-avec-feuilles-h40-cm-vert-clair","status":"publish","type":"product","link":"https:\/\/www.tendenzeshabbychic.it\/fr\/produit\/edg-bouquet-18-roses-avec-feuilles-h40-cm-vert-clair\/","title":{"rendered":"EDG Bouquet 18 Roses avec Feuilles H40 cm Vert Clair"},"content":{"rendered":"<p>Le bouquet de roses <em>vert clair<\/em> EDG est un choix d\u00e9licat et polyvalent pour tout environnement. Compos\u00e9 de 18 roses en tissu d&rsquo;aspect r\u00e9aliste avec des p\u00e9tales vert tr\u00e8s clair et des feuilles bien d\u00e9finies, ce bouquet est parfait pour apporter fra\u00eecheur et lumi\u00e8re dans la maison. La longue tige, compl\u00e9t\u00e9e par un lien en raphia, convient aux vases hauts ou aux d\u00e9corations verticales. Une solution d\u00e9corative durable et raffin\u00e9e, \u00e9galement id\u00e9ale pour les \u00e9v\u00e9nements ou les compositions florales mixtes.   <\/p>\n<p><strong>Points forts :<\/strong><\/p>\n<ul>\n<li>18 roses en tissu \u00e0 effet naturel<\/li>\n<li>Couleur vert clair \u00e9l\u00e9gante et lumineuse<\/li>\n<li>Feuilles r\u00e9alistes en tissu vert fonc\u00e9<\/li>\n<li>Hauteur id\u00e9ale pour les vases et les centres de table<\/li>\n<li>Parfait pour les d\u00e9corations printani\u00e8res ou les mariages<\/li>\n<\/ul>\n","protected":false},"excerpt":{"rendered":"<p>Bouquet compos\u00e9 de 18 roses artificielles de couleur vert clair, de feuilles et de tiges r\u00e9alistes nou\u00e9es dans du raphia naturel.<\/p>\n<p>\ud83d\udccf H 40 cm<\/p>\n","protected":false},"featured_media":179317,"comment_status":"open","ping_status":"closed","template":"","meta":{"_joinchat":[]},"pwb-brand":[776],"product_brand":[],"product_cat":[2772,1467],"product_tag":[3284],"class_list":{"0":"post-179361","1":"product","2":"type-product","3":"status-publish","4":"has-post-thumbnail","6":"pwb-brand-edg","7":"product_cat-fleurs-en-pot","8":"product_cat-fleurs-et-plantes-artificielles","9":"product_tag-saldi","11":"first","12":"instock","13":"taxable","14":"shipping-taxable","15":"purchasable","16":"product-type-simple"},"brands":[{"id":1564,"name":"EDG \u2013 Enzo De Gasperi","slug":"edg-fr"}],"_links":{"self":[{"href":"https:\/\/www.tendenzeshabbychic.it\/fr\/wp-json\/wp\/v2\/product\/179361","targetHints":{"allow":["GET"]}}],"collection":[{"href":"https:\/\/www.tendenzeshabbychic.it\/fr\/wp-json\/wp\/v2\/product"}],"about":[{"href":"https:\/\/www.tendenzeshabbychic.it\/fr\/wp-json\/wp\/v2\/types\/product"}],"replies":[{"embeddable":true,"href":"https:\/\/www.tendenzeshabbychic.it\/fr\/wp-json\/wp\/v2\/comments?post=179361"}],"wp:featuredmedia":[{"embeddable":true,"href":"https:\/\/www.tendenzeshabbychic.it\/fr\/wp-json\/wp\/v2\/media\/179317"}],"wp:attachment":[{"href":"https:\/\/www.tendenzeshabbychic.it\/fr\/wp-json\/wp\/v2\/media?parent=179361"}],"wp:term":[{"taxonomy":"pwb-brand","embeddable":true,"href":"https:\/\/www.tendenzeshabbychic.it\/fr\/wp-json\/wp\/v2\/pwb-brand?post=179361"},{"taxonomy":"product_brand","embeddable":true,"href":"https:\/\/www.tendenzeshabbychic.it\/fr\/wp-json\/wp\/v2\/product_brand?post=179361"},{"taxonomy":"product_cat","embeddable":true,"href":"https:\/\/www.tendenzeshabbychic.it\/fr\/wp-json\/wp\/v2\/product_cat?post=179361"},{"taxonomy":"product_tag","embeddable":true,"href":"https:\/\/www.tendenzeshabbychic.it\/fr\/wp-json\/wp\/v2\/product_tag?post=179361"}],"curies":[{"name":"wp","href":"https:\/\/api.w.org\/{rel}","templated":true}]}}