{"id":179068,"date":"2025-04-02T12:40:36","date_gmt":"2025-04-02T10:40:36","guid":{"rendered":"https:\/\/www.tendenzeshabbychic.it\/prodotto\/edg-oeuf-de-paques-decoratif-h10-5-cm-6-couleurs\/"},"modified":"2025-03-28T17:14:36","modified_gmt":"2025-03-28T16:14:36","slug":"edg-oeuf-de-paques-decoratif-h10-5-cm-6-couleurs","status":"publish","type":"product","link":"https:\/\/www.tendenzeshabbychic.it\/fr\/produit\/edg-oeuf-de-paques-decoratif-h10-5-cm-6-couleurs\/","title":{"rendered":"EDG Oeuf de P\u00e2ques d\u00e9coratif H10.5 cm &#8211; 6 Couleurs"},"content":{"rendered":"<p>Une \u00e9l\u00e9gante d\u00e9coration de P\u00e2ques par EDG: cet \u0153uf \u00e0 suspendre en plastique et polyr\u00e9sine se distingue par sa finition mate dans des tons pastel et ses reliefs blancs finement travaill\u00e9s repr\u00e9sentant des lapins parmi les fleurs ou des oiseaux sur des branches fleuries. Les six variantes de couleurs &#8211; rose poudr\u00e9, bleu ciel, jaune cr\u00e8me, vert sauge, p\u00eache et lilas &#8211; s&rsquo;int\u00e8grent facilement dans des d\u00e9cors Shabby Chic, classiques ou romantiques. <\/p>\n<p>Parfaits pour \u00eatre accroch\u00e9s \u00e0 des branches d\u00e9coratives ou \u00e0 des guirlandes, ces \u0153ufs ajoutent une touche po\u00e9tique \u00e0 la f\u00eate de P\u00e2ques.<\/p>\n<ul>\n<li>D\u00e9coration suspendue avec ruban assorti<\/li>\n<li>Motif gaufr\u00e9 printanier<\/li>\n<li>Finition mate dans des tons pastel<\/li>\n<li>L\u00e9ger et durable gr\u00e2ce au plastique\/polyr\u00e9sine<\/li>\n<li>Id\u00e9al pour les arbres de P\u00e2ques ou les compositions saisonni\u00e8res<\/li>\n<\/ul>\n","protected":false},"excerpt":{"rendered":"<p>\u0152uf de P\u00e2ques en plastique\/polyr\u00e9sine avec reliefs blancs sur le th\u00e8me du lapin ou de l&rsquo;oiseau, disponible en 6 d\u00e9licates teintes pastel.<br \/>\n\ud83d\udccf H 10,5 x \u00d8 7,5 cm<\/p>\n","protected":false},"featured_media":178762,"comment_status":"open","ping_status":"closed","template":"","meta":{"_joinchat":[]},"pwb-brand":[1564],"product_brand":[],"product_cat":[1505,1609],"product_tag":[3160],"class_list":{"0":"post-179068","1":"product","2":"type-product","3":"status-publish","4":"has-post-thumbnail","6":"pwb-brand-edg-fr","7":"product_cat-objets","8":"product_cat-paques","9":"product_tag-oeufs-de-paques","11":"first","12":"outofstock","13":"sale","14":"taxable","15":"shipping-taxable","16":"purchasable","17":"product-type-variable"},"brands":[{"id":1564,"name":"EDG \u2013 Enzo De Gasperi","slug":"edg-fr"}],"_links":{"self":[{"href":"https:\/\/www.tendenzeshabbychic.it\/fr\/wp-json\/wp\/v2\/product\/179068","targetHints":{"allow":["GET"]}}],"collection":[{"href":"https:\/\/www.tendenzeshabbychic.it\/fr\/wp-json\/wp\/v2\/product"}],"about":[{"href":"https:\/\/www.tendenzeshabbychic.it\/fr\/wp-json\/wp\/v2\/types\/product"}],"replies":[{"embeddable":true,"href":"https:\/\/www.tendenzeshabbychic.it\/fr\/wp-json\/wp\/v2\/comments?post=179068"}],"wp:featuredmedia":[{"embeddable":true,"href":"https:\/\/www.tendenzeshabbychic.it\/fr\/wp-json\/wp\/v2\/media\/178762"}],"wp:attachment":[{"href":"https:\/\/www.tendenzeshabbychic.it\/fr\/wp-json\/wp\/v2\/media?parent=179068"}],"wp:term":[{"taxonomy":"pwb-brand","embeddable":true,"href":"https:\/\/www.tendenzeshabbychic.it\/fr\/wp-json\/wp\/v2\/pwb-brand?post=179068"},{"taxonomy":"product_brand","embeddable":true,"href":"https:\/\/www.tendenzeshabbychic.it\/fr\/wp-json\/wp\/v2\/product_brand?post=179068"},{"taxonomy":"product_cat","embeddable":true,"href":"https:\/\/www.tendenzeshabbychic.it\/fr\/wp-json\/wp\/v2\/product_cat?post=179068"},{"taxonomy":"product_tag","embeddable":true,"href":"https:\/\/www.tendenzeshabbychic.it\/fr\/wp-json\/wp\/v2\/product_tag?post=179068"}],"curies":[{"name":"wp","href":"https:\/\/api.w.org\/{rel}","templated":true}]}}