{"id":178682,"date":"2025-04-02T11:50:50","date_gmt":"2025-04-02T09:50:50","guid":{"rendered":"https:\/\/www.tendenzeshabbychic.it\/prodotto\/edg-vase-a-fleurs-en-ceramique-mate-h27-d15\/"},"modified":"2025-01-10T01:25:50","modified_gmt":"2025-01-10T00:25:50","slug":"edg-vase-a-fleurs-en-ceramique-mate-h27-d15","status":"publish","type":"product","link":"https:\/\/www.tendenzeshabbychic.it\/fr\/produit\/edg-vase-a-fleurs-en-ceramique-mate-h27-d15\/","title":{"rendered":"EDG Vase \u00e0 fleurs en c\u00e9ramique mate H27 D15"},"content":{"rendered":"<p>Le vase Fiori di EDG est un \u00e9l\u00e9ment d\u00e9coratif au design frais et romantique. R\u00e9alis\u00e9 en c\u00e9ramique blanche opaque, il pr\u00e9sente des reliefs floraux dans les tons jaune et rouge qui apportent une touche de couleur d\u00e9licate et naturelle. Id\u00e9al pour accueillir des fleurs fra\u00eeches ou s\u00e9ch\u00e9es, ce vase est parfait pour rehausser les salons, les chambres \u00e0 coucher ou les coins lumineux d&rsquo;une touche d&rsquo;\u00e9l\u00e9gance discr\u00e8te et naturelle.  <\/p>\n<p><strong>Caract\u00e9ristiques principales:<\/strong><\/p>\n<ul>\n<li><strong>Mat\u00e9riau de<\/strong> haute qualit\u00e9 <strong>:<\/strong> c\u00e9ramique mate de haute qualit\u00e9, durable et raffin\u00e9e.<\/li>\n<li><strong>D\u00e9corations florales : les<\/strong> ornements color\u00e9s ajoutent une touche de fra\u00eecheur et de style.<\/li>\n<li><strong>Polyvalence d&rsquo;utilisation :<\/strong> id\u00e9al pour les fleurs fra\u00eeches, s\u00e9ch\u00e9es ou comme pi\u00e8ce d\u00e9corative autonome.<\/li>\n<li><strong>Style romantique :<\/strong> parfait pour les environnements lumineux et accueillants.<\/li>\n<li><strong>Dimensions compactes :<\/strong> H 27 cm x \u00d8 15 cm.<\/li>\n<\/ul>\n","protected":false},"excerpt":{"rendered":"<p>Vase raffin\u00e9 en c\u00e9ramique blanche mate, d\u00e9cor\u00e9 de d\u00e9licats motifs floraux en relief. Parfait pour les ambiances lumineuses et romantiques.<br \/>\n\ud83d\udccf H 27 cm x \u00d8 15 cm<\/p>\n","protected":false},"featured_media":170252,"comment_status":"open","ping_status":"closed","template":"","meta":{"_joinchat":[]},"pwb-brand":[1564],"product_brand":[],"product_cat":[1526],"product_tag":[3285],"class_list":{"0":"post-178682","1":"product","2":"type-product","3":"status-publish","4":"has-post-thumbnail","6":"pwb-brand-edg-fr","7":"product_cat-vases","8":"product_tag-ventes","9":"pa_colore-blanc","11":"first","12":"instock","13":"sale","14":"taxable","15":"shipping-taxable","16":"purchasable","17":"product-type-simple"},"brands":[{"id":1564,"name":"EDG \u2013 Enzo De Gasperi","slug":"edg-fr"}],"_links":{"self":[{"href":"https:\/\/www.tendenzeshabbychic.it\/fr\/wp-json\/wp\/v2\/product\/178682","targetHints":{"allow":["GET"]}}],"collection":[{"href":"https:\/\/www.tendenzeshabbychic.it\/fr\/wp-json\/wp\/v2\/product"}],"about":[{"href":"https:\/\/www.tendenzeshabbychic.it\/fr\/wp-json\/wp\/v2\/types\/product"}],"replies":[{"embeddable":true,"href":"https:\/\/www.tendenzeshabbychic.it\/fr\/wp-json\/wp\/v2\/comments?post=178682"}],"wp:featuredmedia":[{"embeddable":true,"href":"https:\/\/www.tendenzeshabbychic.it\/fr\/wp-json\/wp\/v2\/media\/170252"}],"wp:attachment":[{"href":"https:\/\/www.tendenzeshabbychic.it\/fr\/wp-json\/wp\/v2\/media?parent=178682"}],"wp:term":[{"taxonomy":"pwb-brand","embeddable":true,"href":"https:\/\/www.tendenzeshabbychic.it\/fr\/wp-json\/wp\/v2\/pwb-brand?post=178682"},{"taxonomy":"product_brand","embeddable":true,"href":"https:\/\/www.tendenzeshabbychic.it\/fr\/wp-json\/wp\/v2\/product_brand?post=178682"},{"taxonomy":"product_cat","embeddable":true,"href":"https:\/\/www.tendenzeshabbychic.it\/fr\/wp-json\/wp\/v2\/product_cat?post=178682"},{"taxonomy":"product_tag","embeddable":true,"href":"https:\/\/www.tendenzeshabbychic.it\/fr\/wp-json\/wp\/v2\/product_tag?post=178682"}],"curies":[{"name":"wp","href":"https:\/\/api.w.org\/{rel}","templated":true}]}}