{"id":178669,"date":"2025-04-02T12:40:45","date_gmt":"2025-04-02T11:40:45","guid":{"rendered":"https:\/\/www.tendenzeshabbychic.it\/prodotto\/edg-vase-avec-lapin-h20-cm-collection-paques\/"},"modified":"2025-04-02T12:49:04","modified_gmt":"2025-04-02T11:49:04","slug":"edg-vase-avec-lapin-h20-cm-collection-paques","status":"publish","type":"product","link":"https:\/\/www.tendenzeshabbychic.it\/fr\/produit\/edg-vase-avec-lapin-h20-cm-collection-paques\/","title":{"rendered":"EDG Vase avec lapin H20 cm Collection P\u00e2ques"},"content":{"rendered":"<p>Faites entrer le printemps dans votre maison avec le vase \u0152uf de lapin EDG. Ce vase enchanteur, en forme de coquille d&rsquo;\u0153uf blanche, est orn\u00e9 de motifs floraux avec des violettes vives et juxtapos\u00e9 \u00e0 un lapin en c\u00e9ramique marron avec des d\u00e9tails r\u00e9alistes. Fabriqu\u00e9 en c\u00e9ramique imperm\u00e9able, il est id\u00e9al pour un usage int\u00e9rieur et est parfait pour ajouter une touche d&rsquo;\u00e9l\u00e9gance et de douceur aux tables, aux \u00e9tag\u00e8res ou aux entr\u00e9es. Id\u00e9al comme pi\u00e8ce ma\u00eetresse pour P\u00e2ques ou comme d\u00e9coration tout au long de la saison printani\u00e8re.   <\/p>\n<ul>\n<li><strong>Mat\u00e9riaux de haute qualit\u00e9<\/strong>: Fabriqu\u00e9 en c\u00e9ramique imperm\u00e9able \u00e0 l&rsquo;eau pour plus de durabilit\u00e9 et de fonctionnalit\u00e9.<\/li>\n<li><strong>Design raffin\u00e9<\/strong>: d\u00e9corations florales et lapin d\u00e9taill\u00e9 pour un aspect r\u00e9aliste.<\/li>\n<li><strong>Parfait pour P\u00e2ques<\/strong>: un accessoire id\u00e9al pour enrichir la maison pendant la saison printani\u00e8re.<\/li>\n<li><strong>Convient \u00e0 tous les environnements<\/strong>: Excellente id\u00e9e de cadeau ou de d\u00e9coration pour les espaces int\u00e9rieurs.<\/li>\n<li><strong>Taille compacte<\/strong>: s&rsquo;int\u00e8gre facilement dans n&rsquo;importe quel espace de la maison.<\/li>\n<\/ul>\n","protected":false},"excerpt":{"rendered":"<p>D\u00e9licieux vase en forme d&rsquo;\u0153uf blanc, d\u00e9cor\u00e9 de violettes color\u00e9es et accompagn\u00e9 d&rsquo;un adorable lapin brun. Une touche printani\u00e8re parfaite pour enrichir votre d\u00e9coration de P\u00e2ques. <\/p>\n<p>\ud83d\udccf H20 x L13 x P18.<\/p>\n","protected":false},"featured_media":170756,"comment_status":"open","ping_status":"closed","template":"","meta":{"_joinchat":[]},"pwb-brand":[776],"product_brand":[],"product_cat":[1609,1526],"product_tag":[940,3159],"class_list":{"0":"post-178669","1":"product","2":"type-product","3":"status-publish","4":"has-post-thumbnail","6":"pwb-brand-edg","7":"product_cat-paques","8":"product_cat-vases","9":"product_tag-conigli","10":"product_tag-uova-pasquali","12":"first","13":"outofstock","14":"sale","15":"taxable","16":"shipping-taxable","17":"purchasable","18":"product-type-simple"},"brands":[{"id":1564,"name":"EDG \u2013 Enzo De Gasperi","slug":"edg-fr"}],"_links":{"self":[{"href":"https:\/\/www.tendenzeshabbychic.it\/fr\/wp-json\/wp\/v2\/product\/178669","targetHints":{"allow":["GET"]}}],"collection":[{"href":"https:\/\/www.tendenzeshabbychic.it\/fr\/wp-json\/wp\/v2\/product"}],"about":[{"href":"https:\/\/www.tendenzeshabbychic.it\/fr\/wp-json\/wp\/v2\/types\/product"}],"replies":[{"embeddable":true,"href":"https:\/\/www.tendenzeshabbychic.it\/fr\/wp-json\/wp\/v2\/comments?post=178669"}],"wp:featuredmedia":[{"embeddable":true,"href":"https:\/\/www.tendenzeshabbychic.it\/fr\/wp-json\/wp\/v2\/media\/170756"}],"wp:attachment":[{"href":"https:\/\/www.tendenzeshabbychic.it\/fr\/wp-json\/wp\/v2\/media?parent=178669"}],"wp:term":[{"taxonomy":"pwb-brand","embeddable":true,"href":"https:\/\/www.tendenzeshabbychic.it\/fr\/wp-json\/wp\/v2\/pwb-brand?post=178669"},{"taxonomy":"product_brand","embeddable":true,"href":"https:\/\/www.tendenzeshabbychic.it\/fr\/wp-json\/wp\/v2\/product_brand?post=178669"},{"taxonomy":"product_cat","embeddable":true,"href":"https:\/\/www.tendenzeshabbychic.it\/fr\/wp-json\/wp\/v2\/product_cat?post=178669"},{"taxonomy":"product_tag","embeddable":true,"href":"https:\/\/www.tendenzeshabbychic.it\/fr\/wp-json\/wp\/v2\/product_tag?post=178669"}],"curies":[{"name":"wp","href":"https:\/\/api.w.org\/{rel}","templated":true}]}}