{"id":177339,"date":"2025-03-11T13:00:38","date_gmt":"2025-03-11T12:00:38","guid":{"rendered":"https:\/\/www.tendenzeshabbychic.it\/prodotto\/paire-de-paniers-en-osier-avec-poignee-nuvole-di-stoffa\/"},"modified":"2025-03-11T13:00:38","modified_gmt":"2025-03-11T12:00:38","slug":"paire-de-paniers-en-osier-avec-poignee-nuvole-di-stoffa","status":"publish","type":"product","link":"https:\/\/www.tendenzeshabbychic.it\/fr\/produit\/paire-de-paniers-en-osier-avec-poignee-nuvole-di-stoffa\/","title":{"rendered":"Paire de paniers en osier avec poign\u00e9e &#8211; Nuvole di Stoffa"},"content":{"rendered":"<p>La <strong>paire de paniers en osier<\/strong> avec poign\u00e9es de la collection <strong>Nuvole di Stoffa<\/strong> constitue un ajout \u00e9l\u00e9gant \u00e0 tout espace de vie rustique et Shabby Chic. Fabriqu\u00e9s \u00e0 la main en osier tress\u00e9, ils offrent un aspect naturel et authentique, enrichissant chaque coin de la maison d&rsquo;une touche de chaleur et de fonctionnalit\u00e9. <\/p>\n<p>Les paniers se pr\u00eatent \u00e0 <strong>de nombreuses utilisations<\/strong>:<\/p>\n<ul>\n<li>Porte-fruits pour une table rustique et chaleureuse.<\/li>\n<li>R\u00e9cipient pour accessoires d\u00e9coratifs, plantes ou fleurs s\u00e9ch\u00e9es.<\/li>\n<li>Parfait comme \u00e9l\u00e9ment d\u00e9coratif pour les pique-niques ou les arrangements saisonniers.<\/li>\n<\/ul>\n<p>La robustesse de la poign\u00e9e les rend facilement transportables et pratiques, tout en conservant leur <strong>design naturel et \u00e9l\u00e9gant.<\/strong> Le savoir-faire artisanal garantit un produit de qualit\u00e9, unique et durable. <\/p>\n<p><strong>Caract\u00e9ristiques principales:<\/strong><\/p>\n<ul>\n<li>Fabriqu\u00e9 en osier naturel tress\u00e9.<\/li>\n<li><strong>Deux tailles<\/strong> parfaites pour tous les besoins.<\/li>\n<li>Style polyvalent : convient aux meubles rustiques, shabby et Country Chic.<\/li>\n<li>Durable et facile \u00e0 transporter gr\u00e2ce aux poign\u00e9es pratiques.<\/li>\n<li>Id\u00e9al pour les d\u00e9corations saisonni\u00e8res ou comme accessoire d&rsquo;ameublement.<\/li>\n<\/ul>\n","protected":false},"excerpt":{"rendered":"<p>Cette paire de <strong>paniers en osier<\/strong> avec poign\u00e9es allie style et praticit\u00e9, parfaite pour compl\u00e9ter une d\u00e9coration Shabby Chic. Fabriqu\u00e9s en osier naturel tress\u00e9, ils sont id\u00e9aux pour l&rsquo;organisation de la maison ou comme centres de table d\u00e9coratifs. <\/p>\n<p>\ud83d\udccf <strong>Dimensions :<\/strong><\/p>\n<ul>\n<li>Grand panier : <strong>27x27x34,5 cm<\/strong><\/li>\n<li>Petit panier : <strong>24x24x31,5 cm<\/strong><\/li>\n<\/ul>\n","protected":false},"featured_media":165730,"comment_status":"open","ping_status":"closed","template":"","meta":{"_joinchat":[]},"pwb-brand":[1563],"product_brand":[],"product_cat":[1527,1505],"product_tag":[2940,2817,2808,3285],"class_list":{"0":"post-177339","1":"product","2":"type-product","3":"status-publish","4":"has-post-thumbnail","6":"pwb-brand-nuvole-di-stoffa-fr","7":"product_cat-plateaux","8":"product_cat-objets","9":"product_tag-jardin","10":"product_tag-osier-et-rotin","11":"product_tag-panier","12":"product_tag-ventes","14":"first","15":"outofstock","16":"sale","17":"taxable","18":"shipping-taxable","19":"purchasable","20":"product-type-simple"},"brands":[{"id":1563,"name":"Nuvole di Stoffa","slug":"nuvole-di-stoffa-fr"}],"_links":{"self":[{"href":"https:\/\/www.tendenzeshabbychic.it\/fr\/wp-json\/wp\/v2\/product\/177339","targetHints":{"allow":["GET"]}}],"collection":[{"href":"https:\/\/www.tendenzeshabbychic.it\/fr\/wp-json\/wp\/v2\/product"}],"about":[{"href":"https:\/\/www.tendenzeshabbychic.it\/fr\/wp-json\/wp\/v2\/types\/product"}],"replies":[{"embeddable":true,"href":"https:\/\/www.tendenzeshabbychic.it\/fr\/wp-json\/wp\/v2\/comments?post=177339"}],"wp:featuredmedia":[{"embeddable":true,"href":"https:\/\/www.tendenzeshabbychic.it\/fr\/wp-json\/wp\/v2\/media\/165730"}],"wp:attachment":[{"href":"https:\/\/www.tendenzeshabbychic.it\/fr\/wp-json\/wp\/v2\/media?parent=177339"}],"wp:term":[{"taxonomy":"pwb-brand","embeddable":true,"href":"https:\/\/www.tendenzeshabbychic.it\/fr\/wp-json\/wp\/v2\/pwb-brand?post=177339"},{"taxonomy":"product_brand","embeddable":true,"href":"https:\/\/www.tendenzeshabbychic.it\/fr\/wp-json\/wp\/v2\/product_brand?post=177339"},{"taxonomy":"product_cat","embeddable":true,"href":"https:\/\/www.tendenzeshabbychic.it\/fr\/wp-json\/wp\/v2\/product_cat?post=177339"},{"taxonomy":"product_tag","embeddable":true,"href":"https:\/\/www.tendenzeshabbychic.it\/fr\/wp-json\/wp\/v2\/product_tag?post=177339"}],"curies":[{"name":"wp","href":"https:\/\/api.w.org\/{rel}","templated":true}]}}