{"id":174924,"date":"2026-01-27T07:02:21","date_gmt":"2026-01-27T06:02:21","guid":{"rendered":"https:\/\/www.tendenzeshabbychic.it\/prodotto\/nuvole-di-stoffa-planche-a-decouper-home-sweet-home-35x13-cm\/"},"modified":"2024-12-20T10:45:21","modified_gmt":"2024-12-20T09:45:21","slug":"nuvole-di-stoffa-planche-a-decouper-home-sweet-home-35x13-cm","status":"publish","type":"product","link":"https:\/\/www.tendenzeshabbychic.it\/fr\/produit\/nuvole-di-stoffa-planche-a-decouper-home-sweet-home-35x13-cm\/","title":{"rendered":"Nuvole di Stoffa Planche \u00e0 d\u00e9couper Home Sweet Home 35&#215;13 cm"},"content":{"rendered":"<p>My Home Nuvole di Stoffa Cette planche \u00e0 d\u00e9couper raffin\u00e9e de la collection by est fabriqu\u00e9e en bois d&rsquo;acacia, connu pour son beau grain naturel et sa durabilit\u00e9. D\u00e9cor\u00e9e de la gravure \u00ab\u00a0Home Sweet Home\u00a0\u00bb, elle allie praticit\u00e9 et style, ce qui en fait un accessoire parfait pour votre cuisine ou un cadeau sp\u00e9cial. <\/p>\n<p>Le cordon de jute pratique vous permet de le suspendre pour une d\u00e9coration unique ou de l&rsquo;avoir toujours \u00e0 port\u00e9e de main. Id\u00e9al pour servir des ap\u00e9ritifs, du fromage ou des snacks, ou simplement comme \u00e9l\u00e9ment d\u00e9coratif pour un int\u00e9rieur au style cosy et Shabby Chic. <\/p>\n<p><strong>D\u00e9tails du produit:<\/strong><\/p>\n<ul>\n<li>\ud83d\udccf Dimensions : 35 x 13 x 1 cm<\/li>\n<li>\ud83c\udf33 Mat\u00e9riau : bois d&rsquo;acacia solide et durable<\/li>\n<li>\ud83d\udd8b Motif : gravure \u00ab\u00a0Home Sweet Home\u00a0\u00bb avec une touche rustique<\/li>\n<li>\ud83e\uddf5 Accessoire : corde de jute \u00e0 suspendre<\/li>\n<\/ul>\n<p>Un compl\u00e9ment polyvalent qui rehausse toute cuisine et rend chaque moment sp\u00e9cial. C&rsquo;est \u00e9galement une id\u00e9e de cadeau id\u00e9ale pour ceux qui aiment la beaut\u00e9 authentique des mat\u00e9riaux naturels. <\/p>\n","protected":false},"excerpt":{"rendered":"<p>Planche \u00e0 d\u00e9couper en bois d&rsquo;acacia avec gravure \u00ab\u00a0Home Sweet Home\u00a0\u00bb et cordelette de jute pour la suspendre. Parfait pour d\u00e9corer et servir. <\/p>\n<p>\ud83d\udccf 35 x 13 x 1 cm.<\/p>\n","protected":false},"featured_media":166486,"comment_status":"open","ping_status":"closed","template":"","meta":{"_joinchat":[]},"pwb-brand":[1563],"product_brand":[],"product_cat":[1471,1472,1527],"product_tag":[1416,3285],"class_list":{"0":"post-174924","1":"product","2":"type-product","3":"status-publish","4":"has-post-thumbnail","6":"pwb-brand-nuvole-di-stoffa-fr","7":"product_cat-accessoires-de-cuisine","8":"product_cat-cuisine","9":"product_cat-plateaux","10":"product_tag-my-home-fr","11":"product_tag-ventes","13":"first","14":"instock","15":"sale","16":"taxable","17":"shipping-taxable","18":"purchasable","19":"product-type-simple"},"brands":[{"id":1563,"name":"Nuvole di Stoffa","slug":"nuvole-di-stoffa-fr"}],"_links":{"self":[{"href":"https:\/\/www.tendenzeshabbychic.it\/fr\/wp-json\/wp\/v2\/product\/174924","targetHints":{"allow":["GET"]}}],"collection":[{"href":"https:\/\/www.tendenzeshabbychic.it\/fr\/wp-json\/wp\/v2\/product"}],"about":[{"href":"https:\/\/www.tendenzeshabbychic.it\/fr\/wp-json\/wp\/v2\/types\/product"}],"replies":[{"embeddable":true,"href":"https:\/\/www.tendenzeshabbychic.it\/fr\/wp-json\/wp\/v2\/comments?post=174924"}],"wp:featuredmedia":[{"embeddable":true,"href":"https:\/\/www.tendenzeshabbychic.it\/fr\/wp-json\/wp\/v2\/media\/166486"}],"wp:attachment":[{"href":"https:\/\/www.tendenzeshabbychic.it\/fr\/wp-json\/wp\/v2\/media?parent=174924"}],"wp:term":[{"taxonomy":"pwb-brand","embeddable":true,"href":"https:\/\/www.tendenzeshabbychic.it\/fr\/wp-json\/wp\/v2\/pwb-brand?post=174924"},{"taxonomy":"product_brand","embeddable":true,"href":"https:\/\/www.tendenzeshabbychic.it\/fr\/wp-json\/wp\/v2\/product_brand?post=174924"},{"taxonomy":"product_cat","embeddable":true,"href":"https:\/\/www.tendenzeshabbychic.it\/fr\/wp-json\/wp\/v2\/product_cat?post=174924"},{"taxonomy":"product_tag","embeddable":true,"href":"https:\/\/www.tendenzeshabbychic.it\/fr\/wp-json\/wp\/v2\/product_tag?post=174924"}],"curies":[{"name":"wp","href":"https:\/\/api.w.org\/{rel}","templated":true}]}}