{"id":174734,"date":"2025-02-13T13:00:10","date_gmt":"2025-02-13T12:00:10","guid":{"rendered":"https:\/\/www.tendenzeshabbychic.it\/prodotto\/parfum-nuvole-di-stoffa-linge-chaud-100-ml\/"},"modified":"2024-12-16T09:39:10","modified_gmt":"2024-12-16T08:39:10","slug":"parfum-nuvole-di-stoffa-linge-chaud-100-ml","status":"publish","type":"product","link":"https:\/\/www.tendenzeshabbychic.it\/fr\/produit\/parfum-nuvole-di-stoffa-linge-chaud-100-ml\/","title":{"rendered":"Parfum Nuvole di Stoffa Linge Chaud \u2013 100 ml"},"content":{"rendered":"<p>Apportez la sensation de douce fra\u00eecheur dans votre maison avec le parfum d&rsquo;ambiance <em>Warm Linen<\/em> de Nuvole di Stoffa . Son design d\u00e9licat, avec un flacon satin\u00e9, un bouchon en c\u00e9ramique et un n\u0153ud beige ros\u00e9, en fait non seulement un diffuseur de parfum mais aussi un \u00e9l\u00e9ment d\u00e9coratif raffin\u00e9. L&#8217;emballage assorti, aux tons beiges et au motif g\u00e9om\u00e9trique simple, en fait une excellente id\u00e9e cadeau.  <\/p>\n<p>Parfait pour cr\u00e9er une atmosph\u00e8re sereine dans les salons, les chambres et les espaces de d\u00e9tente. Il se marie parfaitement avec un mobilier \u00e9l\u00e9gant et shabby chic. <\/p>\n<p><strong>Points forts :<\/strong><\/p>\n<ul>\n<li>Design sophistiqu\u00e9 avec capuchon en c\u00e9ramique et noeud beige ros\u00e9.<\/li>\n<li>Parfum frais et enveloppant aux notes florales et musqu\u00e9es.<\/li>\n<li>Emballage \u00e9l\u00e9gant, id\u00e9al comme cadeau.<\/li>\n<li>Format pratique de 100 ml, parfait pour n&rsquo;importe quel environnement domestique.<\/li>\n<li>\u00c9l\u00e9ment d\u00e9coratif raffin\u00e9 pour les maisons de style shabby chic.<\/li>\n<\/ul>\n","protected":false},"excerpt":{"rendered":"<p>Le parfum d&rsquo;ambiance <em>Warm Linen<\/em> est le choix parfait pour une atmosph\u00e8re cosy et sereine. Avec son \u00e9l\u00e9gant flacon satin\u00e9, son bouchon en c\u00e9ramique et son n\u0153ud beige ros\u00e9, il ajoute une touche raffin\u00e9e \u00e0 n&rsquo;importe quel environnement.<br \/>\n \ud83d\udccf <strong>Dimensions :<\/strong> 5,4 x 5,4 x 16,8 cm \u2013 100 ml <\/p>\n<p>Le parfum <em>Warm Linen<\/em> lib\u00e8re une fragrance accueillante et \u00e9quilibr\u00e9e :<\/p>\n<ul>\n<li><strong>Notes de t\u00eate :<\/strong> florales, fruit\u00e9es avec du cassis et du citron pour une fra\u00eecheur p\u00e9tillante.<\/li>\n<li><strong>Notes de c\u0153ur :<\/strong> rose, magnolia et mousse de ch\u00eane pour un c\u0153ur d\u00e9licat et enveloppant.<\/li>\n<li><strong>Notes de fond :<\/strong> ambre et musc, qui donnent chaleur et persistance au parfum.<\/li>\n<\/ul>\n","protected":false},"featured_media":165787,"comment_status":"open","ping_status":"closed","template":"","meta":{"_joinchat":[]},"pwb-brand":[1563],"product_brand":[],"product_cat":[1518,1515],"product_tag":[3247,1296,3285],"class_list":{"0":"post-174734","1":"product","2":"type-product","3":"status-publish","4":"has-post-thumbnail","6":"pwb-brand-nuvole-di-stoffa-fr","7":"product_cat-spray-fr","8":"product_cat-parfumeurs","9":"product_tag-fete-des-meres","10":"product_tag-idee-de-cadeau","11":"product_tag-ventes","13":"first","14":"instock","15":"sale","16":"taxable","17":"shipping-taxable","18":"purchasable","19":"product-type-simple"},"brands":[{"id":1563,"name":"Nuvole di Stoffa","slug":"nuvole-di-stoffa-fr"}],"_links":{"self":[{"href":"https:\/\/www.tendenzeshabbychic.it\/fr\/wp-json\/wp\/v2\/product\/174734","targetHints":{"allow":["GET"]}}],"collection":[{"href":"https:\/\/www.tendenzeshabbychic.it\/fr\/wp-json\/wp\/v2\/product"}],"about":[{"href":"https:\/\/www.tendenzeshabbychic.it\/fr\/wp-json\/wp\/v2\/types\/product"}],"replies":[{"embeddable":true,"href":"https:\/\/www.tendenzeshabbychic.it\/fr\/wp-json\/wp\/v2\/comments?post=174734"}],"wp:featuredmedia":[{"embeddable":true,"href":"https:\/\/www.tendenzeshabbychic.it\/fr\/wp-json\/wp\/v2\/media\/165787"}],"wp:attachment":[{"href":"https:\/\/www.tendenzeshabbychic.it\/fr\/wp-json\/wp\/v2\/media?parent=174734"}],"wp:term":[{"taxonomy":"pwb-brand","embeddable":true,"href":"https:\/\/www.tendenzeshabbychic.it\/fr\/wp-json\/wp\/v2\/pwb-brand?post=174734"},{"taxonomy":"product_brand","embeddable":true,"href":"https:\/\/www.tendenzeshabbychic.it\/fr\/wp-json\/wp\/v2\/product_brand?post=174734"},{"taxonomy":"product_cat","embeddable":true,"href":"https:\/\/www.tendenzeshabbychic.it\/fr\/wp-json\/wp\/v2\/product_cat?post=174734"},{"taxonomy":"product_tag","embeddable":true,"href":"https:\/\/www.tendenzeshabbychic.it\/fr\/wp-json\/wp\/v2\/product_tag?post=174734"}],"curies":[{"name":"wp","href":"https:\/\/api.w.org\/{rel}","templated":true}]}}