{"id":174732,"date":"2025-02-13T13:00:39","date_gmt":"2025-02-13T12:00:39","guid":{"rendered":"https:\/\/www.tendenzeshabbychic.it\/prodotto\/parfum-nuvole-di-stoffa-de-tissu-musc-sauvage-100-ml\/"},"modified":"2024-12-16T10:36:39","modified_gmt":"2024-12-16T09:36:39","slug":"parfum-nuvole-di-stoffa-de-tissu-musc-sauvage-100-ml","status":"publish","type":"product","link":"https:\/\/www.tendenzeshabbychic.it\/fr\/produit\/parfum-nuvole-di-stoffa-de-tissu-musc-sauvage-100-ml\/","title":{"rendered":"Parfum Nuvole di Stoffa \u200b\u200bde Tissu Musc Sauvage \u2013 100 ml"},"content":{"rendered":"<p>Offrez \u00e0 vos pi\u00e8ces une atmosph\u00e8re accueillante et sophistiqu\u00e9e avec le diffuseur de parfum <em>Wild Musk<\/em> de Nuvole di Stoffa . Cet \u00e9l\u00e9gant diffuseur se distingue par son design raffin\u00e9 : un flacon en verre d\u00e9poli avec un bouchon en c\u00e9ramique blanche, agr\u00e9ment\u00e9 d&rsquo;un d\u00e9licat n\u0153ud vert. La bo\u00eete assortie au motif g\u00e9om\u00e9trique vert compl\u00e8te l&rsquo;ensemble, ce qui en fait \u00e9galement une excellente id\u00e9e cadeau.  <\/p>\n<p>Parfait pour ajouter une touche de luxe et de s\u00e9r\u00e9nit\u00e9 \u00e0 votre maison, il se marie \u00e0 merveille avec les environnements shabby chic, classiques ou modernes.<\/p>\n<p><strong>Points forts :<\/strong><\/p>\n<ul>\n<li>Design \u00e9l\u00e9gant avec capuchon en c\u00e9ramique blanche et n\u0153ud d\u00e9coratif.<\/li>\n<li>Parfum enveloppant et raffin\u00e9 aux notes florales et bois\u00e9es.<\/li>\n<li>Bouteille d\u00e9corative adapt\u00e9e \u00e0 tout environnement domestique.<\/li>\n<li>Parfait comme id\u00e9e cadeau gr\u00e2ce \u00e0 son emballage \u00e9l\u00e9gant.<\/li>\n<li>Taille compacte et capacit\u00e9 de 100 ml, id\u00e9ale pour n&rsquo;importe quel espace.<\/li>\n<\/ul>\n","protected":false},"excerpt":{"rendered":"<p>Le parfum d&rsquo;ambiance <em>Wild Musk<\/em> est une solution \u00e9l\u00e9gante pour parfumer vos espaces d&rsquo;un m\u00e9lange fascinant de fleurs et de bois. La bouteille en verre d\u00e9poli avec bouchon en c\u00e9ramique et noeud vert donne une touche raffin\u00e9e et d\u00e9corative.<br \/>\n \ud83d\udccf <strong>Dimensions :<\/strong> 5,4 x 5,4 x 16,8 cm \u2013 100 ml <\/p>\n<p>Le parfum <em>Wild Musk<\/em> est une composition \u00e9quilibr\u00e9e et enveloppante :<\/p>\n<ul>\n<li><strong>Notes de t\u00eate :<\/strong> jasmin, noix de coco, fleur d&rsquo;oranger et romarin.<\/li>\n<li><strong>Notes de c\u0153ur :<\/strong> bois de santal, clou de girofle, rose et musc.<\/li>\n<li><strong>Notes de fond :<\/strong> ylang-ylang et freesia, pour un final d\u00e9licat et persistant.<\/li>\n<\/ul>\n","protected":false},"featured_media":165778,"comment_status":"open","ping_status":"closed","template":"","meta":{"_joinchat":[]},"pwb-brand":[1563],"product_brand":[],"product_cat":[1518,1515],"product_tag":[3247,1296,3285],"class_list":{"0":"post-174732","1":"product","2":"type-product","3":"status-publish","4":"has-post-thumbnail","6":"pwb-brand-nuvole-di-stoffa-fr","7":"product_cat-spray-fr","8":"product_cat-parfumeurs","9":"product_tag-fete-des-meres","10":"product_tag-idee-de-cadeau","11":"product_tag-ventes","13":"first","14":"instock","15":"sale","16":"taxable","17":"shipping-taxable","18":"purchasable","19":"product-type-simple"},"brands":[{"id":1563,"name":"Nuvole di Stoffa","slug":"nuvole-di-stoffa-fr"}],"_links":{"self":[{"href":"https:\/\/www.tendenzeshabbychic.it\/fr\/wp-json\/wp\/v2\/product\/174732","targetHints":{"allow":["GET"]}}],"collection":[{"href":"https:\/\/www.tendenzeshabbychic.it\/fr\/wp-json\/wp\/v2\/product"}],"about":[{"href":"https:\/\/www.tendenzeshabbychic.it\/fr\/wp-json\/wp\/v2\/types\/product"}],"replies":[{"embeddable":true,"href":"https:\/\/www.tendenzeshabbychic.it\/fr\/wp-json\/wp\/v2\/comments?post=174732"}],"wp:featuredmedia":[{"embeddable":true,"href":"https:\/\/www.tendenzeshabbychic.it\/fr\/wp-json\/wp\/v2\/media\/165778"}],"wp:attachment":[{"href":"https:\/\/www.tendenzeshabbychic.it\/fr\/wp-json\/wp\/v2\/media?parent=174732"}],"wp:term":[{"taxonomy":"pwb-brand","embeddable":true,"href":"https:\/\/www.tendenzeshabbychic.it\/fr\/wp-json\/wp\/v2\/pwb-brand?post=174732"},{"taxonomy":"product_brand","embeddable":true,"href":"https:\/\/www.tendenzeshabbychic.it\/fr\/wp-json\/wp\/v2\/product_brand?post=174732"},{"taxonomy":"product_cat","embeddable":true,"href":"https:\/\/www.tendenzeshabbychic.it\/fr\/wp-json\/wp\/v2\/product_cat?post=174732"},{"taxonomy":"product_tag","embeddable":true,"href":"https:\/\/www.tendenzeshabbychic.it\/fr\/wp-json\/wp\/v2\/product_tag?post=174732"}],"curies":[{"name":"wp","href":"https:\/\/api.w.org\/{rel}","templated":true}]}}