{"id":174485,"date":"2025-02-10T16:22:27","date_gmt":"2025-02-10T15:22:27","guid":{"rendered":"https:\/\/www.tendenzeshabbychic.it\/prodotto\/tasse-en-porcelaine-coeur-rose-nuvole-di-stoffa\/"},"modified":"2024-12-14T10:23:27","modified_gmt":"2024-12-14T09:23:27","slug":"tasse-en-porcelaine-coeur-rose-nuvole-di-stoffa","status":"publish","type":"product","link":"https:\/\/www.tendenzeshabbychic.it\/fr\/produit\/tasse-en-porcelaine-coeur-rose-nuvole-di-stoffa\/","title":{"rendered":"Tasse en porcelaine coeur rose &#8211; Nuvole di Stoffa"},"content":{"rendered":"<p>Le mug coeur rose de Nuvole di Stoffa est la combinaison parfaite de simplicit\u00e9 et de romantisme. Fabriqu\u00e9e en porcelaine de haute qualit\u00e9, cette tasse se distingue par sa ligne essentielle agr\u00e9ment\u00e9e d&rsquo;un c\u0153ur en relief qui donne une touche de douceur au design. <\/p>\n<p>Id\u00e9ale pour le petit d\u00e9jeuner ou pour vos pauses d\u00e9tente autour d&rsquo;un th\u00e9, d&rsquo;une tisane ou d&rsquo;un caf\u00e9 au lait, cette tasse s&rsquo;adapte facilement \u00e0 tous les styles d&rsquo;ameublement, du moderne au shabby chic. Gr\u00e2ce \u00e0 son \u00e9l\u00e9gance discr\u00e8te, c&rsquo;est aussi une splendide id\u00e9e cadeau pour les grandes occasions. <\/p>\n<p><strong>Caract\u00e9ristiques principales:<\/strong><\/p>\n<ul>\n<li>Mati\u00e8re : Porcelaine de haute qualit\u00e9.<\/li>\n<li>Coeur en relief pour un design romantique.<\/li>\n<li>Id\u00e9al pour les boissons chaudes telles que le th\u00e9, les tisanes ou le caf\u00e9 au lait.<\/li>\n<li>Durable et facile \u00e0 nettoyer, passe au lave-vaisselle.<\/li>\n<li>Parfait pour un usage quotidien ou comme cadeau \u00e9l\u00e9gant.<\/li>\n<\/ul>\n<p>Un accessoire indispensable pour ceux qui aiment les d\u00e9tails raffin\u00e9s et le confort au quotidien.<\/p>\n","protected":false},"excerpt":{"rendered":"<p>\u00c9l\u00e9gant mug en porcelaine rose avec coeur en relief. Un accessoire raffin\u00e9 et polyvalent, id\u00e9al pour les tisanes ou les lattes. <\/p>\n<p>\ud83d\udccf Dimensions : 9,5 x 5,4 cm.<\/p>\n","protected":false},"featured_media":165005,"comment_status":"open","ping_status":"closed","template":"","meta":{"_joinchat":[]},"pwb-brand":[1563],"product_brand":[],"product_cat":[1532,2943],"product_tag":[2916,3247],"class_list":{"0":"post-174485","1":"product","2":"type-product","3":"status-publish","4":"has-post-thumbnail","6":"pwb-brand-nuvole-di-stoffa-fr","7":"product_cat-tasses","8":"product_cat-vaisselle","9":"product_tag-ceramique-et-porcelaine","10":"product_tag-fete-des-meres","11":"pa_colore-rose","13":"first","14":"outofstock","15":"taxable","16":"shipping-taxable","17":"purchasable","18":"product-type-simple"},"brands":[{"id":1563,"name":"Nuvole di Stoffa","slug":"nuvole-di-stoffa-fr"}],"_links":{"self":[{"href":"https:\/\/www.tendenzeshabbychic.it\/fr\/wp-json\/wp\/v2\/product\/174485","targetHints":{"allow":["GET"]}}],"collection":[{"href":"https:\/\/www.tendenzeshabbychic.it\/fr\/wp-json\/wp\/v2\/product"}],"about":[{"href":"https:\/\/www.tendenzeshabbychic.it\/fr\/wp-json\/wp\/v2\/types\/product"}],"replies":[{"embeddable":true,"href":"https:\/\/www.tendenzeshabbychic.it\/fr\/wp-json\/wp\/v2\/comments?post=174485"}],"wp:featuredmedia":[{"embeddable":true,"href":"https:\/\/www.tendenzeshabbychic.it\/fr\/wp-json\/wp\/v2\/media\/165005"}],"wp:attachment":[{"href":"https:\/\/www.tendenzeshabbychic.it\/fr\/wp-json\/wp\/v2\/media?parent=174485"}],"wp:term":[{"taxonomy":"pwb-brand","embeddable":true,"href":"https:\/\/www.tendenzeshabbychic.it\/fr\/wp-json\/wp\/v2\/pwb-brand?post=174485"},{"taxonomy":"product_brand","embeddable":true,"href":"https:\/\/www.tendenzeshabbychic.it\/fr\/wp-json\/wp\/v2\/product_brand?post=174485"},{"taxonomy":"product_cat","embeddable":true,"href":"https:\/\/www.tendenzeshabbychic.it\/fr\/wp-json\/wp\/v2\/product_cat?post=174485"},{"taxonomy":"product_tag","embeddable":true,"href":"https:\/\/www.tendenzeshabbychic.it\/fr\/wp-json\/wp\/v2\/product_tag?post=174485"}],"curies":[{"name":"wp","href":"https:\/\/api.w.org\/{rel}","templated":true}]}}