{"id":174417,"date":"2026-04-24T09:00:06","date_gmt":"2026-04-24T07:00:06","guid":{"rendered":"https:\/\/www.tendenzeshabbychic.it\/prodotto\/verre-a-eau-en-forme-de-coeur-en-verre-rose-lelegance-au-quotidien\/"},"modified":"2026-04-25T20:49:04","modified_gmt":"2026-04-25T18:49:04","slug":"verre-a-eau-en-forme-de-coeur-en-verre-rose-lelegance-au-quotidien","status":"publish","type":"product","link":"https:\/\/www.tendenzeshabbychic.it\/fr\/produit\/verre-a-eau-en-forme-de-coeur-en-verre-rose-lelegance-au-quotidien\/","title":{"rendered":"Verre \u00e0 eau en forme de c\u0153ur en verre rose \u2013 L&rsquo;\u00e9l\u00e9gance au quotidien"},"content":{"rendered":"<p>Le verre Coeur de la collection La Vie en Rose est un accessoire parfait pour enrichir votre table avec \u00e9l\u00e9gance et style. Fabriqu\u00e9 en verre rose transparent, il pr\u00e9sente une finition soign\u00e9e avec des motifs de c\u0153ur en relief et des d\u00e9tails d\u00e9coratifs qui capturent la lumi\u00e8re de mani\u00e8re unique. <\/p>\n<p>Avec une capacit\u00e9 de 260 ml, il est id\u00e9al pour servir de l&rsquo;eau, des jus ou des boissons froides, rendant chaque moment sp\u00e9cial. La combinaison de mat\u00e9riaux de qualit\u00e9 et d&rsquo;un design romantique en fait un compl\u00e9ment parfait aux environnements shabby chic ou pour ajouter une touche d\u00e9licate \u00e0 une table moderne. <\/p>\n<p><strong>Caract\u00e9ristiques principales:<\/strong><\/p>\n<ul>\n<li><strong>Mat\u00e9riau \u00e9l\u00e9gant :<\/strong> verre rose transparent avec d\u00e9corations en relief.<\/li>\n<li><strong>Design raffin\u00e9 :<\/strong> Motifs coeurs pour un look romantique et sophistiqu\u00e9.<\/li>\n<li><strong>Format pratique :<\/strong> capacit\u00e9 de 260 ml, id\u00e9al pour les boissons du quotidien.<\/li>\n<li><strong>Polyvalence d\u00e9corative :<\/strong> parfait pour les tables shabby chic ou modernes.<\/li>\n<li><strong>Une touche sp\u00e9ciale :<\/strong> ajoutez de l&rsquo;\u00e9l\u00e9gance \u00e0 chaque occasion, des d\u00eeners sp\u00e9ciaux \u00e0 la vie de tous les jours.<\/li>\n<\/ul>\n<p>Compl\u00e9tez votre table avec le verre Coeur, un petit d\u00e9tail qui fait la diff\u00e9rence.<\/p>\n<p>Associez-les \u00e0 des <a href=\"https:\/\/www.tendenzeshabbychic.it\/fr\/categorie-de-produit\/la-table\/nappes\/\">nappes<\/a> assorties et \u00e0 nos <a href=\"https:\/\/www.tendenzeshabbychic.it\/fr\/categorie-de-produit\/chandeliers-et-bougeoirs\/\">bougies et lanternes<\/a> pour un d\u00eener romantique.<\/p>\n","protected":false},"excerpt":{"rendered":"<p>Ajoutez une touche de raffinement \u00e0 votre table avec le verre Coeur en verre rose de la collection La Vie en Rose . \u00c9l\u00e9gant et romantique, avec une capacit\u00e9 de 260 ml, parfait pour toutes les occasions. <\/p>\n<p>\ud83d\udccf Dimensions:<\/p>\n<ul>\n<li>8,3 x 5,8 x 10 cm<\/li>\n<li>Capacit\u00e9 : 260 ml<\/li>\n<\/ul>\n","protected":false},"featured_media":164686,"comment_status":"open","ping_status":"closed","template":"","meta":{"_joinchat":[]},"pwb-brand":[713],"product_brand":[],"product_cat":[1487,2943],"product_tag":[3395,3152],"class_list":{"0":"post-174417","1":"product","2":"type-product","3":"status-publish","4":"has-post-thumbnail","6":"pwb-brand-nuvole-di-stoffa","7":"product_cat-lunettes","8":"product_cat-vaisselle","9":"product_tag-collezione-fiorira","10":"product_tag-la-vie-en-rose","11":"pa_colore-rosa","13":"first","14":"outofstock","15":"taxable","16":"shipping-taxable","17":"purchasable","18":"product-type-simple"},"brands":[{"id":1563,"name":"Nuvole di Stoffa","slug":"nuvole-di-stoffa-fr"}],"_links":{"self":[{"href":"https:\/\/www.tendenzeshabbychic.it\/fr\/wp-json\/wp\/v2\/product\/174417","targetHints":{"allow":["GET"]}}],"collection":[{"href":"https:\/\/www.tendenzeshabbychic.it\/fr\/wp-json\/wp\/v2\/product"}],"about":[{"href":"https:\/\/www.tendenzeshabbychic.it\/fr\/wp-json\/wp\/v2\/types\/product"}],"replies":[{"embeddable":true,"href":"https:\/\/www.tendenzeshabbychic.it\/fr\/wp-json\/wp\/v2\/comments?post=174417"}],"wp:featuredmedia":[{"embeddable":true,"href":"https:\/\/www.tendenzeshabbychic.it\/fr\/wp-json\/wp\/v2\/media\/164686"}],"wp:attachment":[{"href":"https:\/\/www.tendenzeshabbychic.it\/fr\/wp-json\/wp\/v2\/media?parent=174417"}],"wp:term":[{"taxonomy":"pwb-brand","embeddable":true,"href":"https:\/\/www.tendenzeshabbychic.it\/fr\/wp-json\/wp\/v2\/pwb-brand?post=174417"},{"taxonomy":"product_brand","embeddable":true,"href":"https:\/\/www.tendenzeshabbychic.it\/fr\/wp-json\/wp\/v2\/product_brand?post=174417"},{"taxonomy":"product_cat","embeddable":true,"href":"https:\/\/www.tendenzeshabbychic.it\/fr\/wp-json\/wp\/v2\/product_cat?post=174417"},{"taxonomy":"product_tag","embeddable":true,"href":"https:\/\/www.tendenzeshabbychic.it\/fr\/wp-json\/wp\/v2\/product_tag?post=174417"}],"curies":[{"name":"wp","href":"https:\/\/api.w.org\/{rel}","templated":true}]}}