{"id":174285,"date":"2025-02-10T09:45:01","date_gmt":"2025-02-10T08:45:01","guid":{"rendered":"https:\/\/www.tendenzeshabbychic.it\/prodotto\/banc-en-bois-avec-tiroirs-finition-blanc-vieilli-nuvole-di-stoffa\/"},"modified":"2024-12-14T09:45:01","modified_gmt":"2024-12-14T08:45:01","slug":"banc-en-bois-avec-tiroirs-finition-blanc-vieilli-nuvole-di-stoffa","status":"publish","type":"product","link":"https:\/\/www.tendenzeshabbychic.it\/fr\/produit\/banc-en-bois-avec-tiroirs-finition-blanc-vieilli-nuvole-di-stoffa\/","title":{"rendered":"Banc en bois avec tiroirs &#8211; Finition blanc vieilli &#8211; Nuvole di Stoffa"},"content":{"rendered":"<p>Le banc en bois avec tiroirs de Nuvole di Stoffa est une pi\u00e8ce unique qui allie fonctionnalit\u00e9 et charme vintage. Sa finition blanche vieillie, aux d\u00e9tails volontairement us\u00e9s, apporte une touche d&rsquo;authenticit\u00e9 et de romantisme, la rendant parfaite pour d\u00e9corer les entr\u00e9es, les chambres ou les salons dans un style shabby chic. <\/p>\n<p>Dot\u00e9 de deux grands tiroirs, ce banc offre un espace suppl\u00e9mentaire pour organiser de petits objets, des accessoires ou du linge de maison, gardant les choses bien rang\u00e9es avec style. La structure en bois massif assure la solidit\u00e9, tandis que les lignes sinueuses des pieds et des accoudoirs ajoutent une touche d&rsquo;\u00e9l\u00e9gance classique. <\/p>\n<p><strong>Caract\u00e9ristiques principales:<\/strong><\/p>\n<ul>\n<li>Fabriqu\u00e9 en bois massif avec une finition blanche vieillie.<\/li>\n<li>Deux tiroirs pratiques pour ranger des objets.<\/li>\n<li>Design romantique et shabby chic, id\u00e9al pour les environnements vintage.<\/li>\n<li>Polyvalent, parfait pour les entr\u00e9es, les salons ou les chambres.<\/li>\n<li>Des dimensions g\u00e9n\u00e9reuses qui offrent confort et fonctionnalit\u00e9.<\/li>\n<\/ul>\n<p>Ajoutez \u00e0 votre maison un meuble qui allie beaut\u00e9 intemporelle et praticit\u00e9.<\/p>\n","protected":false},"excerpt":{"rendered":"<p>Banc \u00e9l\u00e9gant en bois avec finition blanc vieilli, \u00e9quip\u00e9 de deux tiroirs pour ranger de petits objets. Un accessoire d&rsquo;ameublement id\u00e9al pour les environnements shabby chic. <\/p>\n<p>\ud83d\udccf Dimensions : 115 x 41,5 x 66 cm.<\/p>\n","protected":false},"featured_media":164948,"comment_status":"open","ping_status":"closed","template":"","meta":{"_joinchat":[]},"pwb-brand":[713],"product_brand":[],"product_cat":[1497],"product_tag":[],"class_list":{"0":"post-174285","1":"product","2":"type-product","3":"status-publish","4":"has-post-thumbnail","6":"pwb-brand-nuvole-di-stoffa","7":"product_cat-mobilier","9":"first","10":"outofstock","11":"taxable","12":"shipping-taxable","13":"purchasable","14":"product-type-simple"},"brands":[{"id":1563,"name":"Nuvole di Stoffa","slug":"nuvole-di-stoffa-fr"}],"_links":{"self":[{"href":"https:\/\/www.tendenzeshabbychic.it\/fr\/wp-json\/wp\/v2\/product\/174285","targetHints":{"allow":["GET"]}}],"collection":[{"href":"https:\/\/www.tendenzeshabbychic.it\/fr\/wp-json\/wp\/v2\/product"}],"about":[{"href":"https:\/\/www.tendenzeshabbychic.it\/fr\/wp-json\/wp\/v2\/types\/product"}],"replies":[{"embeddable":true,"href":"https:\/\/www.tendenzeshabbychic.it\/fr\/wp-json\/wp\/v2\/comments?post=174285"}],"wp:featuredmedia":[{"embeddable":true,"href":"https:\/\/www.tendenzeshabbychic.it\/fr\/wp-json\/wp\/v2\/media\/164948"}],"wp:attachment":[{"href":"https:\/\/www.tendenzeshabbychic.it\/fr\/wp-json\/wp\/v2\/media?parent=174285"}],"wp:term":[{"taxonomy":"pwb-brand","embeddable":true,"href":"https:\/\/www.tendenzeshabbychic.it\/fr\/wp-json\/wp\/v2\/pwb-brand?post=174285"},{"taxonomy":"product_brand","embeddable":true,"href":"https:\/\/www.tendenzeshabbychic.it\/fr\/wp-json\/wp\/v2\/product_brand?post=174285"},{"taxonomy":"product_cat","embeddable":true,"href":"https:\/\/www.tendenzeshabbychic.it\/fr\/wp-json\/wp\/v2\/product_cat?post=174285"},{"taxonomy":"product_tag","embeddable":true,"href":"https:\/\/www.tendenzeshabbychic.it\/fr\/wp-json\/wp\/v2\/product_tag?post=174285"}],"curies":[{"name":"wp","href":"https:\/\/api.w.org\/{rel}","templated":true}]}}