{"id":174226,"date":"2025-02-13T14:39:29","date_gmt":"2025-02-13T13:39:29","guid":{"rendered":"https:\/\/www.tendenzeshabbychic.it\/prodotto\/sac-shopper-la-vie-en-rose-nuvole-di-stoffa\/"},"modified":"2025-04-08T14:45:52","modified_gmt":"2025-04-08T13:45:52","slug":"sac-shopper-la-vie-en-rose-nuvole-di-stoffa","status":"publish","type":"product","link":"https:\/\/www.tendenzeshabbychic.it\/fr\/produit\/sac-shopper-la-vie-en-rose-nuvole-di-stoffa\/","title":{"rendered":"Sac Shopper La Vie En Rose &#8211; Nuvole di Stoffa"},"content":{"rendered":"<p>Le sac shopper La Vie En Rose de Nuvole di Stoffa est un accessoire parfait pour emballer des cadeaux ou ajouter une touche raffin\u00e9e \u00e0 vos d\u00e9corations. Fabriqu\u00e9 \u00e0 partir de papier durable de 210 g\/m\u00b2, ce sac fourre-tout pr\u00e9sente une illustration romantique : une jolie devanture de magasin entour\u00e9e de fleurs, de papillons et de d\u00e9tails vintage. <\/p>\n<p>Gr\u00e2ce \u00e0 ses poign\u00e9es en ruban, le sac est confortable et pratique \u00e0 transporter, tandis que le design shabby chic le rend adapt\u00e9 \u00e0 de nombreuses occasions, telles que les mariages, les f\u00eates ou les \u00e9v\u00e9nements sp\u00e9ciaux. Disponible en deux tailles, il est id\u00e9al pour contenir des cadeaux de diff\u00e9rentes tailles ou pour personnaliser un petit coin de votre maison. <\/p>\n<p><strong>Caract\u00e9ristiques principales:<\/strong><\/p>\n<ul>\n<li>Fabriqu\u00e9 \u00e0 partir de papier durable de 210 g\/m\u00b2.<\/li>\n<li>Design romantique avec illustration florale et d\u00e9tails vintage.<\/li>\n<li>Poign\u00e9es en ruban pour une prise en main confortable.<\/li>\n<li>Deux tailles disponibles pour r\u00e9pondre \u00e0 diff\u00e9rents besoins.<\/li>\n<li>Parfait pour emballer des cadeaux ou pour d\u00e9corer.<\/li>\n<\/ul>\n<p>Un accessoire pratique et classe qui allie fonctionnalit\u00e9 et \u00e9l\u00e9gance.<\/p>\n","protected":false},"excerpt":{"rendered":"<p>Sac shopping \u00e9l\u00e9gant en papier 210 g\/m\u00b2 avec illustration romantique La Vie En Rose. Disponible en deux tailles, id\u00e9al pour les cadeaux ou la d\u00e9coration.<br \/>\n\ud83d\udccf Dimensions:<\/p>\n<ul>\n<li>Petit : 26 x 12 x 32 cm<\/li>\n<li>Grand : 32 x 12 x 38 cm<\/li>\n<\/ul>\n","protected":false},"featured_media":164981,"comment_status":"open","ping_status":"closed","template":"","meta":{"_joinchat":[]},"pwb-brand":[1563],"product_brand":[],"product_cat":[1505],"product_tag":[1296,3153,3285],"class_list":{"0":"post-174226","1":"product","2":"type-product","3":"status-publish","4":"has-post-thumbnail","6":"pwb-brand-nuvole-di-stoffa-fr","7":"product_cat-objets","8":"product_tag-idee-de-cadeau","9":"product_tag-la-vie-en-rose-fr","10":"product_tag-ventes","12":"first","13":"instock","14":"sale","15":"taxable","16":"shipping-taxable","17":"purchasable","18":"product-type-variable"},"brands":[{"id":1563,"name":"Nuvole di Stoffa","slug":"nuvole-di-stoffa-fr"}],"_links":{"self":[{"href":"https:\/\/www.tendenzeshabbychic.it\/fr\/wp-json\/wp\/v2\/product\/174226","targetHints":{"allow":["GET"]}}],"collection":[{"href":"https:\/\/www.tendenzeshabbychic.it\/fr\/wp-json\/wp\/v2\/product"}],"about":[{"href":"https:\/\/www.tendenzeshabbychic.it\/fr\/wp-json\/wp\/v2\/types\/product"}],"replies":[{"embeddable":true,"href":"https:\/\/www.tendenzeshabbychic.it\/fr\/wp-json\/wp\/v2\/comments?post=174226"}],"wp:featuredmedia":[{"embeddable":true,"href":"https:\/\/www.tendenzeshabbychic.it\/fr\/wp-json\/wp\/v2\/media\/164981"}],"wp:attachment":[{"href":"https:\/\/www.tendenzeshabbychic.it\/fr\/wp-json\/wp\/v2\/media?parent=174226"}],"wp:term":[{"taxonomy":"pwb-brand","embeddable":true,"href":"https:\/\/www.tendenzeshabbychic.it\/fr\/wp-json\/wp\/v2\/pwb-brand?post=174226"},{"taxonomy":"product_brand","embeddable":true,"href":"https:\/\/www.tendenzeshabbychic.it\/fr\/wp-json\/wp\/v2\/product_brand?post=174226"},{"taxonomy":"product_cat","embeddable":true,"href":"https:\/\/www.tendenzeshabbychic.it\/fr\/wp-json\/wp\/v2\/product_cat?post=174226"},{"taxonomy":"product_tag","embeddable":true,"href":"https:\/\/www.tendenzeshabbychic.it\/fr\/wp-json\/wp\/v2\/product_tag?post=174226"}],"curies":[{"name":"wp","href":"https:\/\/api.w.org\/{rel}","templated":true}]}}