{"id":173704,"date":"2025-01-28T15:43:39","date_gmt":"2025-01-28T14:43:39","guid":{"rendered":"https:\/\/www.tendenzeshabbychic.it\/?post_type=product&#038;p=173704"},"modified":"2025-01-28T18:35:24","modified_gmt":"2025-01-28T17:35:24","slug":"mathilde-m-decoration-marguerite-parfumee-perle-de-coco-copia","status":"publish","type":"product","link":"https:\/\/www.tendenzeshabbychic.it\/fr\/produit\/mathilde-m-decoration-marguerite-parfumee-perle-de-coco-copia\/","title":{"rendered":"Mathilde M. D\u00e9coration Marguerite Parfum\u00e9e &#8211; Sorbet Mangue"},"content":{"rendered":"<p>La D\u00e9coration Parfum\u00e9e Margherita de Mathilde M. est un accessoire \u00e9l\u00e9gant qui ajoute une touche florale et sophistiqu\u00e9e \u00e0 vos espaces. R\u00e9alis\u00e9e en pl\u00e2tre rose finement travaill\u00e9, la d\u00e9coration est agr\u00e9ment\u00e9e d&rsquo;un ruban d\u00e9coratif \u00e0 carreaux roses et blancs, avec un liser\u00e9 jaune vif qui rehausse son design romantique et moderne. <\/p>\n<ul>\n<li>Design romantique et raffin\u00e9 en forme de marguerite en pl\u00e2tre rose.<\/li>\n<li>Parfum \u00ab\u00a0Mangue Sorbet\u00a0\u00bb : exotique, cr\u00e9meux et relaxant.<\/li>\n<li>Ruban d\u00e9coratif aux d\u00e9tails roses et jaunes pour une touche moderne.<\/li>\n<li>Id\u00e9al pour parfumer les petits espaces et ajouter une touche d\u00e9corative.<\/li>\n<li>Excellente id\u00e9e cadeau pour ceux qui aiment le style romantique et sophistiqu\u00e9.<\/li>\n<\/ul>\n","protected":false},"excerpt":{"rendered":"<p>D\u00e9corez et parfumez vos pi\u00e8ces avec la d\u00e9coration parfum\u00e9e Margherita de Mathilde M. R\u00e9alis\u00e9e en d\u00e9licat pl\u00e2tre rose et accompagn\u00e9e d&rsquo;un \u00e9l\u00e9gant ruban \u00e0 motifs roses avec un liser\u00e9 jaune, elle diffuse le parfum exotique et onctueux \u00ab\u00a0Mangue Sorbet\u00a0\u00bb. \ud83d\udccf <strong>Dimensions :<\/strong> \u00d8 6,7 x 1,5 cm La Mangue de Sorbet est une explosion de fra\u00eecheur tropicale. Les notes de t\u00eate de mangue et d&rsquo;ananas ouvrent le parfum avec une touche douce et juteuse, tandis que le c\u0153ur s&rsquo;enrichit des nuances exotiques de papaye et de fruit de la passion. En fond, le musc et la vanille enveloppent le parfum d&rsquo;une douceur cr\u00e9meuse et irr\u00e9sistible. Parfait pour ceux qui aiment les ambiances ensoleill\u00e9es et fruit\u00e9es.<\/p>\n","protected":false},"featured_media":173707,"comment_status":"open","ping_status":"closed","template":"","meta":{"_joinchat":[]},"pwb-brand":[621],"product_brand":[],"product_cat":[1521,1457,1515],"product_tag":[3245],"class_list":{"0":"post-173704","1":"product","2":"type-product","3":"status-publish","4":"has-post-thumbnail","6":"pwb-brand-mathilde-m","7":"product_cat-craies-parfumees","8":"product_cat-faveurs","9":"product_cat-parfumeurs","10":"product_tag-festa-della-mamma","12":"first","13":"instock","14":"taxable","15":"shipping-taxable","16":"purchasable","17":"product-type-simple"},"brands":[{"id":1562,"name":"Mathilde M.","slug":"mathilde-m-fr"}],"_links":{"self":[{"href":"https:\/\/www.tendenzeshabbychic.it\/fr\/wp-json\/wp\/v2\/product\/173704","targetHints":{"allow":["GET"]}}],"collection":[{"href":"https:\/\/www.tendenzeshabbychic.it\/fr\/wp-json\/wp\/v2\/product"}],"about":[{"href":"https:\/\/www.tendenzeshabbychic.it\/fr\/wp-json\/wp\/v2\/types\/product"}],"replies":[{"embeddable":true,"href":"https:\/\/www.tendenzeshabbychic.it\/fr\/wp-json\/wp\/v2\/comments?post=173704"}],"wp:featuredmedia":[{"embeddable":true,"href":"https:\/\/www.tendenzeshabbychic.it\/fr\/wp-json\/wp\/v2\/media\/173707"}],"wp:attachment":[{"href":"https:\/\/www.tendenzeshabbychic.it\/fr\/wp-json\/wp\/v2\/media?parent=173704"}],"wp:term":[{"taxonomy":"pwb-brand","embeddable":true,"href":"https:\/\/www.tendenzeshabbychic.it\/fr\/wp-json\/wp\/v2\/pwb-brand?post=173704"},{"taxonomy":"product_brand","embeddable":true,"href":"https:\/\/www.tendenzeshabbychic.it\/fr\/wp-json\/wp\/v2\/product_brand?post=173704"},{"taxonomy":"product_cat","embeddable":true,"href":"https:\/\/www.tendenzeshabbychic.it\/fr\/wp-json\/wp\/v2\/product_cat?post=173704"},{"taxonomy":"product_tag","embeddable":true,"href":"https:\/\/www.tendenzeshabbychic.it\/fr\/wp-json\/wp\/v2\/product_tag?post=173704"}],"curies":[{"name":"wp","href":"https:\/\/api.w.org\/{rel}","templated":true}]}}