{"id":173698,"date":"2026-01-22T10:30:46","date_gmt":"2026-01-22T09:30:46","guid":{"rendered":"https:\/\/www.tendenzeshabbychic.it\/?post_type=product&#038;p=173698"},"modified":"2025-01-28T15:42:27","modified_gmt":"2025-01-28T14:42:27","slug":"mathilde-m-coeur-en-metal-perfore-avec-enduit-parfume-marquise-copia","status":"publish","type":"product","link":"https:\/\/www.tendenzeshabbychic.it\/fr\/produit\/mathilde-m-coeur-en-metal-perfore-avec-enduit-parfume-marquise-copia\/","title":{"rendered":"Mathilde M. Coeur en M\u00e9tal Perfor\u00e9 avec Enduit Parfum\u00e9 Fleur de Coton"},"content":{"rendered":"<p>D\u00e9couvrez le Coeur en M\u00e9tal Perfor\u00e9 avec D\u00e9coration Parfum\u00e9e Marquise de Mathilde M., un accessoire \u00e9l\u00e9gant et polyvalent qui allie style et fonctionnalit\u00e9. R\u00e9alis\u00e9 en m\u00e9tal perfor\u00e9 blanc antique, le c\u0153ur renferme un d\u00e9cor parfum\u00e9 au parfum \u00ab\u00a0Fleur de Coton\u00a0\u00bb, caract\u00e9ris\u00e9 par des notes sensuelles de bois pr\u00e9cieux et de musc, pour un ar\u00f4me sophistiqu\u00e9 et enveloppant. Parfait pour d\u00e9corer une chambre, une armoire ou une commode, ce c\u0153ur est accompagn\u00e9 d&rsquo;un sachet en organza blanc, ce qui en fait une id\u00e9e cadeau raffin\u00e9e en toute occasion. Le design romantique avec des d\u00e9tails floraux et un ruban d\u00e9coratif ajoute une touche shabby chic, id\u00e9ale pour les maisons \u00e9l\u00e9gantes et accueillantes. <\/p>\n<ul>\n<li>Fabriqu\u00e9 en m\u00e9tal perfor\u00e9 blanc antique avec des d\u00e9tails romantiques.<\/li>\n<li>Parfum \u00ab\u00a0Fleur De Coton\u00a0\u00bb longue dur\u00e9e, sensuel et sophistiqu\u00e9.<\/li>\n<li>Inclusion d&rsquo;une pochette en organza pour une pr\u00e9sentation \u00e9l\u00e9gante.<\/li>\n<li>Parfait pour d\u00e9corer ou parfumer les pi\u00e8ces, les armoires et les tiroirs.<\/li>\n<li>Id\u00e9e cadeau raffin\u00e9e et romantique pour toute occasion.<\/li>\n<\/ul>\n","protected":false},"excerpt":{"rendered":"<p>Un \u00e9l\u00e9gant coffret en forme de coeur en m\u00e9tal perfor\u00e9 Mathilde M., compl\u00e9t\u00e9 par une craie parfum\u00e9e en forme de coeur au parfum \u00ab\u00a0Fleur de Coton\u00a0\u00bb et un sac en organza raffin\u00e9.<\/p>\n<p>\ud83d\udccf <strong>Dimensions :<\/strong><\/p>\n<ul>\n<li>Coeur et craie : 6,9 x 7,4 x 2,4 cm<\/li>\n<li>Sac : 13 x 18 cm<\/li>\n<\/ul>\n<div class=\"row row-solid\"  id=\"row-1945786240\">\n\n\n\t<div id=\"col-605848703\" class=\"col small-12 large-12\"  >\n\t\t\t\t<div class=\"col-inner\"  >\n\t\t\t\n\t\t\t\n\n\n\t\t<div class=\"icon-box featured-box icon-box-center text-center\"  >\n\t\t\t\t<div class=\"icon-box-text last-reset\">\n\t\t\t<h5 class=\"uppercase\">Fleur de Coton<\/h5>\t\t\t\t\t\t\n\n<p style=\"text-align: left;\">Un parfum doux et enveloppant n\u00e9 de l'union du freesia, des fleurs blanches, du coton et des bois pr\u00e9cieux qui rappelle le parfum du linge propre qui s'\u00e9chappe des armoires du pass\u00e9.<\/p>\n\n\t\t<\/div>\n\t<\/div>\n\t\n\t\n\n\t\t<\/div>\n\t\t\t\t\t<\/div>\n\n\t\n\n\t<div id=\"col-313430916\" class=\"col small-12 large-12\"  >\n\t\t\t\t<div class=\"col-inner\"  >\n\t\t\t\n\t\t\t\n\n\n\t\t<div class=\"icon-box featured-box icon-box-left text-left\"  >\n\t\t\t\t\t<div class=\"icon-box-img\" style=\"width: 60px\">\n\t\t\t\t<div class=\"icon\">\n\t\t\t\t\t<div class=\"icon-inner\" style=\"color:rgb(206, 199, 200);\">\n\t\t\t\t\t\t<?xml version=\"1.0\" encoding=\"utf-8\"?><!-- Uploaded to: SVG Repo, www.svgrepo.com, Generator: SVG Repo Mixer Tools -->\r\n<svg fill=\"#000000\" width=\"800px\" height=\"800px\" viewBox=\"0 0 32 32\" xmlns=\"http:\/\/www.w3.org\/2000\/svg\">\r\n    <circle cx=\"16\" cy=\"16\" r=\"16\"\/>\r\n<\/svg>\t\t\t\t\t<\/div>\n\t\t\t\t<\/div>\n\t\t\t<\/div>\n\t\t\t\t<div class=\"icon-box-text last-reset\">\n\t\t\t\t\t\t\t\t\t\n\n\t<div id=\"text-1363407711\" class=\"text\">\n\t\t\n\n<h3>Notes de t\u00eate<\/h3>\n<p>Graines de freesia et de coton<\/p>\n\t\t\n<style>\n#text-1363407711 {\n  line-height: 1;\n}\n<\/style>\n\t<\/div>\n\t\n\n\t\t<\/div>\n\t<\/div>\n\t\n\t\n\n\t\t<div class=\"icon-box featured-box icon-box-left text-left\"  >\n\t\t\t\t\t<div class=\"icon-box-img\" style=\"width: 60px\">\n\t\t\t\t<div class=\"icon\">\n\t\t\t\t\t<div class=\"icon-inner\" style=\"color:#cec7c8;\">\n\t\t\t\t\t\t<?xml version=\"1.0\" encoding=\"utf-8\"?><!-- Uploaded to: SVG Repo, www.svgrepo.com, Generator: SVG Repo Mixer Tools -->\r\n<svg width=\"800px\" height=\"800px\" viewBox=\"0 0 24 24\" fill=\"none\" xmlns=\"http:\/\/www.w3.org\/2000\/svg\">\r\n<path d=\"M2 9.1371C2 14 6.01943 16.5914 8.96173 18.9109C10 19.7294 11 20.5 12 20.5C13 20.5 14 19.7294 15.0383 18.9109C17.9806 16.5914 22 14 22 9.1371C22 4.27416 16.4998 0.825464 12 5.50063C7.50016 0.825464 2 4.27416 2 9.1371Z\" fill=\"#1C274C\"\/>\r\n<\/svg>\t\t\t\t\t<\/div>\n\t\t\t\t<\/div>\n\t\t\t<\/div>\n\t\t\t\t<div class=\"icon-box-text last-reset\">\n\t\t\t\t\t\t\t\t\t\n\n\t<div id=\"text-1519222394\" class=\"text\">\n\t\t\n\n<h3>Notes de coeur<\/h3>\n<p>Fleurs de coton, orchid\u00e9e et vanille<\/p>\n\t\t\n<style>\n#text-1519222394 {\n  line-height: 1;\n}\n<\/style>\n\t<\/div>\n\t\n\n\t\t<\/div>\n\t<\/div>\n\t\n\t\n\n\t\t<div class=\"icon-box featured-box icon-box-left text-left\"  >\n\t\t\t\t\t<div class=\"icon-box-img\" style=\"width: 60px\">\n\t\t\t\t<div class=\"icon\">\n\t\t\t\t\t<div class=\"icon-inner\" style=\"color:#cec7c8;\">\n\t\t\t\t\t\t<?xml version=\"1.0\" encoding=\"UTF-8\" standalone=\"no\"?>\r\n<!-- Uploaded to: SVG Repo, www.svgrepo.com, Generator: SVG Repo Mixer Tools -->\r\n<svg width=\"800px\" height=\"800px\" viewBox=\"0 -12 32 32\" version=\"1.1\" xmlns=\"http:\/\/www.w3.org\/2000\/svg\" xmlns:xlink=\"http:\/\/www.w3.org\/1999\/xlink\" xmlns:sketch=\"http:\/\/www.bohemiancoding.com\/sketch\/ns\">\r\n    \r\n    <title>minus<\/title>\r\n    <desc>Created with Sketch Beta.<\/desc>\r\n    <defs>\r\n\r\n<\/defs>\r\n    <g id=\"Page-1\" stroke=\"none\" stroke-width=\"1\" fill=\"none\" fill-rule=\"evenodd\" sketch:type=\"MSPage\">\r\n        <g id=\"Icon-Set-Filled\" sketch:type=\"MSLayerGroup\" transform=\"translate(-414.000000, -1049.000000)\" fill=\"#000000\">\r\n            <path d=\"M442,1049 L418,1049 C415.791,1049 414,1050.79 414,1053 C414,1055.21 415.791,1057 418,1057 L442,1057 C444.209,1057 446,1055.21 446,1053 C446,1050.79 444.209,1049 442,1049\" id=\"minus\" sketch:type=\"MSShapeGroup\">\r\n\r\n<\/path>\r\n        <\/g>\r\n    <\/g>\r\n<\/svg>\t\t\t\t\t<\/div>\n\t\t\t\t<\/div>\n\t\t\t<\/div>\n\t\t\t\t<div class=\"icon-box-text last-reset\">\n\t\t\t\t\t\t\t\t\t\n\n\t<div id=\"text-3634747631\" class=\"text\">\n\t\t\n\n<h3>Notes de fond<\/h3>\n<p>Bois d'amarante et musc blanc<\/p>\n\t\t\n<style>\n#text-3634747631 {\n  line-height: 1;\n}\n<\/style>\n\t<\/div>\n\t\n\n\t\t<\/div>\n\t<\/div>\n\t\n\t\n\n\t\t<\/div>\n\t\t\t\t\t<\/div>\n\n\t\n\n\t<div id=\"col-1912872642\" class=\"col small-12 large-12\"  >\n\t\t\t\t<div class=\"col-inner text-center\"  >\n\t\t\t\n\t\t\t\n\n<p style=\"text-align: center;\"><span style=\"font-size: 120%;\"><em>D\u00e9couvrez tous les produits essences Fleur de Coton<\/em><\/span><\/p>\n<a href=\"https:\/\/www.tendenzeshabbychic.it\/fr\/Etiquette-produit\/fleur-de-coton-fr\/\" class=\"button white is-gloss box-shadow-3\" >\n\t\t<span>FARINE DE COTON<\/span>\n\t<\/a>\n\n\n\n\t\t<\/div>\n\t\t\t\t\t<\/div>\n\n\t\n\n<\/div>\n","protected":false},"featured_media":173700,"comment_status":"open","ping_status":"closed","template":"","meta":{"_joinchat":[]},"pwb-brand":[1562],"product_brand":[],"product_cat":[1521,1457,1515],"product_tag":[1540,1296,3134,3285],"class_list":{"0":"post-173698","1":"product","2":"type-product","3":"status-publish","4":"has-post-thumbnail","6":"pwb-brand-mathilde-m-fr","7":"product_cat-craies-parfumees","8":"product_cat-faveurs","9":"product_cat-parfumeurs","10":"product_tag-fleur-de-coton-fr","11":"product_tag-idee-de-cadeau","12":"product_tag-saint-valentin","13":"product_tag-ventes","15":"first","16":"instock","17":"sale","18":"taxable","19":"shipping-taxable","20":"purchasable","21":"product-type-simple"},"brands":[{"id":1562,"name":"Mathilde M.","slug":"mathilde-m-fr"}],"_links":{"self":[{"href":"https:\/\/www.tendenzeshabbychic.it\/fr\/wp-json\/wp\/v2\/product\/173698","targetHints":{"allow":["GET"]}}],"collection":[{"href":"https:\/\/www.tendenzeshabbychic.it\/fr\/wp-json\/wp\/v2\/product"}],"about":[{"href":"https:\/\/www.tendenzeshabbychic.it\/fr\/wp-json\/wp\/v2\/types\/product"}],"replies":[{"embeddable":true,"href":"https:\/\/www.tendenzeshabbychic.it\/fr\/wp-json\/wp\/v2\/comments?post=173698"}],"wp:featuredmedia":[{"embeddable":true,"href":"https:\/\/www.tendenzeshabbychic.it\/fr\/wp-json\/wp\/v2\/media\/173700"}],"wp:attachment":[{"href":"https:\/\/www.tendenzeshabbychic.it\/fr\/wp-json\/wp\/v2\/media?parent=173698"}],"wp:term":[{"taxonomy":"pwb-brand","embeddable":true,"href":"https:\/\/www.tendenzeshabbychic.it\/fr\/wp-json\/wp\/v2\/pwb-brand?post=173698"},{"taxonomy":"product_brand","embeddable":true,"href":"https:\/\/www.tendenzeshabbychic.it\/fr\/wp-json\/wp\/v2\/product_brand?post=173698"},{"taxonomy":"product_cat","embeddable":true,"href":"https:\/\/www.tendenzeshabbychic.it\/fr\/wp-json\/wp\/v2\/product_cat?post=173698"},{"taxonomy":"product_tag","embeddable":true,"href":"https:\/\/www.tendenzeshabbychic.it\/fr\/wp-json\/wp\/v2\/product_tag?post=173698"}],"curies":[{"name":"wp","href":"https:\/\/api.w.org\/{rel}","templated":true}]}}