{"id":172679,"date":"2026-02-11T08:00:13","date_gmt":"2026-02-11T07:00:13","guid":{"rendered":"https:\/\/www.tendenzeshabbychic.it\/prodotto\/mathilde-m-marquise-huile-petillante-corps-cheveux-100-ml\/"},"modified":"2026-02-11T15:14:39","modified_gmt":"2026-02-11T14:14:39","slug":"mathilde-m-marquise-huile-petillante-corps-cheveux-100-ml","status":"publish","type":"product","link":"https:\/\/www.tendenzeshabbychic.it\/fr\/produit\/mathilde-m-marquise-huile-petillante-corps-cheveux-100-ml\/","title":{"rendered":"Mathilde M. Marquise Huile P\u00e9tillante Corps &amp; Cheveux 100 ml"},"content":{"rendered":"<p>Avec l&rsquo; <strong>Huile S\u00e8che Scintillante Mathilde M. Marquise<\/strong> , le soin quotidien devient un rituel de beaut\u00e9 exclusif. Id\u00e9ale pour le corps et les cheveux, cette huile s\u00e8che est enrichie en huiles v\u00e9g\u00e9tales pr\u00e9cieuses comme l&rsquo;argan et le jojoba, connues pour leurs propri\u00e9t\u00e9s nourrissantes et hydratantes. Sa texture l\u00e9g\u00e8re laisse un effet nacr\u00e9 et lumineux, sans \u00eatre grasse, enveloppant la peau et les cheveux du parfum sophistiqu\u00e9 Marquise . Le parfum Marquise allie \u00e9l\u00e9gance et sensualit\u00e9 gr\u00e2ce \u00e0 des notes de t\u00eate de <strong>bois de c\u00e8dre<\/strong> et <strong>de bois pr\u00e9cieux<\/strong> , un c\u0153ur doux de <strong>musc blanc<\/strong> et <strong>d&rsquo;\u00e9pices<\/strong> et un fond chaleureux d&rsquo; <strong>ambre gris<\/strong> et <strong>de vanille<\/strong> . Parfait pour ceux qui recherchent une touche de luxe au quotidien.  <\/p>\n<p><strong>Points forts :<\/strong><\/p>\n<ul>\n<li><strong>Effet illuminateur :<\/strong> donne un d\u00e9licat voile chatoyant \u00e0 la peau et aux cheveux.<\/li>\n<li><strong>Parfum sophistiqu\u00e9 :<\/strong> vous enveloppe des notes sensuelles de la collection Marquise .<\/li>\n<li><strong>Hydratation naturelle :<\/strong> aux huiles d&rsquo;argan et de jojoba aux propri\u00e9t\u00e9s nourrissantes.<\/li>\n<li><strong>Multifonction :<\/strong> id\u00e9al pour le corps et les cheveux.<\/li>\n<li><strong>Formule l\u00e9g\u00e8re :<\/strong> ne laisse aucun r\u00e9sidu gras.<\/li>\n<\/ul>\n","protected":false},"excerpt":{"rendered":"<p>L&rsquo;Huile S\u00e8che Chatoyante <strong>Mathilde M. Marquise<\/strong> allie le luxe d&rsquo;un soin corps et cheveux au parfum embl\u00e9matique de la collection Marquise . Enrichi en huiles d&rsquo;argan et de jojoba, il nourrit et illumine d&rsquo;un d\u00e9licat voile nacr\u00e9, laissant la peau soyeuse et parfum\u00e9e sans r\u00e9sidu gras. \ud83d\udccf <strong>:<\/strong> 6,9 x 12,2 x 3,6 cm <\/p>\n<div class=\"row row-solid\"  id=\"row-1574434496\">\n\n\n\t<div id=\"col-1340650295\" class=\"col small-12 large-12\"  >\n\t\t\t\t<div class=\"col-inner\"  >\n\t\t\t\n\t\t\t\n\n\n\t\t<div class=\"icon-box featured-box icon-box-center text-center\"  >\n\t\t\t\t<div class=\"icon-box-text last-reset\">\n\t\t\t<h5 class=\"uppercase\">Marquise<\/h5>\t\t\t\t\t\t\n\n<p style=\"text-align: center;\">Une rencontre pr\u00e9cieuse et sensuelle de notes bois\u00e9es et \u00e9pic\u00e9es avec la douceur de la vanille et du musc blanc.<\/p>\n<p>Le parfum le plus vendu et le plus appr\u00e9ci\u00e9.<\/p>\n\n\t\t<\/div>\n\t<\/div>\n\t\n\t\n\n\t\t<\/div>\n\t\t\t\t\t<\/div>\n\n\t\n\n\t<div id=\"col-23930511\" class=\"col small-12 large-12\"  >\n\t\t\t\t<div class=\"col-inner\"  >\n\t\t\t\n\t\t\t\n\n\n\t\t<div class=\"icon-box featured-box icon-box-left text-left\"  >\n\t\t\t\t\t<div class=\"icon-box-img\" style=\"width: 60px\">\n\t\t\t\t<div class=\"icon\">\n\t\t\t\t\t<div class=\"icon-inner\" style=\"color:rgb(237, 165, 145);\">\n\t\t\t\t\t\t<?xml version=\"1.0\" encoding=\"utf-8\"?><!-- Uploaded to: SVG Repo, www.svgrepo.com, Generator: SVG Repo Mixer Tools -->\r\n<svg fill=\"#000000\" width=\"800px\" height=\"800px\" viewBox=\"0 0 32 32\" xmlns=\"http:\/\/www.w3.org\/2000\/svg\">\r\n    <circle cx=\"16\" cy=\"16\" r=\"16\"\/>\r\n<\/svg>\t\t\t\t\t<\/div>\n\t\t\t\t<\/div>\n\t\t\t<\/div>\n\t\t\t\t<div class=\"icon-box-text last-reset\">\n\t\t\t\t\t\t\t\t\t\n\n\t<div id=\"text-3350187473\" class=\"text\">\n\t\t\n\n<h3>Notes de t\u00eate<\/h3>\n<p>Bois de c\u00e8dre et bois pr\u00e9cieux<\/p>\n\t\t\n<style>\n#text-3350187473 {\n  line-height: 1;\n}\n<\/style>\n\t<\/div>\n\t\n\n\t\t<\/div>\n\t<\/div>\n\t\n\t\n\n\t\t<div class=\"icon-box featured-box icon-box-left text-left\"  >\n\t\t\t\t\t<div class=\"icon-box-img\" style=\"width: 60px\">\n\t\t\t\t<div class=\"icon\">\n\t\t\t\t\t<div class=\"icon-inner\" style=\"color:#eda591;\">\n\t\t\t\t\t\t<?xml version=\"1.0\" encoding=\"utf-8\"?><!-- Uploaded to: SVG Repo, www.svgrepo.com, Generator: SVG Repo Mixer Tools -->\r\n<svg width=\"800px\" height=\"800px\" viewBox=\"0 0 24 24\" fill=\"none\" xmlns=\"http:\/\/www.w3.org\/2000\/svg\">\r\n<path d=\"M2 9.1371C2 14 6.01943 16.5914 8.96173 18.9109C10 19.7294 11 20.5 12 20.5C13 20.5 14 19.7294 15.0383 18.9109C17.9806 16.5914 22 14 22 9.1371C22 4.27416 16.4998 0.825464 12 5.50063C7.50016 0.825464 2 4.27416 2 9.1371Z\" fill=\"#1C274C\"\/>\r\n<\/svg>\t\t\t\t\t<\/div>\n\t\t\t\t<\/div>\n\t\t\t<\/div>\n\t\t\t\t<div class=\"icon-box-text last-reset\">\n\t\t\t\t\t\t\t\t\t\n\n\t<div id=\"text-1426983178\" class=\"text\">\n\t\t\n\n<h3>Notes de coeur<\/h3>\n<p>Musc blanc, ciste et \u00e9pices<\/p>\n\t\t\n<style>\n#text-1426983178 {\n  line-height: 1;\n}\n<\/style>\n\t<\/div>\n\t\n\n\t\t<\/div>\n\t<\/div>\n\t\n\t\n\n\t\t<div class=\"icon-box featured-box icon-box-left text-left\"  >\n\t\t\t\t\t<div class=\"icon-box-img\" style=\"width: 60px\">\n\t\t\t\t<div class=\"icon\">\n\t\t\t\t\t<div class=\"icon-inner\" style=\"color:#eda591;\">\n\t\t\t\t\t\t<?xml version=\"1.0\" encoding=\"UTF-8\" standalone=\"no\"?>\r\n<!-- Uploaded to: SVG Repo, www.svgrepo.com, Generator: SVG Repo Mixer Tools -->\r\n<svg width=\"800px\" height=\"800px\" viewBox=\"0 -12 32 32\" version=\"1.1\" xmlns=\"http:\/\/www.w3.org\/2000\/svg\" xmlns:xlink=\"http:\/\/www.w3.org\/1999\/xlink\" xmlns:sketch=\"http:\/\/www.bohemiancoding.com\/sketch\/ns\">\r\n    \r\n    <title>minus<\/title>\r\n    <desc>Created with Sketch Beta.<\/desc>\r\n    <defs>\r\n\r\n<\/defs>\r\n    <g id=\"Page-1\" stroke=\"none\" stroke-width=\"1\" fill=\"none\" fill-rule=\"evenodd\" sketch:type=\"MSPage\">\r\n        <g id=\"Icon-Set-Filled\" sketch:type=\"MSLayerGroup\" transform=\"translate(-414.000000, -1049.000000)\" fill=\"#000000\">\r\n            <path d=\"M442,1049 L418,1049 C415.791,1049 414,1050.79 414,1053 C414,1055.21 415.791,1057 418,1057 L442,1057 C444.209,1057 446,1055.21 446,1053 C446,1050.79 444.209,1049 442,1049\" id=\"minus\" sketch:type=\"MSShapeGroup\">\r\n\r\n<\/path>\r\n        <\/g>\r\n    <\/g>\r\n<\/svg>\t\t\t\t\t<\/div>\n\t\t\t\t<\/div>\n\t\t\t<\/div>\n\t\t\t\t<div class=\"icon-box-text last-reset\">\n\t\t\t\t\t\t\t\t\t\n\n\t<div id=\"text-2820630928\" class=\"text\">\n\t\t\n\n<h3>Notes de fond<\/h3>\n<p>Ambre gris et gousse de vanille<\/p>\n\t\t\n<style>\n#text-2820630928 {\n  line-height: 1;\n}\n<\/style>\n\t<\/div>\n\t\n\n\t\t<\/div>\n\t<\/div>\n\t\n\t\n\n\t\t<\/div>\n\t\t\t\t\t<\/div>\n\n\t\n\n\t<div id=\"col-1157556713\" class=\"col small-12 large-12\"  >\n\t\t\t\t<div class=\"col-inner text-center\"  >\n\t\t\t\n\t\t\t\n\n<p style=\"text-align: center;\"><span style=\"font-size: 120%;\"><em>D\u00e9couvrez tous les produits Marquise essence<\/em><\/span><\/p>\n<a href=\"https:\/\/www.tendenzeshabbychic.it\/fr\/Etiquette-produit\/marquise-fr\/\" class=\"button white is-gloss box-shadow-2\" >\n\t\t<span>MARQUISE<\/span>\n\t<\/a>\n\n\n\n\t\t<\/div>\n\t\t\t\t\t<\/div>\n\n\t\n\n<\/div>\n","protected":false},"featured_media":172559,"comment_status":"open","ping_status":"closed","template":"","meta":{"_joinchat":[]},"pwb-brand":[1562],"product_brand":[],"product_cat":[3288,1515],"product_tag":[3247],"class_list":{"0":"post-172679","1":"product","2":"type-product","3":"status-publish","4":"has-post-thumbnail","6":"pwb-brand-mathilde-m-fr","7":"product_cat-gamme-pour-le-corps","8":"product_cat-parfumeurs","9":"product_tag-fete-des-meres","11":"first","12":"instock","13":"taxable","14":"shipping-taxable","15":"purchasable","16":"product-type-simple"},"brands":[{"id":1562,"name":"Mathilde M.","slug":"mathilde-m-fr"}],"_links":{"self":[{"href":"https:\/\/www.tendenzeshabbychic.it\/fr\/wp-json\/wp\/v2\/product\/172679","targetHints":{"allow":["GET"]}}],"collection":[{"href":"https:\/\/www.tendenzeshabbychic.it\/fr\/wp-json\/wp\/v2\/product"}],"about":[{"href":"https:\/\/www.tendenzeshabbychic.it\/fr\/wp-json\/wp\/v2\/types\/product"}],"replies":[{"embeddable":true,"href":"https:\/\/www.tendenzeshabbychic.it\/fr\/wp-json\/wp\/v2\/comments?post=172679"}],"wp:featuredmedia":[{"embeddable":true,"href":"https:\/\/www.tendenzeshabbychic.it\/fr\/wp-json\/wp\/v2\/media\/172559"}],"wp:attachment":[{"href":"https:\/\/www.tendenzeshabbychic.it\/fr\/wp-json\/wp\/v2\/media?parent=172679"}],"wp:term":[{"taxonomy":"pwb-brand","embeddable":true,"href":"https:\/\/www.tendenzeshabbychic.it\/fr\/wp-json\/wp\/v2\/pwb-brand?post=172679"},{"taxonomy":"product_brand","embeddable":true,"href":"https:\/\/www.tendenzeshabbychic.it\/fr\/wp-json\/wp\/v2\/product_brand?post=172679"},{"taxonomy":"product_cat","embeddable":true,"href":"https:\/\/www.tendenzeshabbychic.it\/fr\/wp-json\/wp\/v2\/product_cat?post=172679"},{"taxonomy":"product_tag","embeddable":true,"href":"https:\/\/www.tendenzeshabbychic.it\/fr\/wp-json\/wp\/v2\/product_tag?post=172679"}],"curies":[{"name":"wp","href":"https:\/\/api.w.org\/{rel}","templated":true}]}}