{"id":172655,"date":"2025-08-01T11:08:14","date_gmt":"2025-08-01T10:08:14","guid":{"rendered":"https:\/\/www.tendenzeshabbychic.it\/prodotto\/mathilde-m-soleil-parfum-tissu-pastel-75-ml\/"},"modified":"2025-08-01T11:27:44","modified_gmt":"2025-08-01T10:27:44","slug":"mathilde-m-soleil-parfum-tissu-pastel-75-ml","status":"publish","type":"product","link":"https:\/\/www.tendenzeshabbychic.it\/fr\/produit\/mathilde-m-soleil-parfum-tissu-pastel-75-ml\/","title":{"rendered":"Mathilde M. Soleil Parfum Tissu Pastel 75 ml"},"content":{"rendered":"<p>Soleil Pastel Parfum de Tissu de Mathilde M. transforme votre linge en une oasis estivale de d\u00e9tente et de raffinement.<\/p>\n<p>Les notes de t\u00eate fra\u00eeches de noix de coco et de brise marine \u00e9voquent la l\u00e9g\u00e8ret\u00e9 des journ\u00e9es au bord de la mer, tandis que le c\u0153ur floral de fleur de tiar\u00e9 et de jasmin apporte une touche exotique et sophistiqu\u00e9e. La base chaude et cr\u00e9meuse de vanille et de patchouli vous enveloppe doucement dans un parfum qui r\u00e9chauffe le corps et l&rsquo;esprit. <\/p>\n<p>Le flacon en verre cannel\u00e9, au design \u00e9l\u00e9gant et intemporel, s&rsquo;int\u00e8gre parfaitement dans tous les environnements, devenant un compl\u00e9ment d\u00e9coratif raffin\u00e9. Id\u00e9al pour parfumer les rideaux, les coussins et le linge de maison, Soleil Pastel apporte une touche estivale \u00e0 votre int\u00e9rieur tout au long de l&rsquo;ann\u00e9e. <\/p>\n<p><strong>Points forts :<\/strong><\/p>\n<ul>\n<li>Parfum d&rsquo;\u00e9t\u00e9 aux notes de noix de coco, de fleur de tiar\u00e9 et de vanille.<\/li>\n<li>El\u00e9gante bouteille en verre cannel\u00e9, parfaite pour d\u00e9corer avec style.<\/li>\n<li>Con\u00e7u pour donner une fra\u00eecheur durable aux tissus et aux environnements.<\/li>\n<li>Ar\u00f4me enveloppant, id\u00e9al pour recr\u00e9er une atmosph\u00e8re relaxante et exotique.<\/li>\n<\/ul>\n","protected":false},"excerpt":{"rendered":"<p>Red\u00e9couvrez le parfum de l&rsquo;\u00e9t\u00e9 avec Soleil Pastel de Mathilde M., un parfum de tissu \u00e9l\u00e9gant aux notes exotiques de noix de coco et de brise marine, un c\u0153ur floral de tiar\u00e9 et de jasmin, et un fond enveloppant de vanille et de patchouli.<\/p>\n<p> \ud83d\udccf <strong>:<\/strong> 75 ml<\/p>\n<div class=\"row row-solid\"  id=\"row-1418190584\">\n\n\n\t<div id=\"col-29338423\" class=\"col small-12 large-12\"  >\n\t\t\t\t<div class=\"col-inner\"  >\n\t\t\t\n\t\t\t\n\n\n\t\t<div class=\"icon-box featured-box icon-box-center text-center\"  >\n\t\t\t\t<div class=\"icon-box-text last-reset\">\n\t\t\t<h5 class=\"uppercase\">Soleil Pastel<\/h5>\t\t\t\t\t\t\n\n<p style=\"text-align: left;\">Un parfum qui sent l'\u00e9t\u00e9 et r\u00e9chauffe le corps et l'esprit. Ses notes exotiques et solaires de fleur de tiar\u00e9 et de noix de coco se m\u00ealent \u00e0 un d\u00e9licat accord marin. En fond, un accord cr\u00e9meux enveloppant de vanille et de patchouli nous enveloppe de douceur.  <\/p>\n\n\t\t<\/div>\n\t<\/div>\n\t\n\t\n\n\t\t<\/div>\n\t\t\t\t\t<\/div>\n\n\t\n\n\t<div id=\"col-2074300569\" class=\"col small-12 large-12\"  >\n\t\t\t\t<div class=\"col-inner\"  >\n\t\t\t\n\t\t\t\n\n\n\t\t<div class=\"icon-box featured-box icon-box-left text-left\"  >\n\t\t\t\t\t<div class=\"icon-box-img\" style=\"width: 60px\">\n\t\t\t\t<div class=\"icon\">\n\t\t\t\t\t<div class=\"icon-inner\" style=\"color:rgb(236, 244, 161);\">\n\t\t\t\t\t\t<?xml version=\"1.0\" encoding=\"utf-8\"?><!-- Uploaded to: SVG Repo, www.svgrepo.com, Generator: SVG Repo Mixer Tools -->\r\n<svg fill=\"#000000\" width=\"800px\" height=\"800px\" viewBox=\"0 0 32 32\" xmlns=\"http:\/\/www.w3.org\/2000\/svg\">\r\n    <circle cx=\"16\" cy=\"16\" r=\"16\"\/>\r\n<\/svg>\t\t\t\t\t<\/div>\n\t\t\t\t<\/div>\n\t\t\t<\/div>\n\t\t\t\t<div class=\"icon-box-text last-reset\">\n\t\t\t\t\t\t\t\t\t\n\n\t<div id=\"text-1529253959\" class=\"text\">\n\t\t\n\n<h3>Notes de t\u00eate<\/h3>\n<p>Noix de coco et brise marine<\/p>\n\n\t\t\n<style>\n#text-1529253959 {\n  line-height: 1;\n}\n<\/style>\n\t<\/div>\n\t\n\n\t\t<\/div>\n\t<\/div>\n\t\n\t\n\n\t\t<div class=\"icon-box featured-box icon-box-left text-left\"  >\n\t\t\t\t\t<div class=\"icon-box-img\" style=\"width: 60px\">\n\t\t\t\t<div class=\"icon\">\n\t\t\t\t\t<div class=\"icon-inner\" style=\"color:rgb(236, 244, 161);\">\n\t\t\t\t\t\t<?xml version=\"1.0\" encoding=\"utf-8\"?><!-- Uploaded to: SVG Repo, www.svgrepo.com, Generator: SVG Repo Mixer Tools -->\r\n<svg width=\"800px\" height=\"800px\" viewBox=\"0 0 24 24\" fill=\"none\" xmlns=\"http:\/\/www.w3.org\/2000\/svg\">\r\n<path d=\"M2 9.1371C2 14 6.01943 16.5914 8.96173 18.9109C10 19.7294 11 20.5 12 20.5C13 20.5 14 19.7294 15.0383 18.9109C17.9806 16.5914 22 14 22 9.1371C22 4.27416 16.4998 0.825464 12 5.50063C7.50016 0.825464 2 4.27416 2 9.1371Z\" fill=\"#1C274C\"\/>\r\n<\/svg>\t\t\t\t\t<\/div>\n\t\t\t\t<\/div>\n\t\t\t<\/div>\n\t\t\t\t<div class=\"icon-box-text last-reset\">\n\t\t\t\t\t\t\t\t\t\n\n\t<div id=\"text-4075624138\" class=\"text\">\n\t\t\n\n<h3>Notes de coeur<\/h3>\n<p>Fleur de tiar\u00e9 et jasmin<\/p>\n\n\t\t\n<style>\n#text-4075624138 {\n  line-height: 1;\n}\n<\/style>\n\t<\/div>\n\t\n\n\t\t<\/div>\n\t<\/div>\n\t\n\t\n\n\t\t<div class=\"icon-box featured-box icon-box-left text-left\"  >\n\t\t\t\t\t<div class=\"icon-box-img\" style=\"width: 60px\">\n\t\t\t\t<div class=\"icon\">\n\t\t\t\t\t<div class=\"icon-inner\" style=\"color:rgb(236, 244, 161);\">\n\t\t\t\t\t\t<?xml version=\"1.0\" encoding=\"UTF-8\" standalone=\"no\"?>\r\n<!-- Uploaded to: SVG Repo, www.svgrepo.com, Generator: SVG Repo Mixer Tools -->\r\n<svg width=\"800px\" height=\"800px\" viewBox=\"0 -12 32 32\" version=\"1.1\" xmlns=\"http:\/\/www.w3.org\/2000\/svg\" xmlns:xlink=\"http:\/\/www.w3.org\/1999\/xlink\" xmlns:sketch=\"http:\/\/www.bohemiancoding.com\/sketch\/ns\">\r\n    \r\n    <title>minus<\/title>\r\n    <desc>Created with Sketch Beta.<\/desc>\r\n    <defs>\r\n\r\n<\/defs>\r\n    <g id=\"Page-1\" stroke=\"none\" stroke-width=\"1\" fill=\"none\" fill-rule=\"evenodd\" sketch:type=\"MSPage\">\r\n        <g id=\"Icon-Set-Filled\" sketch:type=\"MSLayerGroup\" transform=\"translate(-414.000000, -1049.000000)\" fill=\"#000000\">\r\n            <path d=\"M442,1049 L418,1049 C415.791,1049 414,1050.79 414,1053 C414,1055.21 415.791,1057 418,1057 L442,1057 C444.209,1057 446,1055.21 446,1053 C446,1050.79 444.209,1049 442,1049\" id=\"minus\" sketch:type=\"MSShapeGroup\">\r\n\r\n<\/path>\r\n        <\/g>\r\n    <\/g>\r\n<\/svg>\t\t\t\t\t<\/div>\n\t\t\t\t<\/div>\n\t\t\t<\/div>\n\t\t\t\t<div class=\"icon-box-text last-reset\">\n\t\t\t\t\t\t\t\t\t\n\n\t<div id=\"text-4126193114\" class=\"text\">\n\t\t\n\n<h3>Notes de fond<\/h3>\n<p>Patchouli et Vanille<\/p>\n\t\t\n<style>\n#text-4126193114 {\n  line-height: 1;\n}\n<\/style>\n\t<\/div>\n\t\n\n\t\t<\/div>\n\t<\/div>\n\t\n\t\n\n\t\t<\/div>\n\t\t\t\t\t<\/div>\n\n\t\n\n\t<div id=\"col-606331780\" class=\"col small-12 large-12\"  >\n\t\t\t\t<div class=\"col-inner text-center\"  >\n\t\t\t\n\t\t\t\n\n<p style=\"text-align: center;\"><span style=\"font-size: 120%;\"><em>D\u00e9couvrez tous les produits essence Soleil Pastel<\/em><\/span><\/p>\n\n<a href=\"https:\/\/www.tendenzeshabbychic.it\/tag-prodotto\/soleil-pastel\/\" class=\"button white is-gloss box-shadow-2\" >\n\t\t<span>SOLEIL PASTEL<\/span>\n\t<\/a>\n\n\n\n\t\t<\/div>\n\t\t\t\t\t<\/div>\n\n\t\n\n<\/div>\n","protected":false},"featured_media":176620,"comment_status":"open","ping_status":"closed","template":"","meta":{"_joinchat":[]},"pwb-brand":[621],"product_brand":[],"product_cat":[1520,1515],"product_tag":[3245,523,3208],"class_list":{"0":"post-172655","1":"product","2":"type-product","3":"status-publish","4":"has-post-thumbnail","6":"pwb-brand-mathilde-m","7":"product_cat-parfums-pour-tissus","8":"product_cat-parfumeurs","9":"product_tag-festa-della-mamma","10":"product_tag-idea-regalo","11":"product_tag-soleil-pastel","13":"first","14":"instock","15":"taxable","16":"shipping-taxable","17":"purchasable","18":"product-type-simple"},"brands":[{"id":1562,"name":"Mathilde M.","slug":"mathilde-m-fr"}],"_links":{"self":[{"href":"https:\/\/www.tendenzeshabbychic.it\/fr\/wp-json\/wp\/v2\/product\/172655","targetHints":{"allow":["GET"]}}],"collection":[{"href":"https:\/\/www.tendenzeshabbychic.it\/fr\/wp-json\/wp\/v2\/product"}],"about":[{"href":"https:\/\/www.tendenzeshabbychic.it\/fr\/wp-json\/wp\/v2\/types\/product"}],"replies":[{"embeddable":true,"href":"https:\/\/www.tendenzeshabbychic.it\/fr\/wp-json\/wp\/v2\/comments?post=172655"}],"wp:featuredmedia":[{"embeddable":true,"href":"https:\/\/www.tendenzeshabbychic.it\/fr\/wp-json\/wp\/v2\/media\/176620"}],"wp:attachment":[{"href":"https:\/\/www.tendenzeshabbychic.it\/fr\/wp-json\/wp\/v2\/media?parent=172655"}],"wp:term":[{"taxonomy":"pwb-brand","embeddable":true,"href":"https:\/\/www.tendenzeshabbychic.it\/fr\/wp-json\/wp\/v2\/pwb-brand?post=172655"},{"taxonomy":"product_brand","embeddable":true,"href":"https:\/\/www.tendenzeshabbychic.it\/fr\/wp-json\/wp\/v2\/product_brand?post=172655"},{"taxonomy":"product_cat","embeddable":true,"href":"https:\/\/www.tendenzeshabbychic.it\/fr\/wp-json\/wp\/v2\/product_cat?post=172655"},{"taxonomy":"product_tag","embeddable":true,"href":"https:\/\/www.tendenzeshabbychic.it\/fr\/wp-json\/wp\/v2\/product_tag?post=172655"}],"curies":[{"name":"wp","href":"https:\/\/api.w.org\/{rel}","templated":true}]}}