{"id":172652,"date":"2026-02-11T08:03:13","date_gmt":"2026-02-11T07:03:13","guid":{"rendered":"https:\/\/www.tendenzeshabbychic.it\/prodotto\/mathilde-m-mimosa-joli-parfum-en-tissu-75-ml\/"},"modified":"2025-03-11T09:32:36","modified_gmt":"2025-03-11T08:32:36","slug":"mathilde-m-mimosa-joli-parfum-en-tissu-75-ml","status":"publish","type":"product","link":"https:\/\/www.tendenzeshabbychic.it\/fr\/produit\/mathilde-m-mimosa-joli-parfum-en-tissu-75-ml\/","title":{"rendered":"Mathilde M. Mimosa Joli Parfum en Tissu 75 ml"},"content":{"rendered":"<p>D\u00e9couvrez le parfum Mimosa Joli Fabric de Mathilde M., une fragrance \u00e9l\u00e9gante con\u00e7ue pour envelopper vos tissus d&rsquo;une \u00e9treinte raffin\u00e9e et d\u00e9licate. Les premi\u00e8res notes de petitgrain et de bergamote apportent une fra\u00eecheur vibrante, tandis que le c\u0153ur de mimosa offre une douceur envo\u00fbtante qui se marie harmonieusement avec le fond enveloppant de musc. <\/p>\n<p>Ce parfum pour tissu ne se contente pas de rafra\u00eechir et d&#8217;embellir votre linge, il est aussi un r\u00e9gal pour les yeux gr\u00e2ce \u00e0 son flacon en verre cannel\u00e9 aux d\u00e9tails sophistiqu\u00e9s, parfait pour d\u00e9corer votre maison avec style. Id\u00e9al pour parfumer draps, rideaux, coussins et linge de maison avec une touche \u00e9l\u00e9gante et durable. <\/p>\n<ul>\n<li>Parfum raffin\u00e9 aux notes de petitgrain, bergamote, mimosa et musc.<\/li>\n<li>Design \u00e9l\u00e9gant de bouteille en verre cannel\u00e9, parfait pour n\u2019importe quel environnement.<\/li>\n<li>Con\u00e7u pour parfumer les tissus tels que les rideaux, les draps et les oreillers.<\/li>\n<li>Durable, id\u00e9al pour les environnements domestiques \u00e9l\u00e9gants et accueillants.<\/li>\n<li>Excellente id\u00e9e cadeau gr\u00e2ce \u00e0 l&#8217;emballage sophistiqu\u00e9.<\/li>\n<\/ul>\n","protected":false},"excerpt":{"rendered":"<p>Parfumez vos tissus avec l&rsquo;\u00e9l\u00e9gance du Mimosa Joli de Mathilde M. Une essence lumineuse et r\u00e9confortante qui allie la fra\u00eecheur du petitgrain et de la bergamote \u00e0 un c\u0153ur de mimosa envo\u00fbtant et un fond de musc d\u00e9licat.<\/p>\n<p> \ud83d\udccf <strong>:<\/strong> 75 ml<\/p>\n<div class=\"row row-solid\"  id=\"row-392023295\">\n\n\n\t<div id=\"col-481412632\" class=\"col small-12 large-12\"  >\n\t\t\t\t<div class=\"col-inner\"  >\n\t\t\t\n\t\t\t\n\n\n\t\t<div class=\"icon-box featured-box icon-box-center text-center\"  >\n\t\t\t\t<div class=\"icon-box-text last-reset\">\n\t\t\t<h5 class=\"uppercase\">Mimosa Joli<\/h5>\t\t\t\t\t\t\n\n<p>L'essence Mimosa Joli est \u00e0 la fois lumineuse et r\u00e9confortante. La fra\u00eecheur du petitgrain et de la bergamote se m\u00eale d\u00e9licatement \u00e0 l'envo\u00fbtement<br> mimosa. Muscs d\u00e9licats sur un sillage intense.<\/p>\n\n\t\t<\/div>\n\t<\/div>\n\t\n\t\n\n\t\t<\/div>\n\t\t\t\t\t<\/div>\n\n\t\n\n\t<div id=\"col-1681945428\" class=\"col small-12 large-12\"  >\n\t\t\t\t<div class=\"col-inner\"  >\n\t\t\t\n\t\t\t\n\n\n\t\t<div class=\"icon-box featured-box icon-box-left text-left\"  >\n\t\t\t\t\t<div class=\"icon-box-img\" style=\"width: 60px\">\n\t\t\t\t<div class=\"icon\">\n\t\t\t\t\t<div class=\"icon-inner\" style=\"color:rgb(233, 239, 172);\">\n\t\t\t\t\t\t<?xml version=\"1.0\" encoding=\"utf-8\"?><!-- Uploaded to: SVG Repo, www.svgrepo.com, Generator: SVG Repo Mixer Tools -->\r\n<svg fill=\"#000000\" width=\"800px\" height=\"800px\" viewBox=\"0 0 32 32\" xmlns=\"http:\/\/www.w3.org\/2000\/svg\">\r\n    <circle cx=\"16\" cy=\"16\" r=\"16\"\/>\r\n<\/svg>\t\t\t\t\t<\/div>\n\t\t\t\t<\/div>\n\t\t\t<\/div>\n\t\t\t\t<div class=\"icon-box-text last-reset\">\n\t\t\t\t\t\t\t\t\t\n\n\t<div id=\"text-2777341869\" class=\"text\">\n\t\t\n\n<h3>Notes de t\u00eate<\/h3>\n<p>Petit Grain et Bergamote<\/p>\n\t\t\n<style>\n#text-2777341869 {\n  line-height: 1;\n}\n<\/style>\n\t<\/div>\n\t\n\n\t\t<\/div>\n\t<\/div>\n\t\n\t\n\n\t\t<div class=\"icon-box featured-box icon-box-left text-left\"  >\n\t\t\t\t\t<div class=\"icon-box-img\" style=\"width: 60px\">\n\t\t\t\t<div class=\"icon\">\n\t\t\t\t\t<div class=\"icon-inner\" style=\"color:#e9efac;\">\n\t\t\t\t\t\t<?xml version=\"1.0\" encoding=\"utf-8\"?><!-- Uploaded to: SVG Repo, www.svgrepo.com, Generator: SVG Repo Mixer Tools -->\r\n<svg width=\"800px\" height=\"800px\" viewBox=\"0 0 24 24\" fill=\"none\" xmlns=\"http:\/\/www.w3.org\/2000\/svg\">\r\n<path d=\"M2 9.1371C2 14 6.01943 16.5914 8.96173 18.9109C10 19.7294 11 20.5 12 20.5C13 20.5 14 19.7294 15.0383 18.9109C17.9806 16.5914 22 14 22 9.1371C22 4.27416 16.4998 0.825464 12 5.50063C7.50016 0.825464 2 4.27416 2 9.1371Z\" fill=\"#1C274C\"\/>\r\n<\/svg>\t\t\t\t\t<\/div>\n\t\t\t\t<\/div>\n\t\t\t<\/div>\n\t\t\t\t<div class=\"icon-box-text last-reset\">\n\t\t\t\t\t\t\t\t\t\n\n\t<div id=\"text-4179520032\" class=\"text\">\n\t\t\n\n<h3>Notes de coeur<\/h3>\n<p>Mimosa<\/p>\n\t\t\n<style>\n#text-4179520032 {\n  line-height: 1;\n}\n<\/style>\n\t<\/div>\n\t\n\n\t\t<\/div>\n\t<\/div>\n\t\n\t\n\n\t\t<div class=\"icon-box featured-box icon-box-left text-left\"  >\n\t\t\t\t\t<div class=\"icon-box-img\" style=\"width: 60px\">\n\t\t\t\t<div class=\"icon\">\n\t\t\t\t\t<div class=\"icon-inner\" style=\"color:#e9efac;\">\n\t\t\t\t\t\t<?xml version=\"1.0\" encoding=\"UTF-8\" standalone=\"no\"?>\r\n<!-- Uploaded to: SVG Repo, www.svgrepo.com, Generator: SVG Repo Mixer Tools -->\r\n<svg width=\"800px\" height=\"800px\" viewBox=\"0 -12 32 32\" version=\"1.1\" xmlns=\"http:\/\/www.w3.org\/2000\/svg\" xmlns:xlink=\"http:\/\/www.w3.org\/1999\/xlink\" xmlns:sketch=\"http:\/\/www.bohemiancoding.com\/sketch\/ns\">\r\n    \r\n    <title>minus<\/title>\r\n    <desc>Created with Sketch Beta.<\/desc>\r\n    <defs>\r\n\r\n<\/defs>\r\n    <g id=\"Page-1\" stroke=\"none\" stroke-width=\"1\" fill=\"none\" fill-rule=\"evenodd\" sketch:type=\"MSPage\">\r\n        <g id=\"Icon-Set-Filled\" sketch:type=\"MSLayerGroup\" transform=\"translate(-414.000000, -1049.000000)\" fill=\"#000000\">\r\n            <path d=\"M442,1049 L418,1049 C415.791,1049 414,1050.79 414,1053 C414,1055.21 415.791,1057 418,1057 L442,1057 C444.209,1057 446,1055.21 446,1053 C446,1050.79 444.209,1049 442,1049\" id=\"minus\" sketch:type=\"MSShapeGroup\">\r\n\r\n<\/path>\r\n        <\/g>\r\n    <\/g>\r\n<\/svg>\t\t\t\t\t<\/div>\n\t\t\t\t<\/div>\n\t\t\t<\/div>\n\t\t\t\t<div class=\"icon-box-text last-reset\">\n\t\t\t\t\t\t\t\t\t\n\n\t<div id=\"text-3486876072\" class=\"text\">\n\t\t\n\n<h3>Notes de fond<\/h3>\n<p>Mousse<\/p>\n\t\t\n<style>\n#text-3486876072 {\n  line-height: 1;\n}\n<\/style>\n\t<\/div>\n\t\n\n\t\t<\/div>\n\t<\/div>\n\t\n\t\n\n\t\t<\/div>\n\t\t\t\t\t<\/div>\n\n\t\n\n<\/div>\n","protected":false},"featured_media":172408,"comment_status":"open","ping_status":"closed","template":"","meta":{"_joinchat":[]},"pwb-brand":[621],"product_brand":[],"product_cat":[1520,1515],"product_tag":[523,3233],"class_list":{"0":"post-172652","1":"product","2":"type-product","3":"status-publish","4":"has-post-thumbnail","6":"pwb-brand-mathilde-m","7":"product_cat-parfums-pour-tissus","8":"product_cat-parfumeurs","9":"product_tag-idea-regalo","10":"product_tag-mimosa-joli","12":"first","13":"instock","14":"taxable","15":"shipping-taxable","16":"purchasable","17":"product-type-simple"},"brands":[{"id":1562,"name":"Mathilde M.","slug":"mathilde-m-fr"}],"_links":{"self":[{"href":"https:\/\/www.tendenzeshabbychic.it\/fr\/wp-json\/wp\/v2\/product\/172652","targetHints":{"allow":["GET"]}}],"collection":[{"href":"https:\/\/www.tendenzeshabbychic.it\/fr\/wp-json\/wp\/v2\/product"}],"about":[{"href":"https:\/\/www.tendenzeshabbychic.it\/fr\/wp-json\/wp\/v2\/types\/product"}],"replies":[{"embeddable":true,"href":"https:\/\/www.tendenzeshabbychic.it\/fr\/wp-json\/wp\/v2\/comments?post=172652"}],"wp:featuredmedia":[{"embeddable":true,"href":"https:\/\/www.tendenzeshabbychic.it\/fr\/wp-json\/wp\/v2\/media\/172408"}],"wp:attachment":[{"href":"https:\/\/www.tendenzeshabbychic.it\/fr\/wp-json\/wp\/v2\/media?parent=172652"}],"wp:term":[{"taxonomy":"pwb-brand","embeddable":true,"href":"https:\/\/www.tendenzeshabbychic.it\/fr\/wp-json\/wp\/v2\/pwb-brand?post=172652"},{"taxonomy":"product_brand","embeddable":true,"href":"https:\/\/www.tendenzeshabbychic.it\/fr\/wp-json\/wp\/v2\/product_brand?post=172652"},{"taxonomy":"product_cat","embeddable":true,"href":"https:\/\/www.tendenzeshabbychic.it\/fr\/wp-json\/wp\/v2\/product_cat?post=172652"},{"taxonomy":"product_tag","embeddable":true,"href":"https:\/\/www.tendenzeshabbychic.it\/fr\/wp-json\/wp\/v2\/product_tag?post=172652"}],"curies":[{"name":"wp","href":"https:\/\/api.w.org\/{rel}","templated":true}]}}