{"id":172175,"date":"2025-01-21T01:23:11","date_gmt":"2025-01-21T00:23:11","guid":{"rendered":"https:\/\/www.tendenzeshabbychic.it\/prodotto\/plante-succulente-edg-olis-3-coloris-h20-cm\/"},"modified":"2025-01-15T18:23:11","modified_gmt":"2025-01-15T17:23:11","slug":"plante-succulente-edg-olis-3-coloris-h20-cm","status":"publish","type":"product","link":"https:\/\/www.tendenzeshabbychic.it\/fr\/produit\/plante-succulente-edg-olis-3-coloris-h20-cm\/","title":{"rendered":"Plante succulente EDG Olis (3 coloris) H20 cm"},"content":{"rendered":"<p>Les plantes succulentes EDG sont un ajout sophistiqu\u00e9 et polyvalent pour d\u00e9corer avec go\u00fbt n\u2019importe quel environnement. Chaque plante pr\u00e9sente des feuilles \u00e0 la texture d\u00e9taill\u00e9e, caract\u00e9ris\u00e9es par des bords ondul\u00e9s et des couleurs qui passent du vert intense au rose d\u00e9licat, pour un effet naturel et \u00e9l\u00e9gant. Parfait pour les compositions florales, les centres de table ou pour ajouter une touche de fra\u00eecheur aux espaces de la maison ou du bureau. Leur qualit\u00e9 sup\u00e9rieure garantit durabilit\u00e9 et r\u00e9sistance dans le temps, tout en conservant leur beaut\u00e9 intacte. <\/p>\n<ul>\n<li>Conception r\u00e9aliste avec des d\u00e9tails de couleurs pr\u00e9cis.<\/li>\n<li>Id\u00e9al pour les environnements int\u00e9rieurs, m\u00eame sans n\u00e9cessiter d&rsquo;entretien.<\/li>\n<li>Polyvalence d\u00e9corative : parfait pour les centres de table, les \u00e9tag\u00e8res ou les coins verts.<\/li>\n<\/ul>\n","protected":false},"excerpt":{"rendered":"<p>Superbe plante succulente artificielle fabriqu\u00e9e par EDG , disponible en trois variations de couleurs fascinantes avec des nuances de vert et de rose. Id\u00e9ales pour enrichir une composition florale, gr\u00e2ce \u00e0 leur cr\u00e9ation dans des mat\u00e9riaux de haute qualit\u00e9. Parfait en toute saison. \ud83d\udccf Hauteur : 20cm.<\/p>\n","protected":false},"featured_media":171335,"comment_status":"open","ping_status":"closed","template":"","meta":{"_joinchat":[]},"pwb-brand":[1564],"product_brand":[],"product_cat":[3206,2772,1467],"product_tag":[3285],"class_list":{"0":"post-172175","1":"product","2":"type-product","3":"status-publish","4":"has-post-thumbnail","6":"pwb-brand-edg-fr","7":"product_cat-plantes-succulentes","8":"product_cat-fleurs-en-pot","9":"product_cat-fleurs-et-plantes-artificielles","10":"product_tag-ventes","11":"pa_colore-naturel","12":"pa_colore-rose","13":"pa_colore-vert","15":"first","16":"instock","17":"sale","18":"taxable","19":"shipping-taxable","20":"purchasable","21":"product-type-variable"},"brands":[{"id":1564,"name":"EDG \u2013 Enzo De Gasperi","slug":"edg-fr"}],"_links":{"self":[{"href":"https:\/\/www.tendenzeshabbychic.it\/fr\/wp-json\/wp\/v2\/product\/172175","targetHints":{"allow":["GET"]}}],"collection":[{"href":"https:\/\/www.tendenzeshabbychic.it\/fr\/wp-json\/wp\/v2\/product"}],"about":[{"href":"https:\/\/www.tendenzeshabbychic.it\/fr\/wp-json\/wp\/v2\/types\/product"}],"replies":[{"embeddable":true,"href":"https:\/\/www.tendenzeshabbychic.it\/fr\/wp-json\/wp\/v2\/comments?post=172175"}],"wp:featuredmedia":[{"embeddable":true,"href":"https:\/\/www.tendenzeshabbychic.it\/fr\/wp-json\/wp\/v2\/media\/171335"}],"wp:attachment":[{"href":"https:\/\/www.tendenzeshabbychic.it\/fr\/wp-json\/wp\/v2\/media?parent=172175"}],"wp:term":[{"taxonomy":"pwb-brand","embeddable":true,"href":"https:\/\/www.tendenzeshabbychic.it\/fr\/wp-json\/wp\/v2\/pwb-brand?post=172175"},{"taxonomy":"product_brand","embeddable":true,"href":"https:\/\/www.tendenzeshabbychic.it\/fr\/wp-json\/wp\/v2\/product_brand?post=172175"},{"taxonomy":"product_cat","embeddable":true,"href":"https:\/\/www.tendenzeshabbychic.it\/fr\/wp-json\/wp\/v2\/product_cat?post=172175"},{"taxonomy":"product_tag","embeddable":true,"href":"https:\/\/www.tendenzeshabbychic.it\/fr\/wp-json\/wp\/v2\/product_tag?post=172175"}],"curies":[{"name":"wp","href":"https:\/\/api.w.org\/{rel}","templated":true}]}}