{"id":172130,"date":"2025-01-21T13:15:00","date_gmt":"2025-01-21T12:15:00","guid":{"rendered":"https:\/\/www.tendenzeshabbychic.it\/prodotto\/edg-decoration-coeur-en-verre-souffle-o18\/"},"modified":"2025-01-16T22:58:54","modified_gmt":"2025-01-16T21:58:54","slug":"edg-decoration-coeur-en-verre-souffle-o18","status":"publish","type":"product","link":"https:\/\/www.tendenzeshabbychic.it\/fr\/produit\/edg-decoration-coeur-en-verre-souffle-o18\/","title":{"rendered":"EDG D\u00e9coration coeur en verre souffl\u00e9 \u00d818"},"content":{"rendered":"<p>La d\u00e9coration Heart en verre souffl\u00e9 EDG est un \u00e9l\u00e9ment d\u00e9coratif sophistiqu\u00e9 et polyvalent. Fabriqu\u00e9 \u00e0 partir de verre transparent, ce c\u0153ur ajoute une touche de lumi\u00e8re et de sophistication \u00e0 n&rsquo;importe quel d\u00e9cor. Parfait \u00e0 suspendre comme ornement, il est id\u00e9al pour d\u00e9corer les arbres de No\u00ebl, les fen\u00eatres ou les coins de la maison tout au long de l&rsquo;ann\u00e9e. Un compl\u00e9ment \u00e9l\u00e9gant qui exprime le romantisme et la simplicit\u00e9.   <\/p>\n<ul>\n<li><strong>Mat\u00e9riau de qualit\u00e9 :<\/strong> Verre souffl\u00e9 transparent pour un effet \u00e9l\u00e9gant.<\/li>\n<li><strong>Design exquis :<\/strong> forme de c\u0153ur avec d\u00e9tails fabriqu\u00e9s \u00e0 la main.<\/li>\n<li><strong>Polyvalent :<\/strong> parfait pour les d\u00e9corations de No\u00ebl, les mariages ou les d\u00e9cors romantiques.<\/li>\n<li><strong>Dimensions pratiques :<\/strong> \u00d8 18 cm.<\/li>\n<li><strong>Facile \u00e0 accrocher :<\/strong> \u00e9quip\u00e9 d&rsquo;un crochet discret pour un montage facile.<\/li>\n<\/ul>\n","protected":false},"excerpt":{"rendered":"<p>D\u00e9coration \u00e9l\u00e9gante en forme de coeur en verre souffl\u00e9 transparent. Une touche raffin\u00e9e pour d\u00e9corer les espaces int\u00e9rieurs ou enrichir vos vacances. \ud83d\udccf 18 cm <\/p>\n","protected":false},"featured_media":170066,"comment_status":"open","ping_status":"closed","template":"","meta":{"_joinchat":[]},"pwb-brand":[1564],"product_brand":[],"product_cat":[1505],"product_tag":[3247,1296,3134,3285],"class_list":{"0":"post-172130","1":"product","2":"type-product","3":"status-publish","4":"has-post-thumbnail","6":"pwb-brand-edg-fr","7":"product_cat-objets","8":"product_tag-fete-des-meres","9":"product_tag-idee-de-cadeau","10":"product_tag-saint-valentin","11":"product_tag-ventes","12":"pa_colore-transparent","14":"first","15":"outofstock","16":"sale","17":"taxable","18":"shipping-taxable","19":"purchasable","20":"product-type-simple"},"brands":[{"id":1564,"name":"EDG \u2013 Enzo De Gasperi","slug":"edg-fr"}],"_links":{"self":[{"href":"https:\/\/www.tendenzeshabbychic.it\/fr\/wp-json\/wp\/v2\/product\/172130","targetHints":{"allow":["GET"]}}],"collection":[{"href":"https:\/\/www.tendenzeshabbychic.it\/fr\/wp-json\/wp\/v2\/product"}],"about":[{"href":"https:\/\/www.tendenzeshabbychic.it\/fr\/wp-json\/wp\/v2\/types\/product"}],"replies":[{"embeddable":true,"href":"https:\/\/www.tendenzeshabbychic.it\/fr\/wp-json\/wp\/v2\/comments?post=172130"}],"wp:featuredmedia":[{"embeddable":true,"href":"https:\/\/www.tendenzeshabbychic.it\/fr\/wp-json\/wp\/v2\/media\/170066"}],"wp:attachment":[{"href":"https:\/\/www.tendenzeshabbychic.it\/fr\/wp-json\/wp\/v2\/media?parent=172130"}],"wp:term":[{"taxonomy":"pwb-brand","embeddable":true,"href":"https:\/\/www.tendenzeshabbychic.it\/fr\/wp-json\/wp\/v2\/pwb-brand?post=172130"},{"taxonomy":"product_brand","embeddable":true,"href":"https:\/\/www.tendenzeshabbychic.it\/fr\/wp-json\/wp\/v2\/product_brand?post=172130"},{"taxonomy":"product_cat","embeddable":true,"href":"https:\/\/www.tendenzeshabbychic.it\/fr\/wp-json\/wp\/v2\/product_cat?post=172130"},{"taxonomy":"product_tag","embeddable":true,"href":"https:\/\/www.tendenzeshabbychic.it\/fr\/wp-json\/wp\/v2\/product_tag?post=172130"}],"curies":[{"name":"wp","href":"https:\/\/api.w.org\/{rel}","templated":true}]}}