{"id":171856,"date":"2025-01-21T10:40:13","date_gmt":"2025-01-21T09:40:13","guid":{"rendered":"https:\/\/www.tendenzeshabbychic.it\/prodotto\/fougere-decorative-artificielle-edg-h-90-cm\/"},"modified":"2025-01-13T00:40:13","modified_gmt":"2025-01-12T23:40:13","slug":"fougere-decorative-artificielle-edg-h-90-cm","status":"publish","type":"product","link":"https:\/\/www.tendenzeshabbychic.it\/fr\/produit\/fougere-decorative-artificielle-edg-h-90-cm\/","title":{"rendered":"Foug\u00e8re d\u00e9corative artificielle EDG H 90 cm"},"content":{"rendered":"<p>La foug\u00e8re d\u00e9corative EDG est un \u00e9l\u00e9ment d\u00e9coratif qui se distingue par sa l\u00e9g\u00e8ret\u00e9 et son design naturel. Les feuilles vertes pr\u00e9sentent des d\u00e9tails r\u00e9alistes avec des veines subtiles et une texture douce, parfaites pour ajouter une touche de fra\u00eecheur aux espaces int\u00e9rieurs. Gr\u00e2ce \u00e0 sa hauteur de 90 cm, il peut \u00eatre utilis\u00e9 pour d\u00e9corer de grands vases, enrichir des compositions florales ou cr\u00e9er des d\u00e9corations au look naturel et sophistiqu\u00e9. Fabriqu\u00e9 \u00e0 partir de mat\u00e9riaux de haute qualit\u00e9, c&rsquo;est une solution durable et sans entretien. <\/p>\n<ul>\n<li><strong>Design r\u00e9aliste<\/strong> avec des feuilles d\u00e9taill\u00e9es et l\u00e9g\u00e8res.<\/li>\n<li><strong>Polyvalence d\u00e9corative<\/strong> , parfaite pour diff\u00e9rentes solutions d&rsquo;ameublement.<\/li>\n<li><strong>Mat\u00e9riau durable et de qualit\u00e9<\/strong> , id\u00e9al pour une d\u00e9coration \u00e0 long terme.<\/li>\n<\/ul>\n","protected":false},"excerpt":{"rendered":"<p>Branche de foug\u00e8re d\u00e9corative EDG , avec des feuilles d\u00e9taill\u00e9es et vert clair. Un compl\u00e9ment id\u00e9al pour enrichir les compositions florales ou les d\u00e9corations naturelles. \ud83d\udccf <\/p>\n","protected":false},"featured_media":171245,"comment_status":"open","ping_status":"closed","template":"","meta":{"_joinchat":[]},"pwb-brand":[1564],"product_brand":[],"product_cat":[2772,1467],"product_tag":[3285],"class_list":{"0":"post-171856","1":"product","2":"type-product","3":"status-publish","4":"has-post-thumbnail","6":"pwb-brand-edg-fr","7":"product_cat-fleurs-en-pot","8":"product_cat-fleurs-et-plantes-artificielles","9":"product_tag-ventes","10":"pa_colore-vert","12":"first","13":"instock","14":"sale","15":"taxable","16":"shipping-taxable","17":"purchasable","18":"product-type-simple"},"brands":[{"id":1564,"name":"EDG \u2013 Enzo De Gasperi","slug":"edg-fr"}],"_links":{"self":[{"href":"https:\/\/www.tendenzeshabbychic.it\/fr\/wp-json\/wp\/v2\/product\/171856","targetHints":{"allow":["GET"]}}],"collection":[{"href":"https:\/\/www.tendenzeshabbychic.it\/fr\/wp-json\/wp\/v2\/product"}],"about":[{"href":"https:\/\/www.tendenzeshabbychic.it\/fr\/wp-json\/wp\/v2\/types\/product"}],"replies":[{"embeddable":true,"href":"https:\/\/www.tendenzeshabbychic.it\/fr\/wp-json\/wp\/v2\/comments?post=171856"}],"wp:featuredmedia":[{"embeddable":true,"href":"https:\/\/www.tendenzeshabbychic.it\/fr\/wp-json\/wp\/v2\/media\/171245"}],"wp:attachment":[{"href":"https:\/\/www.tendenzeshabbychic.it\/fr\/wp-json\/wp\/v2\/media?parent=171856"}],"wp:term":[{"taxonomy":"pwb-brand","embeddable":true,"href":"https:\/\/www.tendenzeshabbychic.it\/fr\/wp-json\/wp\/v2\/pwb-brand?post=171856"},{"taxonomy":"product_brand","embeddable":true,"href":"https:\/\/www.tendenzeshabbychic.it\/fr\/wp-json\/wp\/v2\/product_brand?post=171856"},{"taxonomy":"product_cat","embeddable":true,"href":"https:\/\/www.tendenzeshabbychic.it\/fr\/wp-json\/wp\/v2\/product_cat?post=171856"},{"taxonomy":"product_tag","embeddable":true,"href":"https:\/\/www.tendenzeshabbychic.it\/fr\/wp-json\/wp\/v2\/product_tag?post=171856"}],"curies":[{"name":"wp","href":"https:\/\/api.w.org\/{rel}","templated":true}]}}