{"id":171853,"date":"2025-01-21T10:54:57","date_gmt":"2025-01-21T09:54:57","guid":{"rendered":"https:\/\/www.tendenzeshabbychic.it\/prodotto\/branche-decorative-edg-avec-oranges-h-95-cm\/"},"modified":"2025-01-16T09:54:57","modified_gmt":"2025-01-16T08:54:57","slug":"branche-decorative-edg-avec-oranges-h-95-cm","status":"publish","type":"product","link":"https:\/\/www.tendenzeshabbychic.it\/fr\/produit\/branche-decorative-edg-avec-oranges-h-95-cm\/","title":{"rendered":"Branche d\u00e9corative EDG avec oranges H 95 cm"},"content":{"rendered":"<p>Ajoutez une touche de fra\u00eecheur et de vivacit\u00e9 \u00e0 vos pi\u00e8ces avec la branche d&rsquo;oranger d\u00e9corative de EDG . Fabriqu\u00e9 en plastique de haute qualit\u00e9, il pr\u00e9sente des fruits artificiels orange vif et des feuilles d\u00e9taill\u00e9es qui imitent parfaitement la nature. Parfait pour cr\u00e9er des centres de table uniques, des compositions florales ou pour d\u00e9corer les coins de la maison avec un style m\u00e9diterran\u00e9en ensoleill\u00e9. <\/p>\n<ul>\n<li>Oranges et feuilles au design extr\u00eamement r\u00e9aliste.<\/li>\n<li>Mat\u00e9riau solide et durable, parfait pour une utilisation en int\u00e9rieur.<\/li>\n<li>Id\u00e9al pour les d\u00e9corations saisonni\u00e8res ou toute l\u2019ann\u00e9e.<\/li>\n<li>Convient aux compositions florales et aux d\u00e9corations cr\u00e9atives.<\/li>\n<li>Conception l\u00e9g\u00e8re et facile \u00e0 placer dans n&rsquo;importe quel environnement<\/li>\n<\/ul>\n","protected":false},"excerpt":{"rendered":"<p>Branche d\u00e9corative avec des oranges r\u00e9alistes et des feuilles d\u00e9taill\u00e9es, id\u00e9ale pour d\u00e9corer des espaces au style naturel et vivant. \ud83d\udccf cm.<\/p>\n","protected":false},"featured_media":171452,"comment_status":"open","ping_status":"closed","template":"","meta":{"_joinchat":[]},"pwb-brand":[776],"product_brand":[],"product_cat":[2772,1467],"product_tag":[],"class_list":{"0":"post-171853","1":"product","2":"type-product","3":"status-publish","4":"has-post-thumbnail","6":"pwb-brand-edg","7":"product_cat-fleurs-en-pot","8":"product_cat-fleurs-et-plantes-artificielles","9":"pa_colore-verde","11":"first","12":"instock","13":"taxable","14":"shipping-taxable","15":"purchasable","16":"product-type-simple"},"brands":[{"id":1564,"name":"EDG \u2013 Enzo De Gasperi","slug":"edg-fr"}],"_links":{"self":[{"href":"https:\/\/www.tendenzeshabbychic.it\/fr\/wp-json\/wp\/v2\/product\/171853","targetHints":{"allow":["GET"]}}],"collection":[{"href":"https:\/\/www.tendenzeshabbychic.it\/fr\/wp-json\/wp\/v2\/product"}],"about":[{"href":"https:\/\/www.tendenzeshabbychic.it\/fr\/wp-json\/wp\/v2\/types\/product"}],"replies":[{"embeddable":true,"href":"https:\/\/www.tendenzeshabbychic.it\/fr\/wp-json\/wp\/v2\/comments?post=171853"}],"wp:featuredmedia":[{"embeddable":true,"href":"https:\/\/www.tendenzeshabbychic.it\/fr\/wp-json\/wp\/v2\/media\/171452"}],"wp:attachment":[{"href":"https:\/\/www.tendenzeshabbychic.it\/fr\/wp-json\/wp\/v2\/media?parent=171853"}],"wp:term":[{"taxonomy":"pwb-brand","embeddable":true,"href":"https:\/\/www.tendenzeshabbychic.it\/fr\/wp-json\/wp\/v2\/pwb-brand?post=171853"},{"taxonomy":"product_brand","embeddable":true,"href":"https:\/\/www.tendenzeshabbychic.it\/fr\/wp-json\/wp\/v2\/product_brand?post=171853"},{"taxonomy":"product_cat","embeddable":true,"href":"https:\/\/www.tendenzeshabbychic.it\/fr\/wp-json\/wp\/v2\/product_cat?post=171853"},{"taxonomy":"product_tag","embeddable":true,"href":"https:\/\/www.tendenzeshabbychic.it\/fr\/wp-json\/wp\/v2\/product_tag?post=171853"}],"curies":[{"name":"wp","href":"https:\/\/api.w.org\/{rel}","templated":true}]}}