{"id":171839,"date":"2025-01-21T10:38:03","date_gmt":"2025-01-21T09:38:03","guid":{"rendered":"https:\/\/www.tendenzeshabbychic.it\/prodotto\/edg-rose-elide-branche-avec-feuilles-h-45-cm\/"},"modified":"2025-01-12T18:38:03","modified_gmt":"2025-01-12T17:38:03","slug":"edg-rose-elide-branche-avec-feuilles-h-45-cm","status":"publish","type":"product","link":"https:\/\/www.tendenzeshabbychic.it\/fr\/produit\/edg-rose-elide-branche-avec-feuilles-h-45-cm\/","title":{"rendered":"EDG Rose Elide Branche avec Feuilles H 45 cm"},"content":{"rendered":"<p>Le Ramo Rosa Elide EDG est l&rsquo;accessoire parfait pour ceux qui souhaitent ajouter une touche de classe aux espaces de vie ou aux \u00e9v\u00e9nements sp\u00e9ciaux. Cette branche pr\u00e9sente une fleur principale dans des tons cr\u00e8me, avec des p\u00e9tales d\u00e9taill\u00e9s qui capturent la d\u00e9licatesse de la rose naturelle. Des feuilles vertes r\u00e9alistes et une tige fine compl\u00e8tent le design, ce qui en fait une pi\u00e8ce d\u00e9corative visuellement \u00e9poustouflante.<br \/>\n Adapt\u00e9 aussi bien aux d\u00e9corations simples dans des vases raffin\u00e9s qu&rsquo;aux compositions florales plus \u00e9labor\u00e9es, c&rsquo;est un choix polyvalent et sophistiqu\u00e9. Fabriqu\u00e9 en plastique de haute qualit\u00e9, il offre une durabilit\u00e9 et une beaut\u00e9 sans compromis.   <\/p>\n<p><strong>Points forts<\/strong> :<\/p>\n<ul>\n<li>Fabriqu\u00e9 avec pr\u00e9cision avec des d\u00e9tails r\u00e9alistes dans les p\u00e9tales et les feuilles.<\/li>\n<li>Fleur de ton cr\u00e8me, \u00e9l\u00e9gante et polyvalente.<\/li>\n<li>Hauteur de 45 cm, parfaite pour diff\u00e9rents types de vases.<\/li>\n<li>Mat\u00e9riau de qualit\u00e9 qui garantit une longue dur\u00e9e de vie.<\/li>\n<li>Id\u00e9al pour les compositions florales ou les d\u00e9corations minimalistes.<\/li>\n<\/ul>\n","protected":false},"excerpt":{"rendered":"<p>Une branche raffin\u00e9e de Rosa Elide avec des feuilles et des fleurs r\u00e9alistes dans un ton cr\u00e8me d\u00e9licat. Un compl\u00e9ment d\u00e9coratif \u00e9l\u00e9gant, id\u00e9al pour enrichir les environnements ou les compositions florales. \ud83d\udccf . <\/p>\n","protected":false},"featured_media":170882,"comment_status":"open","ping_status":"closed","template":"","meta":{"_joinchat":[]},"pwb-brand":[1564],"product_brand":[],"product_cat":[2772,1467],"product_tag":[],"class_list":{"0":"post-171839","1":"product","2":"type-product","3":"status-publish","4":"has-post-thumbnail","6":"pwb-brand-edg-fr","7":"product_cat-fleurs-en-pot","8":"product_cat-fleurs-et-plantes-artificielles","9":"pa_colore-creme","11":"first","12":"instock","13":"taxable","14":"shipping-taxable","15":"purchasable","16":"product-type-simple"},"brands":[{"id":1564,"name":"EDG \u2013 Enzo De Gasperi","slug":"edg-fr"}],"_links":{"self":[{"href":"https:\/\/www.tendenzeshabbychic.it\/fr\/wp-json\/wp\/v2\/product\/171839","targetHints":{"allow":["GET"]}}],"collection":[{"href":"https:\/\/www.tendenzeshabbychic.it\/fr\/wp-json\/wp\/v2\/product"}],"about":[{"href":"https:\/\/www.tendenzeshabbychic.it\/fr\/wp-json\/wp\/v2\/types\/product"}],"replies":[{"embeddable":true,"href":"https:\/\/www.tendenzeshabbychic.it\/fr\/wp-json\/wp\/v2\/comments?post=171839"}],"wp:featuredmedia":[{"embeddable":true,"href":"https:\/\/www.tendenzeshabbychic.it\/fr\/wp-json\/wp\/v2\/media\/170882"}],"wp:attachment":[{"href":"https:\/\/www.tendenzeshabbychic.it\/fr\/wp-json\/wp\/v2\/media?parent=171839"}],"wp:term":[{"taxonomy":"pwb-brand","embeddable":true,"href":"https:\/\/www.tendenzeshabbychic.it\/fr\/wp-json\/wp\/v2\/pwb-brand?post=171839"},{"taxonomy":"product_brand","embeddable":true,"href":"https:\/\/www.tendenzeshabbychic.it\/fr\/wp-json\/wp\/v2\/product_brand?post=171839"},{"taxonomy":"product_cat","embeddable":true,"href":"https:\/\/www.tendenzeshabbychic.it\/fr\/wp-json\/wp\/v2\/product_cat?post=171839"},{"taxonomy":"product_tag","embeddable":true,"href":"https:\/\/www.tendenzeshabbychic.it\/fr\/wp-json\/wp\/v2\/product_tag?post=171839"}],"curies":[{"name":"wp","href":"https:\/\/api.w.org\/{rel}","templated":true}]}}