{"id":171497,"date":"2025-01-21T08:50:55","date_gmt":"2025-01-21T07:50:55","guid":{"rendered":"https:\/\/www.tendenzeshabbychic.it\/prodotto\/edg-branche-de-camomille-avec-feuilles-h-70-cm\/"},"modified":"2025-01-12T18:50:55","modified_gmt":"2025-01-12T17:50:55","slug":"edg-branche-de-camomille-avec-feuilles-h-70-cm","status":"publish","type":"product","link":"https:\/\/www.tendenzeshabbychic.it\/fr\/produit\/edg-branche-de-camomille-avec-feuilles-h-70-cm\/","title":{"rendered":"EDG Branche de Camomille avec Feuilles H 70 cm"},"content":{"rendered":"<p>La Branche de Camomille EDG est un \u00e9l\u00e9ment d\u00e9coratif simple et raffin\u00e9, qui capture l&rsquo;essence de la nature avec ses d\u00e9tails r\u00e9alistes. Les petites fleurs blanches au centre jaune vif se combinent avec des feuilles vertes fines et d\u00e9licates, cr\u00e9ant un effet naturel et relaxant. La tige flexible vous permet de l&rsquo;adapter facilement \u00e0 diff\u00e9rents types de vases ou de compositions florales.<br \/>\n Cette branche est parfaite pour les d\u00e9corations printani\u00e8res ou estivales, pour enrichir les tables, les \u00e9tag\u00e8res ou les coins de la maison. C&rsquo;est un choix polyvalent, id\u00e9al seul ou dans le cadre de bouquets plus \u00e9labor\u00e9s.   <\/p>\n<ul>\n<li>Reproduction r\u00e9aliste de fleurs de camomille, avec des d\u00e9tails soign\u00e9s.<\/li>\n<li>Mat\u00e9riaux de haute qualit\u00e9 qui garantissent durabilit\u00e9 et beaut\u00e9.<\/li>\n<li>Hauteur de 70 cm, parfaite pour des vases hauts ou des compositions naturelles.<\/li>\n<li>Id\u00e9al pour cr\u00e9er des ambiances relaxantes et harmonieuses.<\/li>\n<li>Convient pour la d\u00e9coration de la maison, des \u00e9v\u00e9nements ou des espaces commerciaux.<\/li>\n<\/ul>\n","protected":false},"excerpt":{"rendered":"<p>Une d\u00e9licate branche de camomille aux fleurs blanches et jaunes et aux feuilles fines, parfaite pour ajouter une touche de naturel et de fra\u00eecheur \u00e0 vos d\u00e9corations. \ud83d\udccf cm.<\/p>\n","protected":false},"featured_media":170900,"comment_status":"open","ping_status":"closed","template":"","meta":{"_joinchat":[]},"pwb-brand":[776],"product_brand":[],"product_cat":[2772,1467],"product_tag":[],"class_list":{"0":"post-171497","1":"product","2":"type-product","3":"status-publish","4":"has-post-thumbnail","6":"pwb-brand-edg","7":"product_cat-fleurs-en-pot","8":"product_cat-fleurs-et-plantes-artificielles","9":"pa_colore-bianco","10":"pa_colore-giallo","12":"first","13":"outofstock","14":"taxable","15":"shipping-taxable","16":"purchasable","17":"product-type-simple"},"brands":[{"id":1564,"name":"EDG \u2013 Enzo De Gasperi","slug":"edg-fr"}],"_links":{"self":[{"href":"https:\/\/www.tendenzeshabbychic.it\/fr\/wp-json\/wp\/v2\/product\/171497","targetHints":{"allow":["GET"]}}],"collection":[{"href":"https:\/\/www.tendenzeshabbychic.it\/fr\/wp-json\/wp\/v2\/product"}],"about":[{"href":"https:\/\/www.tendenzeshabbychic.it\/fr\/wp-json\/wp\/v2\/types\/product"}],"replies":[{"embeddable":true,"href":"https:\/\/www.tendenzeshabbychic.it\/fr\/wp-json\/wp\/v2\/comments?post=171497"}],"wp:featuredmedia":[{"embeddable":true,"href":"https:\/\/www.tendenzeshabbychic.it\/fr\/wp-json\/wp\/v2\/media\/170900"}],"wp:attachment":[{"href":"https:\/\/www.tendenzeshabbychic.it\/fr\/wp-json\/wp\/v2\/media?parent=171497"}],"wp:term":[{"taxonomy":"pwb-brand","embeddable":true,"href":"https:\/\/www.tendenzeshabbychic.it\/fr\/wp-json\/wp\/v2\/pwb-brand?post=171497"},{"taxonomy":"product_brand","embeddable":true,"href":"https:\/\/www.tendenzeshabbychic.it\/fr\/wp-json\/wp\/v2\/product_brand?post=171497"},{"taxonomy":"product_cat","embeddable":true,"href":"https:\/\/www.tendenzeshabbychic.it\/fr\/wp-json\/wp\/v2\/product_cat?post=171497"},{"taxonomy":"product_tag","embeddable":true,"href":"https:\/\/www.tendenzeshabbychic.it\/fr\/wp-json\/wp\/v2\/product_tag?post=171497"}],"curies":[{"name":"wp","href":"https:\/\/api.w.org\/{rel}","templated":true}]}}