{"id":171304,"date":"2026-01-22T09:30:48","date_gmt":"2026-01-22T08:30:48","guid":{"rendered":"https:\/\/www.tendenzeshabbychic.it\/prodotto\/edg-bouquet-5-tulipes-roses-antiques-h-40-cm\/"},"modified":"2026-03-28T09:20:47","modified_gmt":"2026-03-28T08:20:47","slug":"edg-bouquet-5-tulipes-roses-antiques-h-40-cm","status":"publish","type":"product","link":"https:\/\/www.tendenzeshabbychic.it\/fr\/produit\/edg-bouquet-5-tulipes-roses-antiques-h-40-cm\/","title":{"rendered":"EDG Bouquet 5 Tulipes Roses Antiques H 40 cm"},"content":{"rendered":"<p>Le bouquet de tulipes rose antique EDG est un \u00e9l\u00e9ment d\u00e9coratif qui se distingue par son \u00e9l\u00e9gance simple et son design r\u00e9aliste. Les fleurs se caract\u00e9risent par des p\u00e9tales rose antique aux nuances d\u00e9licates qui rappellent le naturel, accompagn\u00e9s de feuilles vertes d\u00e9taill\u00e9es et de tiges flexibles. Attach\u00e9 avec un ruban de raphia, le bouquet est id\u00e9al pour d\u00e9corer des vases, des centres de table ou des \u00e9tag\u00e8res, donnant une atmosph\u00e8re romantique et accueillante aux espaces int\u00e9rieurs. <\/p>\n<ul>\n<li><strong>Couleur raffin\u00e9e<\/strong> aux d\u00e9licates nuances de rose antique.<\/li>\n<li><strong>Mat\u00e9riaux de haute qualit\u00e9<\/strong> , durables et r\u00e9alistes.<\/li>\n<li><strong>Convient \u00e0 tout environnement<\/strong> , parfait pour des d\u00e9corations \u00e9l\u00e9gantes et sophistiqu\u00e9es.<\/li>\n<\/ul>\n","protected":false},"excerpt":{"rendered":"<p>Bouquet de 5 tulipes EDG rose antique, \u00e0 l&rsquo;aspect raffin\u00e9 et naturel. Fabriqu\u00e9 avec des mat\u00e9riaux de haute qualit\u00e9, il ajoute une touche d&rsquo;\u00e9l\u00e9gance intemporelle \u00e0 n&rsquo;importe quel environnement. \ud83d\udccf H40 cm <\/p>\n","protected":false},"featured_media":170968,"comment_status":"open","ping_status":"closed","template":"","meta":{"_joinchat":[]},"pwb-brand":[1564],"product_brand":[],"product_cat":[2779,1467],"product_tag":[],"class_list":{"0":"post-171304","1":"product","2":"type-product","3":"status-publish","4":"has-post-thumbnail","6":"pwb-brand-edg-fr","7":"product_cat-tulipes","8":"product_cat-fleurs-et-plantes-artificielles","9":"pa_colore-rose-antique","11":"first","12":"instock","13":"taxable","14":"shipping-taxable","15":"purchasable","16":"product-type-simple"},"brands":[{"id":1564,"name":"EDG \u2013 Enzo De Gasperi","slug":"edg-fr"}],"_links":{"self":[{"href":"https:\/\/www.tendenzeshabbychic.it\/fr\/wp-json\/wp\/v2\/product\/171304","targetHints":{"allow":["GET"]}}],"collection":[{"href":"https:\/\/www.tendenzeshabbychic.it\/fr\/wp-json\/wp\/v2\/product"}],"about":[{"href":"https:\/\/www.tendenzeshabbychic.it\/fr\/wp-json\/wp\/v2\/types\/product"}],"replies":[{"embeddable":true,"href":"https:\/\/www.tendenzeshabbychic.it\/fr\/wp-json\/wp\/v2\/comments?post=171304"}],"wp:featuredmedia":[{"embeddable":true,"href":"https:\/\/www.tendenzeshabbychic.it\/fr\/wp-json\/wp\/v2\/media\/170968"}],"wp:attachment":[{"href":"https:\/\/www.tendenzeshabbychic.it\/fr\/wp-json\/wp\/v2\/media?parent=171304"}],"wp:term":[{"taxonomy":"pwb-brand","embeddable":true,"href":"https:\/\/www.tendenzeshabbychic.it\/fr\/wp-json\/wp\/v2\/pwb-brand?post=171304"},{"taxonomy":"product_brand","embeddable":true,"href":"https:\/\/www.tendenzeshabbychic.it\/fr\/wp-json\/wp\/v2\/product_brand?post=171304"},{"taxonomy":"product_cat","embeddable":true,"href":"https:\/\/www.tendenzeshabbychic.it\/fr\/wp-json\/wp\/v2\/product_cat?post=171304"},{"taxonomy":"product_tag","embeddable":true,"href":"https:\/\/www.tendenzeshabbychic.it\/fr\/wp-json\/wp\/v2\/product_tag?post=171304"}],"curies":[{"name":"wp","href":"https:\/\/api.w.org\/{rel}","templated":true}]}}