{"id":171020,"date":"2025-01-21T01:05:51","date_gmt":"2025-01-21T00:05:51","guid":{"rendered":"https:\/\/www.tendenzeshabbychic.it\/prodotto\/edg-succulente-avec-fleur-decheveria-18-cm-2-couleurs\/"},"modified":"2025-01-13T01:05:51","modified_gmt":"2025-01-13T00:05:51","slug":"edg-succulente-avec-fleur-decheveria-18-cm-2-couleurs","status":"publish","type":"product","link":"https:\/\/www.tendenzeshabbychic.it\/fr\/produit\/edg-succulente-avec-fleur-decheveria-18-cm-2-couleurs\/","title":{"rendered":"EDG Succulente avec Fleur d&rsquo;Echeveria 18 cm (2 couleurs)"},"content":{"rendered":"<p>La succulente avec fleur d&rsquo; EDG est un compl\u00e9ment d\u00e9coratif qui allie \u00e9l\u00e9gance et praticit\u00e9. Fabriqu\u00e9 avec des mat\u00e9riaux de haute qualit\u00e9, il pr\u00e9sente des feuilles aux contours bien d\u00e9finis et des p\u00e9tales r\u00e9alistes qui reproduisent fid\u00e8lement les nuances naturelles. Les deux variantes de couleurs, l&rsquo;une en rose intense et l&rsquo;autre rose multicolore et vert p\u00e2le, s&rsquo;adaptent parfaitement aux diff\u00e9rents styles d&rsquo;ameublement, du moderne au classique. Id\u00e9al pour enrichir les environnements tels que les salons, les bureaux ou les coins d\u00e9tente, en ajoutant une touche de fra\u00eecheur sans n\u00e9cessiter d&rsquo;entretien. <\/p>\n<ul>\n<li>Reproduction fid\u00e8le des nuances et des textures naturelles.<\/li>\n<li>Disponible en deux coloris : rose intense et rose multicolore et vert p\u00e2le.<\/li>\n<li>Hauteur optimale de 55 cm, parfaite pour les centres de table ou les coins d\u00e9coratifs.<\/li>\n<li>Facile \u00e0 placer dans diff\u00e9rents contextes d&rsquo;ameublement.<\/li>\n<li>Design raffin\u00e9 par EDG .<\/li>\n<\/ul>\n","protected":false},"excerpt":{"rendered":"<p>Succulente Echeveria artificielle raffin\u00e9e d&rsquo; EDG avec des d\u00e9tails soign\u00e9s et des couleurs r\u00e9alistes. Disponible en deux variantes, rose intense ou rose multicolore et vert p\u00e2le aux nuances naturelles, chaque plante est un choix parfait pour donner une touche d&rsquo;\u00e9l\u00e9gance aux espaces int\u00e9rieurs, parfaite pour compl\u00e9ter les d\u00e9corations florales. \ud83d\udccf Hauteur : 18 cm <\/p>\n","protected":false},"featured_media":171015,"comment_status":"open","ping_status":"closed","template":"","meta":{"_joinchat":[]},"pwb-brand":[1564],"product_brand":[],"product_cat":[3206,1467],"product_tag":[3285],"class_list":{"0":"post-171020","1":"product","2":"type-product","3":"status-publish","4":"has-post-thumbnail","6":"pwb-brand-edg-fr","7":"product_cat-plantes-succulentes","8":"product_cat-fleurs-et-plantes-artificielles","9":"product_tag-ventes","10":"pa_colore-multicolor-fr","11":"pa_colore-rose","13":"first","14":"instock","15":"sale","16":"taxable","17":"shipping-taxable","18":"purchasable","19":"product-type-variable"},"brands":[{"id":1564,"name":"EDG \u2013 Enzo De Gasperi","slug":"edg-fr"}],"_links":{"self":[{"href":"https:\/\/www.tendenzeshabbychic.it\/fr\/wp-json\/wp\/v2\/product\/171020","targetHints":{"allow":["GET"]}}],"collection":[{"href":"https:\/\/www.tendenzeshabbychic.it\/fr\/wp-json\/wp\/v2\/product"}],"about":[{"href":"https:\/\/www.tendenzeshabbychic.it\/fr\/wp-json\/wp\/v2\/types\/product"}],"replies":[{"embeddable":true,"href":"https:\/\/www.tendenzeshabbychic.it\/fr\/wp-json\/wp\/v2\/comments?post=171020"}],"wp:featuredmedia":[{"embeddable":true,"href":"https:\/\/www.tendenzeshabbychic.it\/fr\/wp-json\/wp\/v2\/media\/171015"}],"wp:attachment":[{"href":"https:\/\/www.tendenzeshabbychic.it\/fr\/wp-json\/wp\/v2\/media?parent=171020"}],"wp:term":[{"taxonomy":"pwb-brand","embeddable":true,"href":"https:\/\/www.tendenzeshabbychic.it\/fr\/wp-json\/wp\/v2\/pwb-brand?post=171020"},{"taxonomy":"product_brand","embeddable":true,"href":"https:\/\/www.tendenzeshabbychic.it\/fr\/wp-json\/wp\/v2\/product_brand?post=171020"},{"taxonomy":"product_cat","embeddable":true,"href":"https:\/\/www.tendenzeshabbychic.it\/fr\/wp-json\/wp\/v2\/product_cat?post=171020"},{"taxonomy":"product_tag","embeddable":true,"href":"https:\/\/www.tendenzeshabbychic.it\/fr\/wp-json\/wp\/v2\/product_tag?post=171020"}],"curies":[{"name":"wp","href":"https:\/\/api.w.org\/{rel}","templated":true}]}}